{"id":600,"date":"2023-10-07T00:09:51","date_gmt":"2023-10-06T22:09:51","guid":{"rendered":"https:\/\/istikametburasi.com\/?page_id=600"},"modified":"2024-12-27T21:44:18","modified_gmt":"2024-12-27T19:44:18","slug":"salzburg","status":"publish","type":"page","link":"https:\/\/istikametburasi.com\/index.php\/salzburg\/","title":{"rendered":"SALZBURG"},"content":{"rendered":"\n<figure class=\"is-layout-flex wp-block-gallery-1 wp-block-gallery has-nested-images columns-default is-cropped\">\n<figure class=\"wp-block-image size-large\"><img decoding=\"async\" data-id=\"1276\"  src=\"https:\/\/istikametburasi.com\/wp-content\/uploads\/2023\/10\/salzburg-2-1024x1024.png\" alt=\"\" class=\"wp-image-1276\"\/><\/figure>\n\n\n\n<figure class=\"wp-block-image size-large\"><img decoding=\"async\" loading=\"lazy\" width=\"1024\" height=\"1024\" data-id=\"1277\"  src=\"https:\/\/istikametburasi.com\/wp-content\/uploads\/2023\/10\/salzburg-3-1024x1024.png\" alt=\"\" class=\"wp-image-1277\" srcset=\"https:\/\/istikametburasi.com\/wp-content\/uploads\/2023\/10\/salzburg-3-1024x1024.png 1024w, https:\/\/istikametburasi.com\/wp-content\/uploads\/2023\/10\/salzburg-3-300x300.png 300w, https:\/\/istikametburasi.com\/wp-content\/uploads\/2023\/10\/salzburg-3-150x150.png 150w, https:\/\/istikametburasi.com\/wp-content\/uploads\/2023\/10\/salzburg-3-768x768.png 768w, https:\/\/istikametburasi.com\/wp-content\/uploads\/2023\/10\/salzburg-3.png 1080w\" sizes=\"(max-width: 1024px) 100vw, 1024px\" \/><\/figure>\n\n\n\n<figure class=\"wp-block-image size-large\"><img decoding=\"async\" loading=\"lazy\" width=\"1024\" height=\"1024\" data-id=\"1275\"  src=\"https:\/\/istikametburasi.com\/wp-content\/uploads\/2023\/10\/salzburg-1-1024x1024.png\" alt=\"\" class=\"wp-image-1275\" srcset=\"https:\/\/istikametburasi.com\/wp-content\/uploads\/2023\/10\/salzburg-1-1024x1024.png 1024w, https:\/\/istikametburasi.com\/wp-content\/uploads\/2023\/10\/salzburg-1-300x300.png 300w, https:\/\/istikametburasi.com\/wp-content\/uploads\/2023\/10\/salzburg-1-150x150.png 150w, https:\/\/istikametburasi.com\/wp-content\/uploads\/2023\/10\/salzburg-1-768x768.png 768w, https:\/\/istikametburasi.com\/wp-content\/uploads\/2023\/10\/salzburg-1.png 1080w\" sizes=\"(max-width: 1024px) 100vw, 1024px\" \/><\/figure>\n<\/figure>\n\n\n\n<p><strong>Salzburg: Mozart\u2019\u0131n \u015eehri ve Alp B\u00fcy\u00fcs\u00fc<\/strong><\/p>\n\n\n\n<p>Salzburg, Alpler\u2019in ete\u011finde, masals\u0131 atmosferiyle ziyaret\u00e7ilerini b\u00fcy\u00fcleyen bir \u015fehir. Barok mimarisi, m\u00fczik dolu ge\u00e7mi\u015fi ve nefes kesen manzaralar\u0131yla k\u00fclt\u00fcrel ve do\u011fal g\u00fczelliklerin kusursuz bir birle\u015fimini sunuyor. Mozart\u2019\u0131n do\u011fdu\u011fu yer olarak bilinen Salzburg, klasik m\u00fczi\u011fin yank\u0131land\u0131\u011f\u0131 sokaklar\u0131, tarihi yap\u0131lar\u0131 ve leziz tatl\u0131lar\u0131yla kendine hayran b\u0131rak\u0131yor. \u015eehirde dola\u015f\u0131rken bir yandan Orta \u00c7a\u011f\u2019\u0131n etkileyici havas\u0131n\u0131 hissederken, di\u011fer yandan b\u00fcy\u00fcleyici da\u011f manzaralar\u0131n\u0131n tad\u0131n\u0131 \u00e7\u0131karabilirsiniz. Salzburg, her ziyaret\u00e7isine kendine \u00f6zg\u00fc bir hikaye anlat\u0131yor. Viyana&#8217;ya k\u0131yasla daha k\u00fc\u00e7\u00fck bir \u015fehir, ke\u015ffetmesi daha rahat ve sakin diyebilirim.<\/p>\n\n\n\n<p><strong><mark style=\"background-color:rgba(0, 0, 0, 0)\" class=\"has-inline-color has-vivid-red-color\">Salzburg Yap\u0131lacaklar Listesi:<\/mark><\/strong><\/p>\n\n\n\n<p>\ud83c\udf33Mirabeli Bah\u00e7elerini gezin<br>\ud83c\udff0Salzburg Kalesi&#8217;ne \u00e7\u0131k\u0131n<br>\ud83e\udd67Salzburger Nockerl tatl\u0131s\u0131n\u0131 yiyin<br>\ud83c\udfb6Mozart Wohnhaus ziyaret edin<br>\ud83d\udcf8M\u00f6nchsberg&#8217;den&nbsp;\u015fehri foto\u011fraflay\u0131n<br>\ud83e\udd50Pretzel&#8217;i tad\u0131n<br>\u2728Hellbrunn Saray\u0131&#8217;na gidin<br>\ud83c\udfceHangar 7 m\u00fczesini g\u00f6r\u00fcn<br>\ud83d\udd14Salzburg Katedrali&#8217;ni&nbsp;gezin<br>\ud83e\udd6eStrudel tatl\u0131s\u0131n\u0131 deneyin<br>\u26f2\ufe0f\u015eehrin pop\u00fcler meydanlar\u0131n\u0131 gezin<br>\ud83c\udf6cMozart \u00c7ikolatalar\u0131 almay\u0131 unutmay\u0131n<\/p>\n\n\n\n<p>K\u0131sa notlar:<\/p>\n\n\n\n<p>\ud83d\udccdY\u00f6resel yemekleri tatman\u0131z i\u00e7in tavsiye edece\u011fim iki mekan; Die Weisse ve Pauli Stubm.<\/p>\n\n\n\n<p>\ud83d\ude89 Salzburg&#8217;a gitti\u011finiz zaman da Hallstatt&#8217;a u\u011frayabilirsiniz. Viyana notlar\u0131na da ayn\u0131 \u00f6neriyi eklemi\u015ftim, yani k\u0131sacas\u0131 Avusturya&#8217;ya gitti\u011finiz zaman mutlaka Hallstatt&#8217;a gidin. Salzburg Viyana&#8217;ya g\u00f6re daha yak\u0131n bir mesafede bulunuyor.<\/p>\n\n\n\n<p>\ud83d\udcf8 Mozartplatz, Residenzplatz ve Old Town gibi belli meydanlar var. Buralara mutlaka u\u011fray\u0131n, sokaklar\u0131nda y\u00fcr\u00fcmesi \u00e7ok keyifli. Ayr\u0131ca g\u00fczel foto\u011fraf kareleri de sunuyor.<\/p>\n\n\n\n<p>\ud83d\udccc A\u015fa\u011f\u0131da birka\u00e7 turistik durak i\u00e7in\u00a0<strong>k\u0131sa bilgileri<\/strong>\u00a0ekliyorum, \u015fehri gezerken bu duraklar\u0131n tarihi \u00f6nemi gibi detaylar\u0131 bulabilirsiniz.<\/p>\n\n\n\n<p><strong>A\u015fa\u011f\u0131da Salzburg seyahatinizde ihtiyac\u0131n\u0131z olabilecek Saray giri\u015f biletleri ve turlar i\u00e7in linkleri bulabilirsiniz<\/strong><\/p>\n\n\n\n<p><strong><a href=\"https:\/\/gyg.me\/RyAJajNx\" target=\"_blank\" rel=\"noreferrer noopener\"><mark style=\"background-color:rgba(0, 0, 0, 0)\" class=\"has-inline-color has-vivid-red-color\">SALZBURG&#8217;DAN HALLSTATT&#8217;A YARIM G\u00dcNL\u00dcK TUR<\/mark><\/a><\/strong><\/p>\n\n\n\n<p><a rel=\"noreferrer noopener\" href=\"https:\/\/gyg.me\/i0mtk6sx\" target=\"_blank\"><strong><mark style=\"background-color:rgba(0, 0, 0, 0)\" class=\"has-inline-color has-vivid-red-color\">MIRABELL SARAYINDA MOZART KONSER\u0130<\/mark><\/strong><\/a><\/p>\n\n\n\n<p>Salzburg ile ilgili t\u00fcm detaylar\u0131&nbsp;<a href=\"https:\/\/www.instagram.com\/istikametburasi\">Instagram profilimde<\/a>&nbsp;\u00f6ne \u00e7\u0131kanlar k\u0131sm\u0131ndaki \u201c\ud83c\udde6\ud83c\uddf9 Salzburg\u201d ba\u015fl\u0131\u011f\u0131 alt\u0131nda bulabilirsiniz.<\/p>\n","protected":false},"excerpt":{"rendered":"<p>Salzburg: Mozart\u2019\u0131n \u015eehri ve Alp B\u00fcy\u00fcs\u00fc Salzburg, Alpler\u2019in ete\u011finde, masals\u0131 atmosferiyle ziyaret\u00e7ilerini b\u00fcy\u00fcleyen bir \u015fehir. Barok mimarisi, m\u00fczik dolu ge\u00e7mi\u015fi<\/p>\n","protected":false},"author":1,"featured_media":0,"parent":0,"menu_order":0,"comment_status":"closed","ping_status":"closed","template":"","meta":{"om_disable_all_campaigns":false,"_mi_skip_tracking":false},"_links":{"self":[{"href":"https:\/\/istikametburasi.com\/index.php\/wp-json\/wp\/v2\/pages\/600"}],"collection":[{"href":"https:\/\/istikametburasi.com\/index.php\/wp-json\/wp\/v2\/pages"}],"about":[{"href":"https:\/\/istikametburasi.com\/index.php\/wp-json\/wp\/v2\/types\/page"}],"author":[{"embeddable":true,"href":"https:\/\/istikametburasi.com\/index.php\/wp-json\/wp\/v2\/users\/1"}],"replies":[{"embeddable":true,"href":"https:\/\/istikametburasi.com\/index.php\/wp-json\/wp\/v2\/comments?post=600"}],"version-history":[{"count":8,"href":"https:\/\/istikametburasi.com\/index.php\/wp-json\/wp\/v2\/pages\/600\/revisions"}],"predecessor-version":[{"id":2246,"href":"https:\/\/istikametburasi.com\/index.php\/wp-json\/wp\/v2\/pages\/600\/revisions\/2246"}],"wp:attachment":[{"href":"https:\/\/istikametburasi.com\/index.php\/wp-json\/wp\/v2\/media?parent=600"}],"curies":[{"name":"wp","href":"https:\/\/api.w.org\/{rel}","templated":true}]}}