{"id":602,"date":"2023-10-08T16:26:11","date_gmt":"2023-10-08T14:26:11","guid":{"rendered":"https:\/\/istikametburasi.com\/?page_id=602"},"modified":"2024-12-28T15:19:48","modified_gmt":"2024-12-28T13:19:48","slug":"ljubljana","status":"publish","type":"page","link":"https:\/\/istikametburasi.com\/index.php\/ljubljana\/","title":{"rendered":"LJUBLJANA"},"content":{"rendered":"\n<figure class=\"is-layout-flex wp-block-gallery-1 wp-block-gallery has-nested-images columns-default is-cropped\">\n<figure class=\"wp-block-image size-large\"><img decoding=\"async\" loading=\"lazy\" width=\"1024\" height=\"1024\" data-id=\"1329\"  src=\"https:\/\/istikametburasi.com\/wp-content\/uploads\/2023\/10\/ljubljana-1-1024x1024.png\" alt=\"\" class=\"wp-image-1329\" srcset=\"https:\/\/istikametburasi.com\/wp-content\/uploads\/2023\/10\/ljubljana-1-1024x1024.png 1024w, https:\/\/istikametburasi.com\/wp-content\/uploads\/2023\/10\/ljubljana-1-300x300.png 300w, https:\/\/istikametburasi.com\/wp-content\/uploads\/2023\/10\/ljubljana-1-150x150.png 150w, https:\/\/istikametburasi.com\/wp-content\/uploads\/2023\/10\/ljubljana-1-768x768.png 768w, https:\/\/istikametburasi.com\/wp-content\/uploads\/2023\/10\/ljubljana-1.png 1080w\" sizes=\"(max-width: 1024px) 100vw, 1024px\" \/><\/figure>\n\n\n\n<figure class=\"wp-block-image size-large\"><img decoding=\"async\" loading=\"lazy\" width=\"1024\" height=\"1024\" data-id=\"1328\"  src=\"https:\/\/istikametburasi.com\/wp-content\/uploads\/2023\/10\/ljubljana-4-1024x1024.png\" alt=\"\" class=\"wp-image-1328\" srcset=\"https:\/\/istikametburasi.com\/wp-content\/uploads\/2023\/10\/ljubljana-4-1024x1024.png 1024w, https:\/\/istikametburasi.com\/wp-content\/uploads\/2023\/10\/ljubljana-4-300x300.png 300w, https:\/\/istikametburasi.com\/wp-content\/uploads\/2023\/10\/ljubljana-4-150x150.png 150w, https:\/\/istikametburasi.com\/wp-content\/uploads\/2023\/10\/ljubljana-4-768x768.png 768w, https:\/\/istikametburasi.com\/wp-content\/uploads\/2023\/10\/ljubljana-4.png 1080w\" sizes=\"(max-width: 1024px) 100vw, 1024px\" \/><\/figure>\n\n\n\n<figure class=\"wp-block-image size-large\"><img decoding=\"async\" loading=\"lazy\" width=\"1006\" height=\"1006\" data-id=\"1327\"  src=\"https:\/\/istikametburasi.com\/wp-content\/uploads\/2023\/10\/ljubljana-5.png\" alt=\"\" class=\"wp-image-1327\" srcset=\"https:\/\/istikametburasi.com\/wp-content\/uploads\/2023\/10\/ljubljana-5.png 1006w, https:\/\/istikametburasi.com\/wp-content\/uploads\/2023\/10\/ljubljana-5-300x300.png 300w, https:\/\/istikametburasi.com\/wp-content\/uploads\/2023\/10\/ljubljana-5-150x150.png 150w, https:\/\/istikametburasi.com\/wp-content\/uploads\/2023\/10\/ljubljana-5-768x768.png 768w\" sizes=\"(max-width: 1006px) 100vw, 1006px\" \/><\/figure>\n<\/figure>\n\n\n\n<p><strong>Ljubljana: Avrupa\u2019n\u0131n En Sakin Ba\u015fkentlerinden Biri<\/strong><\/p>\n\n\n\n<p>Ljubljana, Slovenya\u2019n\u0131n b\u00fcy\u00fcleyici ve samimi ba\u015fkenti. K\u00fc\u00e7\u00fck ama etkileyici bu \u015fehir, tarihi, k\u00fclt\u00fcr\u00fc ve do\u011fas\u0131yla her ziyaret\u00e7iye kendine \u00f6zg\u00fc bir deneyim sunuyor. \u015eehir merkezinden ge\u00e7en Ljubljanica Nehri, k\u00f6pr\u00fcleri ve \u00e7evresindeki kafeleriyle adeta \u015fehrin kalbini olu\u015fturuyor. Ljubljana, sakin atmosferiyle b\u00fcy\u00fck \u015fehirlerin kaosundan uzak bir nefes alma f\u0131rsat\u0131 sunarken, ayn\u0131 zamanda renkli pazarlar\u0131, yarat\u0131c\u0131 sanat sahnesi ve lezzetli mutfa\u011f\u0131yla sizi ke\u015ffe davet ediyor. Bu \u015fehirde, hem huzuru hem de enerjiyi ayn\u0131 anda hissetmek m\u00fcmk\u00fcn.<\/p>\n\n\n\n<p>Ljubljana tam 1 g\u00fcnde gezip tamamlayabilece\u011finiz bir \u015fehir. Fakat Slovenya kesinlikle buradan ibaret de\u011fil, do\u011fas\u0131 ve g\u00f6lleriyle ke\u015ffedilmeye de\u011fer bir\u00e7ok dura\u011f\u0131 bulunuyor. \u015eimdi olas\u0131 Slovenya geziniz i\u00e7in t\u00fcm tavsiyelerimi ekliyorum, keyfili okumalar!<\/p>\n\n\n\n<p>\ud83d\udcb6 \u00d6ncelikle Slovenya&#8217;n\u0131n Avrupa&#8217;daki di\u011fer \u00fclkelere oranla \u00e7ok daha ucuz oldu\u011funu s\u00f6yleyebilirim. Yemekler konusunda bu zamana kadar gezdi\u011fim \u015fehirler aras\u0131nda en uygun fiyatl\u0131s\u0131yd\u0131. Ayr\u0131ca \u00fclkenin her noktas\u0131nda iyi seviyede \u0130ngilizce konu\u015fan insanlar\u0131n olmas\u0131 da mutlu etti, herkesle \u00e7ok rahat ileti\u015fim kurabiliyorsunuz.<\/p>\n\n\n\n<p>\ud83c\uddf8\ud83c\uddee \u00dclke gibi ba\u015fkenti de k\u00fc\u00e7\u00fck ama gezmesi \u00e7ok keyifli. Restoranlar\u0131, kafeleri ve barlar\u0131 ile \u00e7ok fazla se\u00e7enek sunuyor. Her yere y\u00fcr\u00fcyerek gidebilir ve birbirinden g\u00fczel atmosferleri ke\u015ffedebilirsiniz.<\/p>\n\n\n\n<p>\ud83d\uddfa Slovenya\u2019ya sadece Ljubljana\u2019y\u0131 gezmek i\u00e7in giderseniz pek de be\u011fenmeden d\u00f6nebilirsiniz, ben \u015fehri de \u00e7ok be\u011fendim o ayr\u0131. Fakat \u00e7ok k\u00fc\u00e7\u00fck bir yer oldu\u011fu i\u00e7in sadece u\u00e7akla buraya gelip d\u00f6nenlerin kafas\u0131nda Slovenya pek etkileyici ve g\u00f6rmeye de\u011fer bir \u00fclke olarak kalm\u0131yor.<\/p>\n\n\n\n<p>\ud83d\udece Ljubljana&#8217;da Fuzzy Log isimli bir hostelde kald\u0131k, ama gerek odalar\u0131 ve tuvaletleri gerekse de ortak alanlar\u0131 ile bir\u00e7ok otelden daha kaliteliydi. Mutlaka gitti\u011finizde burada kalman\u0131z\u0131 \u00f6neririm, hem ucuz hem de kaliteli bir konaklamayd\u0131. Ki\u015fi ba\u015f\u0131 \u00fccreti 13\u20ac idi. <\/p>\n\n\n\n<p>\ud83e\udd6f Hostelin hemen kar\u015f\u0131s\u0131nda bir b\u00f6rek\u00e7i var, Instagram&#8217;da takip ediyorsan\u0131z hikayelerimden hat\u0131rlayabilirsiniz, 3\u20ac&#8217;ya kocaman ve \u00e7ok lezzetli b\u00f6rek yiyebilirsiniz. Kahvalt\u0131 olarak genelde bunu tercih etmi\u015ftik \ud83d\ude42<\/p>\n\n\n\n<p>\ud83c\udfde Ljubljana&#8217;ya gitmi\u015fken Bled&#8217;e u\u011framadan sak\u0131n d\u00f6nmeyin. Bled G\u00f6l\u00fc&#8217;n\u00fcn muhte\u015fem atmosferine ve manzaras\u0131na hayran kalacaks\u0131n\u0131z. Burada kay\u0131k kiralayarak veya kalabal\u0131k gruplar\u0131 g\u00f6t\u00fcren teknelere kat\u0131larak adaya ula\u015fabilirsiniz. Bence kay\u0131k kiralay\u0131p keyfini s\u00fcrerek gidin, biz \u00f6yle yapt\u0131k \u00e7ok da keyif ald\u0131k. B\u00fcy\u00fck kay\u0131\u011f\u0131n saatli\u011fi 20\u20ac, 4 ki\u015fi oldu\u011fumuz i\u00e7in ki\u015fi ba\u015f\u0131 5\u20ac \u00f6deyerek kiralad\u0131k.<\/p>\n\n\n\n<p>\ud83c\udfe1 Ljubljana &#8211; Bled aras\u0131 araba ile 40 dakika s\u00fcr\u00fcyor ama biz Bled&#8217;e gittikten sonra Ljubljana&#8217;ya d\u00f6nmek yerine Bled yak\u0131n\u0131nda bir evde kalal\u0131m dedik. Bu evi Airbnb&#8217;den kiralam\u0131\u015ft\u0131k ve gecelik \u00fccreti 150\u20ac, ev 4 ki\u015fi i\u00e7in ideal yani ki\u015fi ba\u015f\u0131 geceli\u011fi 37,5\u20ac yap\u0131yor. Ev &#8220;Apartment Marjetka&#8221; olarak ge\u00e7iyor, Airbnb&#8217;de bu \u015fekilde arat\u0131rsan\u0131z bulabilirsiniz.<\/p>\n\n\n\n<p>\u015eimdi \u00f6zel bir tavsiyeyle gelece\u011fim, daha \u00f6nce buray\u0131 tavsiye eden veya u\u011frayan bir T\u00fcrk gezgin oldu\u011funu da sanm\u0131yorum \ud83d\ude42<\/p>\n\n\n\n<p>\u26ea\ufe0fYabanc\u0131 filmlerde veya dizilerde g\u00f6rm\u00fc\u015f\u00fczd\u00fcr, hi\u00e7li\u011fin ortas\u0131nda k\u00fc\u00e7\u00fck bir kilise ve \u00e7evre k\u00f6ylerde ya\u015fay\u0131p oraya giden insanlar. <strong>St. Primo\u017e ve Felicijan Kilisesi<\/strong> de benzeri bir konumda diyebilirim. \u00dcstelik bu sefer film veya dizide de\u011fil, canl\u0131 canl\u0131 g\u00f6rd\u00fcm \ud83e\udd29 Yukar\u0131da da bahsetti\u011fim gibi Slovenya&#8217;da araba kiralayarak gezmek \u00e7ok daha mant\u0131kl\u0131 \u00e7\u00fcnk\u00fc her an kar\u015f\u0131n\u0131za e\u015fsiz g\u00fczellikte manzaralar \u00e7\u0131kabiliyor. Bunlardan bir tanesi de Ljubljana\u2019dan Bled\u2019e giderken yol \u00fczerinde denk geldi\u011fimiz bu kilise oldu.<\/p>\n\n\n\n<p>\ud83d\udc86\ud83c\udffb\u200d\u2642\ufe0fGitti\u011fimiz s\u0131rada, k\u00f6pekleriyle y\u00fcr\u00fcy\u00fc\u015f yapanlar ve ailesiyle kiliseyi ziyaret edenler harici kimse yoktu. Bu bahsetti\u011fim say\u0131 da 5 ki\u015fiden ibaretti ve bu insanlar kilisenin yak\u0131n\u0131nda bulunan ve 42 haneli olan k\u00f6yde ya\u015fayan insanlar. Herkes gittikten sonra ortaya \u00e7\u0131kan sessizlik ve etkileyici atmosfer buraya hayran kalmama yetti.<\/p>\n\n\n\n<figure class=\"wp-block-image size-large is-resized\"><img decoding=\"async\" loading=\"lazy\" src=\"https:\/\/istikametburasi.com\/wp-content\/uploads\/2023\/10\/ljubljana-3-1-1024x1024.png\" alt=\"\" class=\"wp-image-1331\" width=\"315\" height=\"315\" srcset=\"https:\/\/istikametburasi.com\/wp-content\/uploads\/2023\/10\/ljubljana-3-1-1024x1024.png 1024w, https:\/\/istikametburasi.com\/wp-content\/uploads\/2023\/10\/ljubljana-3-1-300x300.png 300w, https:\/\/istikametburasi.com\/wp-content\/uploads\/2023\/10\/ljubljana-3-1-150x150.png 150w, https:\/\/istikametburasi.com\/wp-content\/uploads\/2023\/10\/ljubljana-3-1-768x768.png 768w, https:\/\/istikametburasi.com\/wp-content\/uploads\/2023\/10\/ljubljana-3-1.png 1080w\" sizes=\"(max-width: 315px) 100vw, 315px\" \/><figcaption class=\"wp-element-caption\">\ud83d\udccdSlovenya\u2019ya gitti\u011finizde bu kiliseyi de g\u00f6rmek isterseniz, adresi:<br>4201 Jamnik, Slovenya<\/figcaption><\/figure>\n\n\n\n<p>Bahsetti\u011fim evin ve hostelin daha detayl\u0131 videolar\u0131 ve di\u011fer t\u00fcm bilgileri <a href=\"https:\/\/www.instagram.com\/istikametburasi\" data-type=\"URL\" data-id=\"https:\/\/www.instagram.com\/istikametburasi\">Instagram profilimde<\/a> \u00f6ne \u00e7\u0131kanlar k\u0131sm\u0131ndaki &#8220;\ud83c\uddf8\ud83c\uddee Ljubljana&#8221; ba\u015fl\u0131\u011f\u0131 alt\u0131nda bulabilirsiniz.<\/p>\n\n\n\n<p><\/p>\n","protected":false},"excerpt":{"rendered":"<p>Ljubljana: Avrupa\u2019n\u0131n En Sakin Ba\u015fkentlerinden Biri Ljubljana, Slovenya\u2019n\u0131n b\u00fcy\u00fcleyici ve samimi ba\u015fkenti. K\u00fc\u00e7\u00fck ama etkileyici bu \u015fehir, tarihi, k\u00fclt\u00fcr\u00fc ve<\/p>\n","protected":false},"author":1,"featured_media":0,"parent":0,"menu_order":0,"comment_status":"closed","ping_status":"closed","template":"","meta":{"om_disable_all_campaigns":false,"_mi_skip_tracking":false},"_links":{"self":[{"href":"https:\/\/istikametburasi.com\/index.php\/wp-json\/wp\/v2\/pages\/602"}],"collection":[{"href":"https:\/\/istikametburasi.com\/index.php\/wp-json\/wp\/v2\/pages"}],"about":[{"href":"https:\/\/istikametburasi.com\/index.php\/wp-json\/wp\/v2\/types\/page"}],"author":[{"embeddable":true,"href":"https:\/\/istikametburasi.com\/index.php\/wp-json\/wp\/v2\/users\/1"}],"replies":[{"embeddable":true,"href":"https:\/\/istikametburasi.com\/index.php\/wp-json\/wp\/v2\/comments?post=602"}],"version-history":[{"count":7,"href":"https:\/\/istikametburasi.com\/index.php\/wp-json\/wp\/v2\/pages\/602\/revisions"}],"predecessor-version":[{"id":2248,"href":"https:\/\/istikametburasi.com\/index.php\/wp-json\/wp\/v2\/pages\/602\/revisions\/2248"}],"wp:attachment":[{"href":"https:\/\/istikametburasi.com\/index.php\/wp-json\/wp\/v2\/media?parent=602"}],"curies":[{"name":"wp","href":"https:\/\/api.w.org\/{rel}","templated":true}]}}