{"id":606,"date":"2023-10-08T17:11:31","date_gmt":"2023-10-08T15:11:31","guid":{"rendered":"https:\/\/istikametburasi.com\/?page_id=606"},"modified":"2024-12-28T21:35:05","modified_gmt":"2024-12-28T19:35:05","slug":"porto","status":"publish","type":"page","link":"https:\/\/istikametburasi.com\/index.php\/porto\/","title":{"rendered":"PORTO"},"content":{"rendered":"\n<figure class=\"is-layout-flex wp-block-gallery-1 wp-block-gallery has-nested-images columns-default is-cropped\">\n<figure class=\"wp-block-image size-large\"><img decoding=\"async\" loading=\"lazy\" width=\"1024\" height=\"1024\" data-id=\"1348\"  src=\"https:\/\/istikametburasi.com\/wp-content\/uploads\/2023\/10\/porto-3-1024x1024.png\" alt=\"\" class=\"wp-image-1348\" srcset=\"https:\/\/istikametburasi.com\/wp-content\/uploads\/2023\/10\/porto-3-1024x1024.png 1024w, https:\/\/istikametburasi.com\/wp-content\/uploads\/2023\/10\/porto-3-300x300.png 300w, https:\/\/istikametburasi.com\/wp-content\/uploads\/2023\/10\/porto-3-150x150.png 150w, https:\/\/istikametburasi.com\/wp-content\/uploads\/2023\/10\/porto-3-768x768.png 768w, https:\/\/istikametburasi.com\/wp-content\/uploads\/2023\/10\/porto-3.png 1080w\" sizes=\"(max-width: 1024px) 100vw, 1024px\" \/><\/figure>\n\n\n\n<figure class=\"wp-block-image size-large\"><img decoding=\"async\" loading=\"lazy\" width=\"1024\" height=\"1024\" data-id=\"1347\"  src=\"https:\/\/istikametburasi.com\/wp-content\/uploads\/2023\/10\/porto-1-1-1024x1024.png\" alt=\"\" class=\"wp-image-1347\" srcset=\"https:\/\/istikametburasi.com\/wp-content\/uploads\/2023\/10\/porto-1-1-1024x1024.png 1024w, https:\/\/istikametburasi.com\/wp-content\/uploads\/2023\/10\/porto-1-1-300x300.png 300w, https:\/\/istikametburasi.com\/wp-content\/uploads\/2023\/10\/porto-1-1-150x150.png 150w, https:\/\/istikametburasi.com\/wp-content\/uploads\/2023\/10\/porto-1-1-768x768.png 768w, https:\/\/istikametburasi.com\/wp-content\/uploads\/2023\/10\/porto-1-1.png 1080w\" sizes=\"(max-width: 1024px) 100vw, 1024px\" \/><figcaption class=\"wp-element-caption\">Pastel de Nata<\/figcaption><\/figure>\n\n\n\n<figure class=\"wp-block-image size-large\"><img decoding=\"async\" loading=\"lazy\" width=\"1024\" height=\"1024\" data-id=\"1346\"  src=\"https:\/\/istikametburasi.com\/wp-content\/uploads\/2023\/10\/porto-4-1024x1024.png\" alt=\"\" class=\"wp-image-1346\" srcset=\"https:\/\/istikametburasi.com\/wp-content\/uploads\/2023\/10\/porto-4-1024x1024.png 1024w, https:\/\/istikametburasi.com\/wp-content\/uploads\/2023\/10\/porto-4-300x300.png 300w, https:\/\/istikametburasi.com\/wp-content\/uploads\/2023\/10\/porto-4-150x150.png 150w, https:\/\/istikametburasi.com\/wp-content\/uploads\/2023\/10\/porto-4-768x768.png 768w, https:\/\/istikametburasi.com\/wp-content\/uploads\/2023\/10\/porto-4.png 1080w\" sizes=\"(max-width: 1024px) 100vw, 1024px\" \/><\/figure>\n<\/figure>\n\n\n\n<p><strong>Porto: Douro Nehri\u2019nin \u0130ncisi<\/strong><\/p>\n\n\n\n<p>Porto, b\u00fcy\u00fcleyici manzaralar\u0131, tarihi dokusu ve lezzetli Porto \u015faraplar\u0131yla unutulmaz bir \u015fehir. Darac\u0131k sokaklar\u0131, rengarenk binalar\u0131 ve Douro Nehri\u2019nin muhte\u015fem g\u00f6r\u00fcnt\u00fcs\u00fcyle ziyaret\u00e7ilerini kendine hayran b\u0131rak\u0131yor. \u015eehir, \u015farap mahzenlerinden g\u00f6rkemli k\u00f6pr\u00fclerine, me\u015fhur Francesinha sandvi\u00e7inden geleneksel Fado m\u00fczi\u011fine kadar dolu dolu bir deneyim sunuyor. Porto\u2019da, hem Portekiz\u2019in ge\u00e7mi\u015fine bir yolculuk yapacak hem de modern y\u00fcz\u00fcn\u00fc ke\u015ffedeceksiniz.<\/p>\n\n\n\n<p>Portekiz&#8217;in g\u00fczide \u015fehirlerinin ba\u015f\u0131nda gelen Porto&#8217;yu ke\u015ffetmek ve tad\u0131na varmak i\u00e7in <strong>2-3 tam g\u00fcn<\/strong> ay\u0131rsan\u0131z yeterli olacakt\u0131r.<\/p>\n\n\n\n<p><strong><mark style=\"background-color:rgba(0, 0, 0, 0)\" class=\"has-inline-color has-vivid-red-color\">Porto Yap\u0131lacaklar Listesi:<\/mark><\/strong><\/p>\n\n\n\n<p>\ud83d\udef6Tekne turlar\u0131 ile \u015fehri izleyin<br>\ud83d\udea0Teleferik ile manzaran\u0131n tad\u0131na var\u0131n<br>\ud83d\udee2\u015earap mahzenlerini gezin<br>\ud83e\udd6eManteigaria\u2019da Pastel de Nata yiyin<br>\ud83d\udcdaLivraria Lello kitap\u00e7\u0131s\u0131n\u0131 gezin<br>\ud83d\ude82Sao Bento \u0130stasyonu\u2019nu mutlaka g\u00f6r\u00fcn<br>\ud83d\udc63I.Luis K\u00f6pr\u00fcs\u00fc\u2019nde y\u00fcr\u00fcy\u00fcn<br>\ud83c\udf7dDouro nehrine kar\u015f\u0131 yemek yiyin<br>\ud83d\udd14Porto Katedrali\u2019ni ke\u015ffedin<br>\u26ea\ufe0fSanta Clara Kilisesi\u2019ni gezin<br>\ud83c\udfb7Fado gecesine kat\u0131l\u0131n<br>\ud83c\udf64\u015eehre \u00f6zg\u00fc deniz \u00fcr\u00fcnlerini tad\u0131n<br>\u2615\ufe0fMajestic Cafe\u2019de kahve i\u00e7in<br>\ud83e\udd58Taberna Dos Mercadores\u2019de y\u00f6resel lezzetleri yiyin<br>\ud83e\udd6aFrancesinha\u2019n\u0131n tad\u0131na bak\u0131n<br>\ud83c\udf77Porto \u015earab\u0131\u2019ndan i\u00e7in<\/p>\n\n\n\n<p>Porto&#8217;ya gitti\u011finiz zaman ekstra 1 g\u00fcn\u00fcn\u00fcz varsa mutlaka Fadima&#8217;ya gitmenizi \u00f6neririm, olduk\u00e7a etkileyici bir hikayesi ve mimarisi olan bir \u015fehir. T\u00fcm detaylar\u0131 Portekiz ba\u015fl\u0131\u011f\u0131 alt\u0131ndaki Fadima yaz\u0131s\u0131nda bulabilirsiniz.<\/p>\n\n\n\n<p>\ud83d\udccc A\u015fa\u011f\u0131da birka\u00e7 turistik durak i\u00e7in\u00a0<strong>k\u0131sa bilgileri<\/strong>\u00a0ekliyorum, \u015fehri gezerken bu duraklar\u0131n tarihi \u00f6nemi gibi detaylar\u0131 bulabilirsiniz.<\/p>\n\n\n\n<p><strong>\ud83d\udef6 Tekne Turlar\u0131<\/strong><\/p>\n\n\n\n<p>Douro Nehri\u2019nde yap\u0131lan geleneksel \u201cRabelo\u201d tekne turlar\u0131, Porto\u2019nun en g\u00fczel manzaralar\u0131n\u0131 g\u00f6rmek i\u00e7in m\u00fckemmel bir f\u0131rsat. Bu turlar s\u0131ras\u0131nda, \u015fehirdeki alt\u0131 farkl\u0131 k\u00f6pr\u00fcy\u00fc ve k\u0131y\u0131lardaki renkli binalar\u0131 izleyebilirsiniz. Nehirden bak\u0131ld\u0131\u011f\u0131nda, Porto\u2019nun tarihi ve do\u011fal g\u00fczelliklerini bir arada g\u00f6rmenin tad\u0131n\u0131 \u00e7\u0131karacaks\u0131n\u0131z. \u00d6zellikle g\u00fcn bat\u0131m\u0131 saatlerinde yap\u0131lan turlar, romantik ve unutulmaz bir deneyim sunuyor.<\/p>\n\n\n\n<p><strong>\ud83d\ude82 S\u00e3o Bento \u0130stasyonu<\/strong><\/p>\n\n\n\n<p>S\u00e3o Bento \u0130stasyonu, Porto\u2019nun sadece bir tren istasyonu de\u011fil, ayn\u0131 zamanda bir sanat \u015faheseri. 20. y\u00fczy\u0131l\u0131n ba\u015f\u0131nda in\u015fa edilen istasyonun i\u00e7indeki devasa fayans paneller, Portekiz tarihinden sahneler anlat\u0131yor. 20 binden fazla mavi-beyaz fayansla kapl\u0131 bu duvarlar, istasyonu ziyaret eden herkesi b\u00fcy\u00fcl\u00fcyor. \u0130ster bir tren yolculu\u011funa ba\u015flay\u0131n ister sadece foto\u011fraf \u00e7ekmek i\u00e7in u\u011fray\u0131n, S\u00e3o Bento unutulmaz bir durak.<\/p>\n\n\n\n<p><strong>\ud83d\udcda Livraria Lello<\/strong><\/p>\n\n\n\n<p>Livraria Lello, d\u00fcnyan\u0131n en g\u00fczel kitap\u00e7\u0131lar\u0131ndan biri olarak tan\u0131n\u0131yor. Gotik ve Art Nouveau tarz\u0131nda in\u015fa edilmi\u015f olan bu tarihi kitap\u00e7\u0131, b\u00fcy\u00fcleyici bir atmosfer sunuyor. Harry Potter serisinin yazar\u0131 J.K. Rowling\u2019in burada ilham ald\u0131\u011f\u0131 s\u00f6yleniyor. Spiral merdiveni ve vitray tavan\u0131, buray\u0131 hem edebiyat hem de mimari merakl\u0131lar\u0131 i\u00e7in \u00f6zel bir yer yap\u0131yor. Kitap\u00e7\u0131da zaman ge\u00e7irmek, bir hikayenin i\u00e7inde kaybolmu\u015f gibi hissettirecek.<\/p>\n\n\n\n<p><strong>\ud83d\udee2 \u015earap Mahzenleri<\/strong><\/p>\n\n\n\n<p>Porto, ad\u0131n\u0131 verdi\u011fi \u00fcnl\u00fc Porto \u015faraplar\u0131yla tan\u0131n\u0131yor. Douro Nehri\u2019nin kar\u015f\u0131 yakas\u0131nda, Vila Nova de Gaia b\u00f6lgesinde yer alan \u015farap mahzenleri, bu tatl\u0131 \u015faraplar\u0131n \u00fcretim s\u00fcre\u00e7lerini g\u00f6rmek i\u00e7in harika bir yer. Rehberli turlara kat\u0131larak \u015farab\u0131n tarihini \u00f6\u011frenebilir ve farkl\u0131 t\u00fcrleri tadabilirsiniz. Porto \u015faraplar\u0131, hem tatl\u0131 hem de g\u00fc\u00e7l\u00fc aromalar\u0131yla damaklar\u0131n\u0131zda unutulmaz bir iz b\u0131rakacak.<\/p>\n\n\n\n<p><strong>\ud83d\udc63 I.Luis K\u00f6pr\u00fcs\u00fc<\/strong><\/p>\n\n\n\n<p>I.Luis K\u00f6pr\u00fcs\u00fc, Porto\u2019nun en ikonik yap\u0131lar\u0131ndan biri. 1886\u2019da in\u015fa edilen bu \u00e7elik k\u00f6pr\u00fc, Gustave Eiffel\u2019in bir \u00f6\u011frencisi taraf\u0131ndan tasarlanm\u0131\u015f. \u00dcst kat\u0131ndan y\u00fcr\u00fcyerek \u015fehrin ve Douro Nehri\u2019nin muhte\u015fem manzaras\u0131n\u0131n tad\u0131n\u0131 \u00e7\u0131karabilirsiniz. \u00d6zellikle ak\u015fam saatlerinde \u0131\u015f\u0131kland\u0131r\u0131lm\u0131\u015f haliyle k\u00f6pr\u00fc, romantik bir y\u00fcr\u00fcy\u00fc\u015f i\u00e7in ideal bir nokta.<\/p>\n\n\n\n<p><strong>\ud83e\udd6a Francesinha<\/strong><\/p>\n\n\n\n<p>Porto\u2019ya gelip Francesinha\u2019y\u0131 tatmadan d\u00f6nmek olmaz! Bu \u00fcnl\u00fc sandvi\u00e7, kat kat yerle\u015ftirilmi\u015f et, sosis, jambon ve erimi\u015f peynirle haz\u0131rlan\u0131yor ve \u00f6zel bir domates-bira sosuyla servis ediliyor. Yan\u0131nda patates k\u0131zartmas\u0131 ve bir bardak Porto \u015farab\u0131yla tad\u0131 daha da \u00f6zel hale geliyor. Taberna Dos Mercadores gibi \u015fehrin pop\u00fcler restoranlar\u0131nda bu lezzeti mutlaka deneyin.<\/p>\n\n\n\n<p><strong>\ud83d\udd14 Porto Katedrali<\/strong><\/p>\n\n\n\n<p>Porto Katedrali (S\u00e9 do Porto), \u015fehrin en eski yap\u0131lar\u0131ndan biri ve tarihi dokusuyla b\u00fcy\u00fcleyici. Katedral, Romanesk, Gotik ve Barok tarzlar\u0131n\u0131n bir arada bulundu\u011fu e\u015fsiz bir mimariye sahip. Avlusunda dola\u015f\u0131rken Porto\u2019nun tarihiyle ba\u011flant\u0131 kurabilir, teras\u0131ndan Douro Nehri\u2019nin nefes kesen manzaras\u0131n\u0131 izleyebilirsiniz.<\/p>\n\n\n\n<p><strong>\ud83c\udfb7 Fado Gecesi<\/strong><\/p>\n\n\n\n<p>Portekiz\u2019in melankolik m\u00fczi\u011fi Fado, Porto\u2019da da unutulmaz bir deneyim sunuyor. \u015eehirdeki k\u00fc\u00e7\u00fck restoranlarda d\u00fczenlenen Fado geceleri, geleneksel gitar e\u015fli\u011finde s\u00f6ylenen bu i\u00e7ten \u015fark\u0131lar\u0131 dinlemek i\u00e7in harika bir f\u0131rsat. Fado, Portekiz ruhunu anlaman\u0131n en etkileyici yollar\u0131ndan biri.<\/p>\n\n\n\n<p><strong>\u2615\ufe0f Majestic Cafe<\/strong><\/p>\n\n\n\n<p>Majestic Cafe, Porto\u2019nun en \u00fcnl\u00fc kafelerinden biri. 1921 y\u0131l\u0131nda a\u00e7\u0131lan bu kafe, Art Nouveau tarz\u0131ndaki dekorasyonu ve tarihi atmosferiyle dikkat \u00e7ekiyor. Burada bir kahve i\u00e7ip yan\u0131nda lezzetli bir tatl\u0131 sipari\u015f ederek, zamanda yolculuk yapm\u0131\u015f gibi hissedebilirsiniz. Kafe, \u015fehrin en pop\u00fcler noktalar\u0131ndan biri.<\/p>\n\n\n\n<p>Daha detayl\u0131 Porto hikayeleri i\u00e7in <a rel=\"noreferrer noopener\" href=\"https:\/\/www.instagram.com\/istikametburasi?img_index=1\" data-type=\"URL\" data-id=\"https:\/\/www.instagram.com\/istikametburasi?img_index=1\" target=\"_blank\">Instagram profilimde<\/a> \u00f6ne \u00e7\u0131kan \u201c\ud83c\uddf5\ud83c\uddf9 Porto\u201d ba\u015fl\u0131kl\u0131 hikayelere bakabilirsiniz.<\/p>\n","protected":false},"excerpt":{"rendered":"<p>Porto: Douro Nehri\u2019nin \u0130ncisi Porto, b\u00fcy\u00fcleyici manzaralar\u0131, tarihi dokusu ve lezzetli Porto \u015faraplar\u0131yla unutulmaz bir \u015fehir. Darac\u0131k sokaklar\u0131, rengarenk binalar\u0131<\/p>\n","protected":false},"author":1,"featured_media":0,"parent":0,"menu_order":0,"comment_status":"closed","ping_status":"closed","template":"","meta":{"om_disable_all_campaigns":false,"_mi_skip_tracking":false},"_links":{"self":[{"href":"https:\/\/istikametburasi.com\/index.php\/wp-json\/wp\/v2\/pages\/606"}],"collection":[{"href":"https:\/\/istikametburasi.com\/index.php\/wp-json\/wp\/v2\/pages"}],"about":[{"href":"https:\/\/istikametburasi.com\/index.php\/wp-json\/wp\/v2\/types\/page"}],"author":[{"embeddable":true,"href":"https:\/\/istikametburasi.com\/index.php\/wp-json\/wp\/v2\/users\/1"}],"replies":[{"embeddable":true,"href":"https:\/\/istikametburasi.com\/index.php\/wp-json\/wp\/v2\/comments?post=606"}],"version-history":[{"count":6,"href":"https:\/\/istikametburasi.com\/index.php\/wp-json\/wp\/v2\/pages\/606\/revisions"}],"predecessor-version":[{"id":2273,"href":"https:\/\/istikametburasi.com\/index.php\/wp-json\/wp\/v2\/pages\/606\/revisions\/2273"}],"wp:attachment":[{"href":"https:\/\/istikametburasi.com\/index.php\/wp-json\/wp\/v2\/media?parent=606"}],"curies":[{"name":"wp","href":"https:\/\/api.w.org\/{rel}","templated":true}]}}