{"id":610,"date":"2023-10-08T23:16:19","date_gmt":"2023-10-08T21:16:19","guid":{"rendered":"https:\/\/istikametburasi.com\/?page_id=610"},"modified":"2024-12-28T22:36:39","modified_gmt":"2024-12-28T20:36:39","slug":"granada","status":"publish","type":"page","link":"https:\/\/istikametburasi.com\/index.php\/granada\/","title":{"rendered":"GRANADA"},"content":{"rendered":"\n<figure class=\"is-layout-flex wp-block-gallery-1 wp-block-gallery has-nested-images columns-default is-cropped\">\n<figure class=\"wp-block-image size-large\"><img decoding=\"async\" loading=\"lazy\" width=\"1024\" height=\"1024\" data-id=\"1367\"  src=\"https:\/\/istikametburasi.com\/wp-content\/uploads\/2023\/10\/granada-4-1024x1024.png\" alt=\"\" class=\"wp-image-1367\" srcset=\"https:\/\/istikametburasi.com\/wp-content\/uploads\/2023\/10\/granada-4-1024x1024.png 1024w, https:\/\/istikametburasi.com\/wp-content\/uploads\/2023\/10\/granada-4-300x300.png 300w, https:\/\/istikametburasi.com\/wp-content\/uploads\/2023\/10\/granada-4-150x150.png 150w, https:\/\/istikametburasi.com\/wp-content\/uploads\/2023\/10\/granada-4-768x768.png 768w, https:\/\/istikametburasi.com\/wp-content\/uploads\/2023\/10\/granada-4.png 1080w\" sizes=\"(max-width: 1024px) 100vw, 1024px\" \/><\/figure>\n\n\n\n<figure class=\"wp-block-image size-large\"><img decoding=\"async\" loading=\"lazy\" width=\"1024\" height=\"1024\" data-id=\"1366\"  src=\"https:\/\/istikametburasi.com\/wp-content\/uploads\/2023\/10\/granada-6-1024x1024.png\" alt=\"\" class=\"wp-image-1366\" srcset=\"https:\/\/istikametburasi.com\/wp-content\/uploads\/2023\/10\/granada-6-1024x1024.png 1024w, https:\/\/istikametburasi.com\/wp-content\/uploads\/2023\/10\/granada-6-300x300.png 300w, https:\/\/istikametburasi.com\/wp-content\/uploads\/2023\/10\/granada-6-150x150.png 150w, https:\/\/istikametburasi.com\/wp-content\/uploads\/2023\/10\/granada-6-768x768.png 768w, https:\/\/istikametburasi.com\/wp-content\/uploads\/2023\/10\/granada-6.png 1080w\" sizes=\"(max-width: 1024px) 100vw, 1024px\" \/><\/figure>\n\n\n\n<figure class=\"wp-block-image size-large\"><img decoding=\"async\" loading=\"lazy\" width=\"1024\" height=\"1024\" data-id=\"1368\"  src=\"https:\/\/istikametburasi.com\/wp-content\/uploads\/2023\/10\/granada-5-1024x1024.png\" alt=\"\" class=\"wp-image-1368\" srcset=\"https:\/\/istikametburasi.com\/wp-content\/uploads\/2023\/10\/granada-5-1024x1024.png 1024w, https:\/\/istikametburasi.com\/wp-content\/uploads\/2023\/10\/granada-5-300x300.png 300w, https:\/\/istikametburasi.com\/wp-content\/uploads\/2023\/10\/granada-5-150x150.png 150w, https:\/\/istikametburasi.com\/wp-content\/uploads\/2023\/10\/granada-5-768x768.png 768w, https:\/\/istikametburasi.com\/wp-content\/uploads\/2023\/10\/granada-5.png 1080w\" sizes=\"(max-width: 1024px) 100vw, 1024px\" \/><\/figure>\n<\/figure>\n\n\n\n<p><strong>Granada: End\u00fcl\u00fcs\u2019\u00fcn Kalbi<\/strong><\/p>\n\n\n\n<p>Granada, zengin tarihi, etkileyici mimarisi ve b\u00fcy\u00fcleyici k\u00fclt\u00fcr\u00fcyle \u0130spanya\u2019n\u0131n en \u00f6zel \u015fehirlerinden biri. End\u00fcl\u00fcs\u2019\u00fcn incisi olarak bilinen bu \u015fehir, M\u00fcsl\u00fcman, Hristiyan ve Yahudi k\u00fclt\u00fcrlerinin bir arada \u015fekillendirdi\u011fi b\u00fcy\u00fcleyici bir atmosfere sahip. Alhambra Saray\u0131\u2019n\u0131n g\u00f6rkemi, Albaicin\u2019in dar sokaklar\u0131 ve Sacromonte\u2019nin Flamenko ritimleri Granada\u2019y\u0131 ziyaret eden herkesi kendine hayran b\u0131rak\u0131yor. Yerel tapaslar ve tatl\u0131 pionono gibi lezzetler ise bu unutulmaz deneyimi tamaml\u0131yor.<\/p>\n\n\n\n<p>D\u00fcnya\u2019n\u0131n en g\u00fczel mimari eserlerinden birine ev sahipli\u011fi yapan Granada, End\u00fcl\u00fcs B\u00f6lgesi&#8217;nin g\u00f6z bebe\u011fi diyebiliriz. Benim de hayran kalarak gezdi\u011fim \u015fehir i\u00e7in yap\u0131lacaklar listesini a\u015fa\u011f\u0131da bulabilirsiniz.<\/p>\n\n\n\n<p>K\u00fc\u00e7\u00fck bir not eklemek istiyorum, ben Temmuz ay\u0131nda gitti\u011fim i\u00e7in deneyimledim ve sizi uyarmak isterim ki End\u00fcl\u00fcs B\u00f6lgesi&#8217;ni \u00f6zellikle Temmuz ay\u0131nda gezmek \u00e7ok zorlay\u0131c\u0131 oluyor. Genelde a\u00e7\u0131k alanda tarihi eserleri ve sokaklar\u0131n\u0131 gezdi\u011finiz i\u00e7in de 40 dereceyi ge\u00e7en hava s\u0131cakl\u0131\u011f\u0131 ve g\u00fcne\u015fin tepenizde olmas\u0131yla gezmek bir hayli zor oluyor. E\u011fer Temmuz ay\u0131 d\u00f6neminde gidecekseniz de \u015fapka, g\u00fcne\u015f g\u00f6zl\u00fc\u011f\u00fc, g\u00fcne\u015f kremi ve bol suyu ihmal etmeyin!<\/p>\n\n\n\n<p><strong><mark style=\"background-color:rgba(0, 0, 0, 0)\" class=\"has-inline-color has-vivid-red-color\">Granada Yap\u0131lacaklar Listesi:<\/mark><\/strong><\/p>\n\n\n\n<p>\ud83c\udfef Alhambra Saray\u0131\u2019n\u0131 gezin<br>\ud83c\udfd8 Albaicin mahallesinde y\u00fcr\u00fcy\u00fcn<br>\ud83d\udd14 Granada Katedrali\u2019ni g\u00f6r\u00fcn<br>\ud83d\udc83\ud83c\udffb La Alborea\u2019da Flamenco gecesine kat\u0131l\u0131n<br>\ud83e\udd58 Paella yiyin<br>\ud83c\udf36 Alcaiceria Market\u2019te al\u0131\u015fveri\u015f yap\u0131n<br>\u2615\ufe0f Bib-Rambla Meydan\u0131\u2019nda kahve i\u00e7in<br>\ud83d\udc63 Sacromonte \u00c7ingene Mahallesini gezin<br>\ud83e\ude95 \u00c7ingene Gecesi\u2019ne kat\u0131l\u0131n<br>\ud83c\udf7d Los Diamantes\u2019te y\u00f6resel tatlar\u0131 deneyin<br>\ud83c\udf2e Farkl\u0131 restoranlarda tapaslar\u0131 deneyin<br>\ud83c\udf04 Mirador San Nicolas\u2019tan manzaray\u0131 seyredin<br>\ud83e\uddfc El Banuelo\u2019yu g\u00f6r\u00fcn<br>\u26ea\ufe0f Jeronimo Manast\u0131r\u0131\u2019n\u0131 gezin<br>\ud83d\udcf8 San Juan De Dios Bazilikas\u0131\u2019na gidin<br>\ud83e\udd42 El Huerto de Juan Ranas\u2019ta Alhambra\u2019ya kar\u015f\u0131 yemek yiyin<br>\ud83e\udd6ePionono\u2019yu deneyin<\/p>\n\n\n\n<p>\ud83d\udccc A\u015fa\u011f\u0131da birka\u00e7 turistik durak i\u00e7in\u00a0<strong>k\u0131sa bilgileri<\/strong>\u00a0ekliyorum, \u015fehri gezerken bu duraklar\u0131n tarihi \u00f6nemi gibi detaylar\u0131 bulabilirsiniz.<\/p>\n\n\n\n<p><strong>\ud83c\udfef Alhambra Saray\u0131<\/strong><\/p>\n\n\n\n<p>Granada\u2019n\u0131n ve belki de \u0130spanya\u2019n\u0131n en \u00fcnl\u00fc yap\u0131s\u0131 olan Alhambra, End\u00fcl\u00fcs d\u00f6neminin mimari bir ba\u015fyap\u0131t\u0131. 13. y\u00fczy\u0131lda Nasri Hanedan\u0131 taraf\u0131ndan in\u015fa edilmi\u015f bu saray, zarif avlular\u0131, mozaiklerle s\u00fcslenmi\u015f duvarlar\u0131 ve etkileyici su kanallar\u0131yla b\u00fcy\u00fcleyici bir atmosfer sunuyor. Saray\u0131n Generalife Bah\u00e7eleri ise huzur dolu bir ka\u00e7\u0131\u015f noktas\u0131. Alhambra\u2019y\u0131 gezmek i\u00e7in \u00f6nceden bilet almak gerekiyor, \u00e7\u00fcnk\u00fc her g\u00fcn binlerce ziyaret\u00e7iyi a\u011f\u0131rl\u0131yor.<\/p>\n\n\n\n<p><strong>\ud83c\udfd8 Albaicin Mahallesi<\/strong><\/p>\n\n\n\n<p>Granada\u2019n\u0131n en eski mahallesi olan Albaicin, darac\u0131k ta\u015f sokaklar\u0131 ve beyaz badanal\u0131 evleriyle bir labirenti and\u0131r\u0131yor. Bu mahallede y\u00fcr\u00fcy\u00fc\u015f yaparken kendinizi bir Orta \u00c7a\u011f hikayesinin i\u00e7inde hissedebilirsiniz. Her k\u00f6\u015feden Alhambra\u2019n\u0131n manzaras\u0131n\u0131 g\u00f6rebilece\u011finiz bu b\u00f6lge, \u00f6zellikle g\u00fcn bat\u0131m\u0131nda b\u00fcy\u00fcleyici bir atmosfere b\u00fcr\u00fcn\u00fcyor.<\/p>\n\n\n\n<p><strong>\ud83d\udd14 Granada Katedrali<\/strong><\/p>\n\n\n\n<p>Granada Katedrali, \u0130spanya R\u00f6nesans\u0131\u2019n\u0131n en g\u00fczel \u00f6rneklerinden biri. Katolik h\u00fck\u00fcmdarlar\u0131n End\u00fcl\u00fcs\u2019\u00fc fethetmesinden sonra in\u015fa edilen bu g\u00f6rkemli yap\u0131, zarif s\u00fctunlar\u0131 ve alt\u0131n s\u00fcslemeleriyle dikkat \u00e7ekiyor. Ayr\u0131ca Katedral\u2019in yan\u0131ndaki Kraliyet \u015eapeli, Krali\u00e7e Isabel ve Kral Ferdinand\u2019\u0131n mezarlar\u0131na ev sahipli\u011fi yap\u0131yor.<\/p>\n\n\n\n<p><strong>\ud83d\udc83\ud83c\udffb La Alborea\u2019da Flamenco Gecesi<\/strong><\/p>\n\n\n\n<p>Granada, Flamenko\u2019nun en otantik bi\u00e7imde deneyimlenebilece\u011fi yerlerden biri. La Alborea gibi mekanlarda d\u00fczenlenen Flamenko geceleri, hem dans\u0131n hem de m\u00fczi\u011fin derin duygular\u0131n\u0131 yans\u0131tan e\u015fsiz bir deneyim sunuyor. Ritmik gitar sesleri ve etkileyici danslarla dolu bir gece ge\u00e7irmek i\u00e7in mutlaka bir Flamenko \u015fovuna kat\u0131lmal\u0131s\u0131n\u0131z.<\/p>\n\n\n\n<p><strong>\ud83c\udf04 Mirador San Nicolas<\/strong><\/p>\n\n\n\n<p>Mirador San Nicolas, Alhambra\u2019n\u0131n ve Sierra Nevada Da\u011flar\u0131\u2019n\u0131n muhte\u015fem manzaras\u0131n\u0131 izlemek i\u00e7in en iyi noktalardan biri. Bu pop\u00fcler seyir teras\u0131, \u00f6zellikle g\u00fcn bat\u0131m\u0131nda dolup ta\u015f\u0131yor. Buradan Alhambra\u2019n\u0131n k\u0131z\u0131l renklerle \u0131\u015f\u0131ldayan g\u00f6r\u00fcnt\u00fcs\u00fc, foto\u011fraf tutkunlar\u0131 i\u00e7in e\u015fsiz bir f\u0131rsat sunuyor.<\/p>\n\n\n\n<p><strong>A\u015fa\u011f\u0131da seyahatinizde ihtiyac\u0131n\u0131z olabilecek giri\u015f biletleri ve turlar i\u00e7in linkleri bulabilirsiniz<\/strong><\/p>\n\n\n\n<p><strong><a href=\"https:\/\/gyg.me\/8IueIw2o\" data-type=\"URL\" data-id=\"https:\/\/gyg.me\/8IueIw2o\" target=\"_blank\" rel=\"noreferrer noopener\"><mark style=\"background-color:rgba(0, 0, 0, 0)\" class=\"has-inline-color has-vivid-red-color\">REHBER E\u015eL\u0130\u011e\u0130NDE ALHAMBRA SARAYI VE NASRID SARAYI TURU<\/mark><\/a><\/strong><\/p>\n\n\n\n<p><strong><a href=\"https:\/\/gyg.me\/N6NpzAdX\" target=\"_blank\" rel=\"noreferrer noopener\"><mark style=\"background-color:rgba(0, 0, 0, 0)\" class=\"has-inline-color has-vivid-red-color\">ALHAMBRA SARAYI SESL\u0130 ANLATIM VE G\u0130R\u0130\u015e B\u0130LET\u0130<\/mark><\/a><\/strong><\/p>\n\n\n\n<p>Granada ile ilgili t\u00fcm detaylar\u0131&nbsp;<a href=\"https:\/\/www.instagram.com\/istikametburasi\">Instagram profilimde<\/a>&nbsp;\u00f6ne \u00e7\u0131kanlar k\u0131sm\u0131ndaki \u201c\ud83c\uddea\ud83c\uddf8 Granada\u201d ba\u015fl\u0131\u011f\u0131 alt\u0131nda bulabilirsiniz.<\/p>\n\n\n\n<p class=\"has-text-align-center\"><strong>Alhambra<\/strong><\/p>\n\n\n\n<figure class=\"is-layout-flex wp-block-gallery-3 wp-block-gallery has-nested-images columns-default is-cropped\">\n<figure class=\"wp-block-image size-large\"><img decoding=\"async\" loading=\"lazy\" width=\"1024\" height=\"1024\" data-id=\"1371\"  src=\"https:\/\/istikametburasi.com\/wp-content\/uploads\/2023\/10\/granada-2-1024x1024.png\" alt=\"\" class=\"wp-image-1371\" srcset=\"https:\/\/istikametburasi.com\/wp-content\/uploads\/2023\/10\/granada-2-1024x1024.png 1024w, https:\/\/istikametburasi.com\/wp-content\/uploads\/2023\/10\/granada-2-300x300.png 300w, https:\/\/istikametburasi.com\/wp-content\/uploads\/2023\/10\/granada-2-150x150.png 150w, https:\/\/istikametburasi.com\/wp-content\/uploads\/2023\/10\/granada-2-768x768.png 768w, https:\/\/istikametburasi.com\/wp-content\/uploads\/2023\/10\/granada-2.png 1080w\" sizes=\"(max-width: 1024px) 100vw, 1024px\" \/><\/figure>\n\n\n\n<figure class=\"wp-block-image size-large\"><img decoding=\"async\" loading=\"lazy\" width=\"1024\" height=\"1024\" data-id=\"1369\"  src=\"https:\/\/istikametburasi.com\/wp-content\/uploads\/2023\/10\/granada-1-1024x1024.png\" alt=\"\" class=\"wp-image-1369\" srcset=\"https:\/\/istikametburasi.com\/wp-content\/uploads\/2023\/10\/granada-1-1024x1024.png 1024w, https:\/\/istikametburasi.com\/wp-content\/uploads\/2023\/10\/granada-1-300x300.png 300w, https:\/\/istikametburasi.com\/wp-content\/uploads\/2023\/10\/granada-1-150x150.png 150w, https:\/\/istikametburasi.com\/wp-content\/uploads\/2023\/10\/granada-1-768x768.png 768w, https:\/\/istikametburasi.com\/wp-content\/uploads\/2023\/10\/granada-1.png 1080w\" sizes=\"(max-width: 1024px) 100vw, 1024px\" \/><\/figure>\n\n\n\n<figure class=\"wp-block-image size-large\"><img decoding=\"async\" loading=\"lazy\" width=\"1024\" height=\"1024\" data-id=\"1370\"  src=\"https:\/\/istikametburasi.com\/wp-content\/uploads\/2023\/10\/granada-3-1024x1024.png\" alt=\"\" class=\"wp-image-1370\" srcset=\"https:\/\/istikametburasi.com\/wp-content\/uploads\/2023\/10\/granada-3-1024x1024.png 1024w, https:\/\/istikametburasi.com\/wp-content\/uploads\/2023\/10\/granada-3-300x300.png 300w, https:\/\/istikametburasi.com\/wp-content\/uploads\/2023\/10\/granada-3-150x150.png 150w, https:\/\/istikametburasi.com\/wp-content\/uploads\/2023\/10\/granada-3-768x768.png 768w, https:\/\/istikametburasi.com\/wp-content\/uploads\/2023\/10\/granada-3.png 1080w\" sizes=\"(max-width: 1024px) 100vw, 1024px\" \/><\/figure>\n<\/figure>\n\n\n\n<p>Alhambra Saray\u0131, 13. y\u00fczy\u0131lda, Nasridler taraf\u0131ndan in\u015fa edilmeye ba\u015flanm\u0131\u015f; bu M\u00fcsl\u00fcman hanedan, saray\u0131 bir y\u00f6netim merkezi, kale ve ayn\u0131 zamanda huzurlu bir ya\u015fam alan\u0131 olarak tasarlam\u0131\u015f. Y\u00fczy\u0131llar boyunca eklemelerle geni\u015fleyen bu saray, zarif \u0130slam mimarisiyle adeta bir sanat eserine d\u00f6n\u00fc\u015fm\u00fc\u015f.<\/p>\n\n\n\n<p>Saray\u0131 gezerken, ince ince i\u015flenmi\u015f \u00e7iniler, Arap\u00e7a yaz\u0131tlarla s\u00fcslenmi\u015f duvarlar ve simetriye g\u00f6sterilen \u00f6zen hemen g\u00f6ze \u00e7arp\u0131yor. Sanki her ta\u015f, her desen o d\u00f6nemin k\u00fclt\u00fcr\u00fcn\u00fc ve sanat\u0131n\u0131 anlatmak i\u00e7in \u00f6zenle yerle\u015ftirilmi\u015f. En etkileyici b\u00f6l\u00fcmlerden biri olan Aslanl\u0131 Avlu, ortas\u0131nda bulunan havuzu ve \u00e7evresindeki zarif s\u00fctunlar\u0131yla b\u00fcy\u00fcl\u00fcyor. Avlu, ismini ortas\u0131nda yer alan ve 12 aslan heykelinin \u00e7evreledi\u011fi f\u0131skiyeden al\u0131yor; bu heykellerin her biri bir hikaye anlat\u0131yormu\u015f gibi.<\/p>\n\n\n\n<p>Alhambra, sadece bir saray de\u011fil; bah\u00e7eleriyle de nefes kesiyor. Generalife Bah\u00e7eleri, \u015fehrin g\u00fcr\u00fclt\u00fcs\u00fcnden uzakla\u015f\u0131p do\u011fan\u0131n huzurunu hissetmek isteyenler i\u00e7in tam bir ka\u00e7\u0131\u015f noktas\u0131 gibi tasarlanm\u0131\u015f. \u00c7i\u00e7ekler, havuzlar ve su yollar\u0131, her ad\u0131mda insan\u0131 sakinle\u015ftiriyor.<\/p>\n\n\n\n<p>1492\u2019de Granada\u2019n\u0131n Katolik Krallar taraf\u0131ndan ele ge\u00e7irilmesiyle, Alhambra&#8217;n\u0131n tarihi bir d\u00f6n\u00fcm noktas\u0131na ula\u015fm\u0131\u015f. Saray, \u0130spanyol h\u00fck\u00fcmdarlar\u0131n\u0131n eline ge\u00e7mi\u015f ve baz\u0131 b\u00f6l\u00fcmleri de\u011fi\u015fime u\u011fram\u0131\u015f. Ama h\u00e2l\u00e2 o \u0130slam mimarisi dokusu saray\u0131n ruhunu koruyor.<\/p>\n\n\n\n<p>Bug\u00fcn, Alhambra sadece bir yap\u0131 de\u011fil, bir zaman kaps\u00fcl\u00fc gibi. Ziyaret\u00e7ilerini ge\u00e7mi\u015fin b\u00fcy\u00fcs\u00fcne \u00e7ekiyor, her k\u00f6\u015fesiyle \u201cburada ya\u015fam\u0131\u015f olsayd\u0131n\u0131z ne hissederdiniz?\u201d diye sorduruyor. Granada\u2019n\u0131n ruhunu hissetmek istiyorsan\u0131z, Alhambra g\u00f6rmek bir zorunluluk gibi de\u011fil, bir keyif olmal\u0131! \ud83c\udf1f<\/p>\n","protected":false},"excerpt":{"rendered":"<p>Granada: End\u00fcl\u00fcs\u2019\u00fcn Kalbi Granada, zengin tarihi, etkileyici mimarisi ve b\u00fcy\u00fcleyici k\u00fclt\u00fcr\u00fcyle \u0130spanya\u2019n\u0131n en \u00f6zel \u015fehirlerinden biri. End\u00fcl\u00fcs\u2019\u00fcn incisi olarak bilinen<\/p>\n","protected":false},"author":1,"featured_media":0,"parent":0,"menu_order":0,"comment_status":"closed","ping_status":"closed","template":"","meta":{"om_disable_all_campaigns":false,"_mi_skip_tracking":false},"_links":{"self":[{"href":"https:\/\/istikametburasi.com\/index.php\/wp-json\/wp\/v2\/pages\/610"}],"collection":[{"href":"https:\/\/istikametburasi.com\/index.php\/wp-json\/wp\/v2\/pages"}],"about":[{"href":"https:\/\/istikametburasi.com\/index.php\/wp-json\/wp\/v2\/types\/page"}],"author":[{"embeddable":true,"href":"https:\/\/istikametburasi.com\/index.php\/wp-json\/wp\/v2\/users\/1"}],"replies":[{"embeddable":true,"href":"https:\/\/istikametburasi.com\/index.php\/wp-json\/wp\/v2\/comments?post=610"}],"version-history":[{"count":8,"href":"https:\/\/istikametburasi.com\/index.php\/wp-json\/wp\/v2\/pages\/610\/revisions"}],"predecessor-version":[{"id":2282,"href":"https:\/\/istikametburasi.com\/index.php\/wp-json\/wp\/v2\/pages\/610\/revisions\/2282"}],"wp:attachment":[{"href":"https:\/\/istikametburasi.com\/index.php\/wp-json\/wp\/v2\/media?parent=610"}],"curies":[{"name":"wp","href":"https:\/\/api.w.org\/{rel}","templated":true}]}}