{"id":613,"date":"2023-02-27T13:02:49","date_gmt":"2023-02-27T11:02:49","guid":{"rendered":"https:\/\/istikametburasi.com\/?page_id=613"},"modified":"2025-01-01T20:35:16","modified_gmt":"2025-01-01T18:35:16","slug":"paris","status":"publish","type":"page","link":"https:\/\/istikametburasi.com\/index.php\/paris\/","title":{"rendered":"PARIS"},"content":{"rendered":"\n<figure class=\"is-layout-flex wp-block-gallery-1 wp-block-gallery has-nested-images columns-default is-cropped\">\n<figure class=\"wp-block-image size-large\"><img decoding=\"async\" loading=\"lazy\" width=\"1024\" height=\"1024\" data-id=\"1253\"  src=\"https:\/\/istikametburasi.com\/wp-content\/uploads\/2023\/10\/paris-1-1-1024x1024.png\" alt=\"\" class=\"wp-image-1253\" srcset=\"https:\/\/istikametburasi.com\/wp-content\/uploads\/2023\/10\/paris-1-1-1024x1024.png 1024w, https:\/\/istikametburasi.com\/wp-content\/uploads\/2023\/10\/paris-1-1-300x300.png 300w, https:\/\/istikametburasi.com\/wp-content\/uploads\/2023\/10\/paris-1-1-150x150.png 150w, https:\/\/istikametburasi.com\/wp-content\/uploads\/2023\/10\/paris-1-1-768x768.png 768w, https:\/\/istikametburasi.com\/wp-content\/uploads\/2023\/10\/paris-1-1.png 1080w\" sizes=\"(max-width: 1024px) 100vw, 1024px\" \/><\/figure>\n\n\n\n<figure class=\"wp-block-image size-large\"><img decoding=\"async\" loading=\"lazy\" width=\"1024\" height=\"1024\" data-id=\"1254\"  src=\"https:\/\/istikametburasi.com\/wp-content\/uploads\/2023\/10\/paris-2-1-1024x1024.png\" alt=\"\" class=\"wp-image-1254\" srcset=\"https:\/\/istikametburasi.com\/wp-content\/uploads\/2023\/10\/paris-2-1-1024x1024.png 1024w, https:\/\/istikametburasi.com\/wp-content\/uploads\/2023\/10\/paris-2-1-300x300.png 300w, https:\/\/istikametburasi.com\/wp-content\/uploads\/2023\/10\/paris-2-1-150x150.png 150w, https:\/\/istikametburasi.com\/wp-content\/uploads\/2023\/10\/paris-2-1-768x768.png 768w, https:\/\/istikametburasi.com\/wp-content\/uploads\/2023\/10\/paris-2-1.png 1080w\" sizes=\"(max-width: 1024px) 100vw, 1024px\" \/><\/figure>\n\n\n\n<figure class=\"wp-block-image size-large\"><img decoding=\"async\" loading=\"lazy\" width=\"1024\" height=\"1024\" data-id=\"1255\"  src=\"https:\/\/istikametburasi.com\/wp-content\/uploads\/2023\/10\/paris-4-1-1024x1024.png\" alt=\"\" class=\"wp-image-1255\" srcset=\"https:\/\/istikametburasi.com\/wp-content\/uploads\/2023\/10\/paris-4-1-1024x1024.png 1024w, https:\/\/istikametburasi.com\/wp-content\/uploads\/2023\/10\/paris-4-1-300x300.png 300w, https:\/\/istikametburasi.com\/wp-content\/uploads\/2023\/10\/paris-4-1-150x150.png 150w, https:\/\/istikametburasi.com\/wp-content\/uploads\/2023\/10\/paris-4-1-768x768.png 768w, https:\/\/istikametburasi.com\/wp-content\/uploads\/2023\/10\/paris-4-1.png 1080w\" sizes=\"(max-width: 1024px) 100vw, 1024px\" \/><\/figure>\n<\/figure>\n\n\n\n<p><strong>Paris: A\u015fk\u0131n, Sanat\u0131n ve I\u015f\u0131\u011f\u0131n \u015eehri<\/strong><\/p>\n\n\n\n<p>Paris, d\u00fcnya \u00fczerindeki en romantik \u015fehirlerden biri olarak tan\u0131n\u0131yor. \u015eehrin tarihi dokusu, zarif mimarisi ve zengin k\u00fclt\u00fcrel miras\u0131 her ziyaret\u00e7iyi b\u00fcy\u00fcl\u00fcyor. Eyfel Kulesi, Louvre M\u00fczesi ve Seine Nehri boyunca s\u0131ralanan b\u00fcy\u00fcleyici k\u00f6pr\u00fcler, \u015fehrin zamans\u0131z cazibesini ortaya koyuyor. Paris ayn\u0131 zamanda gastronomik lezzetlerin cenneti; bir sokak kafesinde s\u0131cak \u00e7ikolata i\u00e7erken ya da Champs-\u00c9lys\u00e9es\u2019de y\u00fcr\u00fcrken bu b\u00fcy\u00fcl\u00fc \u015fehrin tad\u0131n\u0131 \u00e7\u0131karabilirsiniz.<\/p>\n\n\n\n<p>D\u00fcnya \u00fczerinde y\u0131ll\u0131k en \u00e7ok turist \u00e7eken \u015fehirlerin ba\u015f\u0131nda gelen Paris&#8217;i ke\u015ffetmeye haz\u0131r m\u0131s\u0131n\u0131z?<\/p>\n\n\n\n<p>Sadece Eyfel Kulesi&#8217;nden ibaret san\u0131l\u0131p, al\u0131\u015fveri\u015f ve pahal\u0131 hayat ile \u00f6zde\u015fle\u015ftirenler olsa da ba\u015fta sanat eserleri olmak \u00fczere, tarihi, mimarisi ve yemekleri ile derinlemesine ke\u015ffedilmesi gereken bir k\u00fclt\u00fcr \ud83c\uddeb\ud83c\uddf7<\/p>\n\n\n\n<p>Paris&#8217;i ya\u015fay\u0131p tamamen gezip g\u00f6rmek i\u00e7in bence <strong>4 tam g\u00fcn<\/strong> ay\u0131rman\u0131z yeterli olacakt\u0131r.<\/p>\n\n\n\n<p class=\"has-vivid-red-color has-text-color\"><strong>Paris Yap\u0131lacaklar Listesi:<\/strong><\/p>\n\n\n\n<p>\ud83d\uddbc Louvre M\u00fczesi&#8217;ni detayl\u0131ca\u00a0inceleyin<br>\ud83c\udf06 Eyfel Kulesi&#8217;nin veya Zafer Tak\u0131&#8217;n\u0131n tepesine \u00e7\u0131k\u0131n<br>\ud83c\udf33 Tuileries Bah\u00e7eleri&#8217;nde\u00a0keyifli zaman ge\u00e7irin<br>\ud83d\udc63 Seine Nehri kenar\u0131nda y\u00fcr\u00fcy\u00fcn<br>\ud83e\udd42 Eyfel etraf\u0131ndaki \u00e7imlerde piknik yap\u0131n<br>\ud83c\udf72 Chez Lili et Marcel&#8217;de\u00a0So\u011fan \u00c7orbas\u0131 i\u00e7in<br>\ud83d\udea3\ud83c\udffc\u200d\u2640\ufe0f Elektrikli Sandallar ile kanal turu yap\u0131n<br>\ud83c\udfa8 Ressamlar Tepesi&#8217;nde\u00a0dola\u015f\u0131n<br>\ud83d\udd17 K\u00f6pr\u00fclerde foto\u011fraf \u00e7ekilin<br>\ud83d\udc90 L\u00fcksemburg\u00a0Saray\u0131 ve Bah\u00e7eleri\u2019ni gezin<br>\ud83e\udd29 Sacre-Coeur\u00a0ziyaret edin<br>\ud83d\udecd Champs-Elys\u00e9es Caddesi&#8217;nde y\u00fcr\u00fcy\u00fcn<br>\ud83d\udd14 Notre Dame Katedrali&#8217;ni\u00a0g\u00f6r\u00fcn<br>\ud83d\udcf8 Paris sokaklar\u0131n\u0131 foto\u011fraflay\u0131n<br>\ud83e\ude84 Sainte-Chapelle&#8217;in\u00a0b\u00fcy\u00fcleyici atmosferini ke\u015ffedin<br>\u2615\ufe0f Cafe de Flore&#8217;de s\u0131cak \u00e7ikolata i\u00e7in<br>\ud83e\udd69 L&#8217;Entrecote&#8217;de\u00a0me\u015fhur et yeme\u011fini yiyin<br>\ud83c\udfab Orsay ve Rodin m\u00fczelerini gezin<br>\ud83c\udfdb Pantheon&#8217;da foto\u011fraflar \u00e7ekin<br>\ud83e\udea6 Les Invalides&#8217;e\u00a0giderek Napolyon&#8217;un mezar\u0131n\u0131 g\u00f6r\u00fcn<\/p>\n\n\n\n<p><strong>Gidebelece\u011finiz ilgici \u00e7ekici noktalar:<\/strong><\/p>\n\n\n\n<p>\ud83e\udd73 Disneyland&#8217;da\u00a0\u00e7ocuklar gibi e\u011flenin (2-3 g\u00fcn)<br>\ud83d\ude8c G\u00fcn\u00fcbirlik\u00a0Versay Saray\u0131&#8217;na\u00a0gidin (1 tam g\u00fcn)<br>\ud83d\ude8c G\u00fcn\u00fcbirlik\u00a0Mont Saint-Michel Adas\u0131&#8217;na gidin (1 tam g\u00fcn)<\/p>\n\n\n\n<p><strong>Yemek &amp; Restoran \u00d6nerileri:<\/strong><\/p>\n\n\n\n<p>\ud83d\udc0c <strong>Escargot (Salyangoz)<\/strong><\/p>\n\n\n\n<p>\u2022 <strong>L\u2019Escargot Montorgueil<\/strong>: Paris\u2019in en \u00fcnl\u00fc salyangoz restoran\u0131. Farkl\u0131 soslarla haz\u0131rlanm\u0131\u015f escargot \u00e7e\u015fitlerini burada deneyebilirsiniz.<\/p>\n\n\n\n<p>\u2022 <strong>Au Petit Riche<\/strong>: Paris\u2019in klasik restoranlar\u0131ndan biri olan bu mekan, kaliteli escargot servis ediyor.<\/p>\n\n\n\n<p>\ud83e\uddc6 <strong>Midye (Moules)<\/strong><\/p>\n\n\n\n<p>\u2022 <strong>Le Chardenoux<\/strong>: \u015eef Cyril Lignac\u2019\u0131n restoran\u0131 olan bu mekan, Frans\u0131z mutfa\u011f\u0131n\u0131n en iyi \u00f6rneklerinden biri. Taze ve lezzetli midyeler i\u00e7in tercih edilebilir.<\/p>\n\n\n\n<p>\u2022 <strong>Leon de Bruxelles<\/strong>: Midye yemekleriyle \u00fcnl\u00fc bir zincir restoran. \u00d6zellikle tereya\u011fl\u0131 sar\u0131msak soslu midyeleriyle tan\u0131n\u0131yor.<\/p>\n\n\n\n<p>\ud83c\udf72 <strong>So\u011fan \u00c7orbas\u0131 (Soupe \u00e0 l\u2019Oignon)<\/strong><\/p>\n\n\n\n<p>\u2022 <strong>Au Pied de Cochon<\/strong>: Geleneksel Frans\u0131z so\u011fan \u00e7orbas\u0131n\u0131 deneyebilece\u011finiz ikonik bir mekan. \u00c7orba, erimi\u015f peynir ve taze ekmekle servis ediliyor.<\/p>\n\n\n\n<p>\u2022 <strong>Le Bouillon Chartier<\/strong>: Paris\u2019in en eski restoranlar\u0131ndan biri olan bu mekanda, otantik bir atmosferde so\u011fan \u00e7orbas\u0131 i\u00e7ebilirsiniz.<\/p>\n\n\n\n<p>\ud83e\udd58 <strong>Ratatouille<\/strong><\/p>\n\n\n\n<p>\u2022 <strong>Le Temps des Cerises<\/strong>: Samimi bir ortamda geleneksel ratatouille denemek i\u00e7in harika bir yer. Akdeniz sebzeleriyle haz\u0131rlanan bu yemek, burada olduk\u00e7a lezzetli.<\/p>\n\n\n\n<p>\u2022 <strong>Chez Janou<\/strong>: Provence mutfa\u011f\u0131n\u0131n izlerini ta\u015f\u0131yan ratatouille\u2019yi denemek i\u00e7in ideal.<\/p>\n\n\n\n<p>\ud83e\udd54 <strong>Patates Graten (Gratin Dauphinois)<\/strong><\/p>\n\n\n\n<p>\u2022 <strong>La Rotisserie d\u2019Argent<\/strong>: Klasik Frans\u0131z yemekleriyle \u00fcnl\u00fc bu mekanda, kremal\u0131 patates grateni mutlaka denemelisiniz.<\/p>\n\n\n\n<p>\u2022 <strong>Les Philosophes<\/strong>: Frans\u0131z mutfa\u011f\u0131n\u0131n \u00f6ne \u00e7\u0131kan yemeklerini sunan bu restoran, patates graten konusunda da iddial\u0131.<\/p>\n\n\n\n<p>\ud83c\udf7d\ufe0f <strong>\u00d6rdek Konfi (Confit de Canard)<\/strong><\/p>\n\n\n\n<p>\u2022 <strong>Chez Dumonet \u2013 Josephine<\/strong>: Paris\u2019te \u00f6rdek konfi denemek i\u00e7in en iyi adreslerden biri. Porsiyonlar\u0131 olduk\u00e7a doyurucu.<\/p>\n\n\n\n<p>\u2022 <strong>Le Petit Pontoise<\/strong>: \u015e\u0131k ve sakin bir ortamda \u00f6rdek konfi yemek isteyenler i\u00e7in ideal bir mekan.<\/p>\n\n\n\n<p>\ud83e\udd50 Olmazsa olmaz <strong>Kruvasan<\/strong>, <strong>Macaron<\/strong> ve <strong>Cr\u00e8me Br\u00fbl\u00e9e<\/strong> gibi tatl\u0131 se\u00e7enekler i\u00e7in tavsiyelerimi ekledim!<\/p>\n\n\n\n<ul>\n<li><strong>Stohrer<\/strong><\/li>\n\n\n\n<li><strong>Du Pain et des Id\u00e9es<\/strong><\/li>\n\n\n\n<li><strong>Breizh Cafe<\/strong> (Krep i\u00e7in)<\/li>\n\n\n\n<li><strong>Eric Kayser<\/strong><\/li>\n<\/ul>\n\n\n\n<p>Di\u011fer birka\u00e7 g\u00fczel restoran\u0131 da a\u015fa\u011f\u0131ya ekliyorum, Paris i\u00e7in restoran tavsiyeleri bitmez. Bu \u015fehri gezerken en zorland\u0131\u011f\u0131m konu hangi restorana gitsem ve ne yesem olmu\u015ftu \ud83d\ude42<\/p>\n\n\n\n<ul>\n<li>Restaurant Le Coupe Chou<\/li>\n\n\n\n<li>La Fontaine de Mars<\/li>\n\n\n\n<li>Au Bourguignon du Marais<\/li>\n<\/ul>\n\n\n\n<p>\ud83d\udccc A\u015fa\u011f\u0131da birka\u00e7 turistik durak i\u00e7in\u00a0<strong>k\u0131sa bilgileri<\/strong>\u00a0ekliyorum, \u015fehri gezerken bu duraklar\u0131n tarihi \u00f6nemi gibi detaylar\u0131 bulabilirsiniz.<\/p>\n\n\n\n<p><strong>\ud83d\uddbc Louvre M\u00fczesi<\/strong><\/p>\n\n\n\n<p>D\u00fcnyan\u0131n en b\u00fcy\u00fck ve en \u00fcnl\u00fc sanat m\u00fczelerinden biri olan Louvre, Paris\u2019in kalbinde yer al\u0131yor. M\u00fczenin en tan\u0131nm\u0131\u015f eserlerinden <em>Mona Lisa<\/em> ve <em>Ven\u00fcs de Milo<\/em>\u2019yu g\u00f6rmeden d\u00f6nmeyin. Cam piramit giri\u015finin modern tasar\u0131m\u0131, m\u00fczenin klasik atmosferine farkl\u0131 bir hava kat\u0131yor. Louvre, hem sanatseverler hem de tarih merakl\u0131lar\u0131 i\u00e7in ka\u00e7\u0131r\u0131lmamas\u0131 gereken bir durak. Mutlaka online bilet al\u0131n, saat ve tarih se\u00e7erek biletinizi resmi siteden alabilirsiniz. Ayr\u0131ca, Sal\u0131 g\u00fcnleri m\u00fcze kapal\u0131. <a href=\"https:\/\/www.louvre.fr\/en\/visit\/hours-admission?utm_source=magpietravelttd\">RESM\u0130 S\u0130TE B\u0130LET L\u0130NK\u0130<\/a><\/p>\n\n\n\n<p><strong>\u2b50\ufe0f Eyfel Kulesi<\/strong><\/p>\n\n\n\n<p>Eyfel Kulesi, Paris\u2019in ve belki de d\u00fcnyan\u0131n en tan\u0131nm\u0131\u015f simgelerinden biri. 1889 D\u00fcnya Fuar\u0131 i\u00e7in in\u015fa edilen bu demir kule, \u015fehrin en etkileyici manzaras\u0131n\u0131 sunuyor. Kuleye \u00e7\u0131kmak i\u00e7in merdivenleri ya da asans\u00f6r\u00fc tercih edebilirsiniz. Ak\u015fam saatlerinde \u0131\u015f\u0131kland\u0131r\u0131ld\u0131\u011f\u0131nda ise Eyfel, tam anlam\u0131yla b\u00fcy\u00fcleyici bir g\u00f6r\u00fcn\u00fcme kavu\u015fuyor. Yine online bilet alman\u0131z gerekiyor, farkl\u0131 kat se\u00e7eneklerine g\u00f6re biletleri inceleyip alabilirsiniz. <a href=\"https:\/\/www.toureiffel.paris\/en\/rates-offers\/ticket-second-floor-stairs?utm_source=magpietravelgttd\">RESM\u0130 S\u0130TE B\u0130LET L\u0130NK\u0130<\/a><\/p>\n\n\n\n<p><strong>\ud83c\udf33 Tuileries Bah\u00e7eleri<\/strong><\/p>\n\n\n\n<p>Louvre M\u00fczesi ve Concorde Meydan\u0131 aras\u0131nda yer alan Tuileries Bah\u00e7eleri, Paris\u2019te dinlenmek ve do\u011fan\u0131n tad\u0131n\u0131 \u00e7\u0131karmak i\u00e7in harika bir yer. \u015eehrin hareketli atmosferinden ka\u00e7mak ve biraz huzur bulmak i\u00e7in ideal. Bah\u00e7enin i\u00e7inde heykeller, k\u00fc\u00e7\u00fck g\u00f6letler ve y\u00fcr\u00fcy\u00fc\u015f yollar\u0131 sizi bekliyor.<\/p>\n\n\n\n<p><strong>\ud83c\udfa8 Ressamlar Tepesi (Montmartre)<\/strong><\/p>\n\n\n\n<p>Montmartre, sanat\u0131n ve bohem ya\u015fam\u0131n merkezi olarak biliniyor. Dar sokaklar\u0131, k\u00fc\u00e7\u00fck kafeleri ve meydanda \u00e7al\u0131\u015fan ressamlar\u0131yla bu b\u00f6lge, ge\u00e7mi\u015fteki \u00fcnl\u00fc sanat\u00e7\u0131lar\u0131n ruhunu ya\u015fat\u0131yor. Sacr\u00e9-C\u0153ur Bazilikas\u0131\u2019ndan \u015fehrin nefes kesen manzaras\u0131n\u0131 izleyebilir ve b\u00f6lgenin romantik atmosferini hissedebilirsiniz.<\/p>\n\n\n\n<p><strong>\ud83d\udc90 L\u00fcksemburg Bah\u00e7eleri<\/strong><\/p>\n\n\n\n<p>Paris\u2019in en g\u00fczel bah\u00e7elerinden biri olan L\u00fcksemburg Bah\u00e7eleri, zarif peyzaj d\u00fczenlemesi ve huzurlu atmosferiyle dikkat \u00e7ekiyor. Bah\u00e7enin i\u00e7inde yer alan L\u00fcksemburg Saray\u0131, \u015fimdilerde Frans\u0131z Senatosu\u2019na ev sahipli\u011fi yap\u0131yor. Piknik yapmak ya da sakin bir y\u00fcr\u00fcy\u00fc\u015f i\u00e7in ideal bir yer.<\/p>\n\n\n\n<p><strong>\ud83c\udfab Orsay M\u00fczesi<\/strong><\/p>\n\n\n\n<p>Eski bir tren gar\u0131ndan d\u00f6n\u00fc\u015ft\u00fcr\u00fclen Orsay M\u00fczesi, d\u00fcnyan\u0131n en geni\u015f empresyonist ve post-empresyonist sanat koleksiyonlar\u0131ndan birine sahip. Monet, Van Gogh ve Renoir gibi ustalar\u0131n eserlerini burada g\u00f6rebilirsiniz. M\u00fczenin etkileyici tasar\u0131m\u0131 ve Seine Nehri\u2019ne bakan manzaras\u0131 da ayr\u0131 bir g\u00fczellik sunuyor. Louvre M\u00fczesi ile ayn\u0131 \u015fehirde bulunma talihsizli\u011finden dolay\u0131 hak etti\u011fi pop\u00fclerli\u011fi tam olarak bulamasa da online bilet alarak gitmenizi \u00f6neriyorum. <\/p>\n\n\n\n<p>Paris ile ilgili t\u00fcm detaylar\u0131&nbsp;<a href=\"https:\/\/www.instagram.com\/istikametburasi\">Instagram profilimde<\/a>&nbsp;\u00f6ne \u00e7\u0131kanlar k\u0131sm\u0131ndaki \u201c\ud83c\uddeb\ud83c\uddf7 Paris\u201d ba\u015fl\u0131\u011f\u0131 alt\u0131nda bulabilirsiniz.<\/p>\n\n\n\n<p><strong><mark style=\"background-color:rgba(0, 0, 0, 0)\" class=\"has-inline-color has-luminous-vivid-orange-color\">Ekstra Duraklar Hakk\u0131nda Detayl\u0131 Bilgiler (Ula\u015f\u0131m, \u00dccret vs.):<\/mark><\/strong><\/p>\n\n\n\n<p><strong>Mont Saint-Michel Hakk\u0131nda Bilgiler:<\/strong> <a rel=\"noreferrer noopener\" href=\"https:\/\/www.instagram.com\/reel\/Cll2e4ggWi8\/?utm_source=ig_web_button_share_sheet&amp;igshid=MzRlODBiNWFlZA==\" data-type=\"URL\" data-id=\"https:\/\/www.instagram.com\/reel\/Cll2e4ggWi8\/?utm_source=ig_web_button_share_sheet&amp;igshid=MzRlODBiNWFlZA==\" target=\"_blank\">Instagram Payla\u015f\u0131m\u0131<\/a><\/p>\n\n\n\n<p><strong>Versay Hakk\u0131nda Bilgiler:<\/strong> <a href=\"https:\/\/www.instagram.com\/reel\/CldsSGRMQlj\/?utm_source=ig_web_copy_link&amp;igshid=MzRlODBiNWFlZA==\" target=\"_blank\" rel=\"noreferrer noopener\">Instagram Payla\u015f\u0131m\u0131<\/a><\/p>\n","protected":false},"excerpt":{"rendered":"<p>Paris: A\u015fk\u0131n, Sanat\u0131n ve I\u015f\u0131\u011f\u0131n \u015eehri Paris, d\u00fcnya \u00fczerindeki en romantik \u015fehirlerden biri olarak tan\u0131n\u0131yor. \u015eehrin tarihi dokusu, zarif mimarisi<\/p>\n","protected":false},"author":1,"featured_media":0,"parent":0,"menu_order":0,"comment_status":"closed","ping_status":"closed","template":"","meta":{"om_disable_all_campaigns":false,"_mi_skip_tracking":false},"_links":{"self":[{"href":"https:\/\/istikametburasi.com\/index.php\/wp-json\/wp\/v2\/pages\/613"}],"collection":[{"href":"https:\/\/istikametburasi.com\/index.php\/wp-json\/wp\/v2\/pages"}],"about":[{"href":"https:\/\/istikametburasi.com\/index.php\/wp-json\/wp\/v2\/types\/page"}],"author":[{"embeddable":true,"href":"https:\/\/istikametburasi.com\/index.php\/wp-json\/wp\/v2\/users\/1"}],"replies":[{"embeddable":true,"href":"https:\/\/istikametburasi.com\/index.php\/wp-json\/wp\/v2\/comments?post=613"}],"version-history":[{"count":6,"href":"https:\/\/istikametburasi.com\/index.php\/wp-json\/wp\/v2\/pages\/613\/revisions"}],"predecessor-version":[{"id":2286,"href":"https:\/\/istikametburasi.com\/index.php\/wp-json\/wp\/v2\/pages\/613\/revisions\/2286"}],"wp:attachment":[{"href":"https:\/\/istikametburasi.com\/index.php\/wp-json\/wp\/v2\/media?parent=613"}],"curies":[{"name":"wp","href":"https:\/\/api.w.org\/{rel}","templated":true}]}}