{"id":614,"date":"2023-10-06T16:58:49","date_gmt":"2023-10-06T14:58:49","guid":{"rendered":"https:\/\/istikametburasi.com\/?page_id=614"},"modified":"2023-10-06T17:53:55","modified_gmt":"2023-10-06T15:53:55","slug":"versay","status":"publish","type":"page","link":"https:\/\/istikametburasi.com\/index.php\/versay\/","title":{"rendered":"VERSAY"},"content":{"rendered":"\n<figure class=\"is-layout-flex wp-block-gallery-1 wp-block-gallery has-nested-images columns-default is-cropped\">\n<figure class=\"wp-block-image size-large\"><img decoding=\"async\" loading=\"lazy\" width=\"1024\" height=\"1024\" data-id=\"1261\"  src=\"https:\/\/istikametburasi.com\/wp-content\/uploads\/2023\/10\/versay-1-2-1024x1024.png\" alt=\"\" class=\"wp-image-1261\" srcset=\"https:\/\/istikametburasi.com\/wp-content\/uploads\/2023\/10\/versay-1-2-1024x1024.png 1024w, https:\/\/istikametburasi.com\/wp-content\/uploads\/2023\/10\/versay-1-2-300x300.png 300w, https:\/\/istikametburasi.com\/wp-content\/uploads\/2023\/10\/versay-1-2-150x150.png 150w, https:\/\/istikametburasi.com\/wp-content\/uploads\/2023\/10\/versay-1-2-768x768.png 768w, https:\/\/istikametburasi.com\/wp-content\/uploads\/2023\/10\/versay-1-2.png 1080w\" sizes=\"(max-width: 1024px) 100vw, 1024px\" \/><\/figure>\n\n\n\n<figure class=\"wp-block-image size-large\"><img decoding=\"async\" loading=\"lazy\" width=\"1024\" height=\"1024\" data-id=\"1260\"  src=\"https:\/\/istikametburasi.com\/wp-content\/uploads\/2023\/10\/versay-2-1-1024x1024.png\" alt=\"\" class=\"wp-image-1260\" srcset=\"https:\/\/istikametburasi.com\/wp-content\/uploads\/2023\/10\/versay-2-1-1024x1024.png 1024w, https:\/\/istikametburasi.com\/wp-content\/uploads\/2023\/10\/versay-2-1-300x300.png 300w, https:\/\/istikametburasi.com\/wp-content\/uploads\/2023\/10\/versay-2-1-150x150.png 150w, https:\/\/istikametburasi.com\/wp-content\/uploads\/2023\/10\/versay-2-1-768x768.png 768w, https:\/\/istikametburasi.com\/wp-content\/uploads\/2023\/10\/versay-2-1.png 1080w\" sizes=\"(max-width: 1024px) 100vw, 1024px\" \/><\/figure>\n\n\n\n<figure class=\"wp-block-image size-large\"><img decoding=\"async\" loading=\"lazy\" width=\"1024\" height=\"1024\" data-id=\"1262\"  src=\"https:\/\/istikametburasi.com\/wp-content\/uploads\/2023\/10\/versay3-1024x1024.png\" alt=\"\" class=\"wp-image-1262\" srcset=\"https:\/\/istikametburasi.com\/wp-content\/uploads\/2023\/10\/versay3-1024x1024.png 1024w, https:\/\/istikametburasi.com\/wp-content\/uploads\/2023\/10\/versay3-300x300.png 300w, https:\/\/istikametburasi.com\/wp-content\/uploads\/2023\/10\/versay3-150x150.png 150w, https:\/\/istikametburasi.com\/wp-content\/uploads\/2023\/10\/versay3-768x768.png 768w, https:\/\/istikametburasi.com\/wp-content\/uploads\/2023\/10\/versay3.png 1080w\" sizes=\"(max-width: 1024px) 100vw, 1024px\" \/><\/figure>\n<\/figure>\n\n\n\n<p>Abart\u0131lmas\u0131 gereken saraylar vard\u0131r diyerek biraz Versay Saray\u0131 hakk\u0131nda biraz detayl\u0131 bilgiler vereyim \ud83e\udd29<\/p>\n\n\n\n<p>Detaylar\u0131, i\u015f\u00e7ili\u011fi ve atmosferi ile d\u00fcnyan\u0131n say\u0131l\u0131 saraylar\u0131ndan biri olan Versay Saray\u0131, gezerken ruhunuzu doyuracak hatta belki de \u015fatafat\u0131 sebebiyle sizi yoracakt\u0131r.<\/p>\n\n\n\n<p>\u015eimdi k\u0131sa notlara g\u00f6z atal\u0131m;<\/p>\n\n\n\n<p>\ud83d\udccdHer y\u0131l yakla\u015f\u0131k 10 milyon insan ziyaret ediyor.<br>\u2716\ufe0fPazartesi g\u00fcnleri ziyarete kapal\u0131.<br>\ud83d\udcb6Giri\u015f \u00fccreti 21\u20ac, e\u011fer AB \u00fclkesinde 25 ya\u015f alt\u0131 \u00f6\u011frenciyseniz \u00fccretsiz.<br>\u26f2\ufe0fBah\u00e7eleri ve parklar\u0131 \u00fccretsiz geziliyor.<br>\ud83d\udcb0D\u00fcnyan\u0131n en pahal\u0131 binas\u0131 oldu\u011fu tahmin ediliyor.&nbsp;<br>\u2728En g\u00f6rkemli ve etkileyici&nbsp;k\u0131sm\u0131 Aynal\u0131 Salon.<br>\ud83e\ude9eAynal\u0131 Salon&#8217;da toplam 357 adet ayna bulunuyor.<br>\ud83d\udebd2300 tane oda olmas\u0131na ra\u011fmen bir tane bile tuvalet yok \ud83d\ude42<br>\u270d\ud83c\udffbHer iki Paris Bar\u0131\u015f\u0131 Anla\u015fmas\u0131 da Versailles&#8217;da imzalanm\u0131\u015f.<br>\ud83c\udf33Versailles bah\u00e7eleri, 400 heykel ve 1.400 \u00e7e\u015fme bar\u0131nd\u0131ran 30.000 d\u00f6n\u00fcmden fazla alan\u0131 kapl\u0131yor.<br>\ud83c\uddeb\ud83c\uddf7Saray\u0131 in\u015fa etmek ve dekore etmek i\u00e7in kullan\u0131lan her \u015fey Fransa&#8217;da \u00fcretilmi\u015f.<br>\u23f1Saray\u0131 tamamen gezmesi 3-4 saatinizi al\u0131yor.<br>\ud83d\udd0aMutlaka sesli anlat\u0131m cihaz\u0131n\u0131 alman\u0131z\u0131 \u00f6neriyorum.<br>\ud83d\udda5Gitmeden online bilet alman\u0131z\u0131 \u00f6neririm.<\/p>\n\n\n\n<p><strong><mark style=\"background-color:rgba(0, 0, 0, 0)\" class=\"has-inline-color has-luminous-vivid-orange-color\">Nas\u0131l gidilir?<\/mark><\/strong><\/p>\n\n\n\n<p>\ud83d\ude89Fransa&#8217;n\u0131n Versay \u015fehrinde bulunan saraya Paris&#8217;ten RER C tren hatt\u0131na binerek yar\u0131m saatte ula\u015fabilirsiniz. Versay&#8217;da&nbsp;inece\u011finiz dura\u011f\u0131n ismi &#8220;Versailles Rive Gauche Chateau&#8221;, ard\u0131ndan yakla\u015f\u0131k 15 dakika y\u00fcr\u00fcyerek saraya ula\u015f\u0131yorsunuz. Bu tren ile gidi\u015f d\u00f6n\u00fc\u015f yolcu\u011funun \u00fccreti ise 7\u20ac.<\/p>\n\n\n\n<p><a href=\"https:\/\/istikametburasi.com\/index.php\/paris\/\" data-type=\"URL\" data-id=\"https:\/\/istikametburasi.com\/index.php\/paris\/\" target=\"_blank\" rel=\"noreferrer noopener\">DETAYLI PARIS B\u0130LG\u0130LER\u0130<\/a><\/p>\n","protected":false},"excerpt":{"rendered":"<p>Abart\u0131lmas\u0131 gereken saraylar vard\u0131r diyerek biraz Versay Saray\u0131 hakk\u0131nda biraz detayl\u0131 bilgiler vereyim \ud83e\udd29 Detaylar\u0131, i\u015f\u00e7ili\u011fi ve atmosferi ile d\u00fcnyan\u0131n<\/p>\n","protected":false},"author":1,"featured_media":0,"parent":0,"menu_order":0,"comment_status":"closed","ping_status":"closed","template":"","meta":{"om_disable_all_campaigns":false,"_mi_skip_tracking":false},"_links":{"self":[{"href":"https:\/\/istikametburasi.com\/index.php\/wp-json\/wp\/v2\/pages\/614"}],"collection":[{"href":"https:\/\/istikametburasi.com\/index.php\/wp-json\/wp\/v2\/pages"}],"about":[{"href":"https:\/\/istikametburasi.com\/index.php\/wp-json\/wp\/v2\/types\/page"}],"author":[{"embeddable":true,"href":"https:\/\/istikametburasi.com\/index.php\/wp-json\/wp\/v2\/users\/1"}],"replies":[{"embeddable":true,"href":"https:\/\/istikametburasi.com\/index.php\/wp-json\/wp\/v2\/comments?post=614"}],"version-history":[{"count":6,"href":"https:\/\/istikametburasi.com\/index.php\/wp-json\/wp\/v2\/pages\/614\/revisions"}],"predecessor-version":[{"id":1263,"href":"https:\/\/istikametburasi.com\/index.php\/wp-json\/wp\/v2\/pages\/614\/revisions\/1263"}],"wp:attachment":[{"href":"https:\/\/istikametburasi.com\/index.php\/wp-json\/wp\/v2\/media?parent=614"}],"curies":[{"name":"wp","href":"https:\/\/api.w.org\/{rel}","templated":true}]}}