{"id":615,"date":"2023-10-06T17:04:56","date_gmt":"2023-10-06T15:04:56","guid":{"rendered":"https:\/\/istikametburasi.com\/?page_id=615"},"modified":"2023-10-06T17:04:57","modified_gmt":"2023-10-06T15:04:57","slug":"mont-saint-michel","status":"publish","type":"page","link":"https:\/\/istikametburasi.com\/index.php\/mont-saint-michel\/","title":{"rendered":"MONT SAINT-MICHEL"},"content":{"rendered":"\n<figure class=\"is-layout-flex wp-block-gallery-1 wp-block-gallery has-nested-images columns-default is-cropped\">\n<figure class=\"wp-block-image size-large\"><img decoding=\"async\" loading=\"lazy\" width=\"1024\" height=\"1024\" data-id=\"1247\"  src=\"https:\/\/istikametburasi.com\/wp-content\/uploads\/2023\/10\/mont-saint-michel-foto1-2-1024x1024.png\" alt=\"\" class=\"wp-image-1247\" srcset=\"https:\/\/istikametburasi.com\/wp-content\/uploads\/2023\/10\/mont-saint-michel-foto1-2-1024x1024.png 1024w, https:\/\/istikametburasi.com\/wp-content\/uploads\/2023\/10\/mont-saint-michel-foto1-2-300x300.png 300w, https:\/\/istikametburasi.com\/wp-content\/uploads\/2023\/10\/mont-saint-michel-foto1-2-150x150.png 150w, https:\/\/istikametburasi.com\/wp-content\/uploads\/2023\/10\/mont-saint-michel-foto1-2-768x768.png 768w, https:\/\/istikametburasi.com\/wp-content\/uploads\/2023\/10\/mont-saint-michel-foto1-2.png 1080w\" sizes=\"(max-width: 1024px) 100vw, 1024px\" \/><\/figure>\n\n\n\n<figure class=\"wp-block-image size-large\"><img decoding=\"async\" loading=\"lazy\" width=\"1024\" height=\"1024\" data-id=\"1244\"  src=\"https:\/\/istikametburasi.com\/wp-content\/uploads\/2023\/10\/montsaint-3-1-1024x1024.png\" alt=\"\" class=\"wp-image-1244\" srcset=\"https:\/\/istikametburasi.com\/wp-content\/uploads\/2023\/10\/montsaint-3-1-1024x1024.png 1024w, https:\/\/istikametburasi.com\/wp-content\/uploads\/2023\/10\/montsaint-3-1-300x300.png 300w, https:\/\/istikametburasi.com\/wp-content\/uploads\/2023\/10\/montsaint-3-1-150x150.png 150w, https:\/\/istikametburasi.com\/wp-content\/uploads\/2023\/10\/montsaint-3-1-768x768.png 768w, https:\/\/istikametburasi.com\/wp-content\/uploads\/2023\/10\/montsaint-3-1.png 1080w\" sizes=\"(max-width: 1024px) 100vw, 1024px\" \/><\/figure>\n\n\n\n<figure class=\"wp-block-image size-large\"><img decoding=\"async\" loading=\"lazy\" width=\"1024\" height=\"1024\" data-id=\"1245\"  src=\"https:\/\/istikametburasi.com\/wp-content\/uploads\/2023\/10\/mont-saint-michel-4-1024x1024.png\" alt=\"\" class=\"wp-image-1245\" srcset=\"https:\/\/istikametburasi.com\/wp-content\/uploads\/2023\/10\/mont-saint-michel-4-1024x1024.png 1024w, https:\/\/istikametburasi.com\/wp-content\/uploads\/2023\/10\/mont-saint-michel-4-300x300.png 300w, https:\/\/istikametburasi.com\/wp-content\/uploads\/2023\/10\/mont-saint-michel-4-150x150.png 150w, https:\/\/istikametburasi.com\/wp-content\/uploads\/2023\/10\/mont-saint-michel-4-768x768.png 768w, https:\/\/istikametburasi.com\/wp-content\/uploads\/2023\/10\/mont-saint-michel-4.png 1080w\" sizes=\"(max-width: 1024px) 100vw, 1024px\" \/><\/figure>\n<\/figure>\n\n\n\n<p>Bu zamana kadar kar\u015f\u0131n\u0131za videolar\u0131 veya foto\u011fraflar\u0131 \u00e7\u0131km\u0131\u015f olabilir, ama bir de ben tan\u0131\u015ft\u0131ray\u0131m; Mont Saint-Michel \ud83c\uddeb\ud83c\uddf7<\/p>\n\n\n\n<p>Normandiya k\u0131y\u0131lar\u0131nda bulunan Mont Saint-Michel adas\u0131 ve muhte\u015fem manast\u0131r\u0131, Fransa\u2019n\u0131n en g\u00f6z al\u0131c\u0131 mekanlar\u0131ndan biri. UNESCO D\u00fcnya Miras\u0131 listesindeki Saint-Michel Manast\u0131r\u0131, kayal\u0131k adac\u0131klar\u0131n en y\u00fcksek noktas\u0131nda yer al\u0131yor.&nbsp;<\/p>\n\n\n\n<p>\ud83c\udfdbAntik surlar ile \u00e7evrili yap\u0131, \u015fimdiye kadar yap\u0131lm\u0131\u015f en hayranl\u0131k uyand\u0131ran Gotik kiliselerinden biri.<\/p>\n\n\n\n<p>\ud83c\udf0aHer g\u00fcn belli saatlerde y\u00fckselen su seviyesinden dolay\u0131 birka\u00e7 saatli\u011fine ada ula\u015f\u0131ma kapan\u0131yor. Baz\u0131 d\u00f6nemler suyun y\u00fcksekli\u011fi surlar\u0131n seviyesini bile a\u015fabiliyormu\u015f.<\/p>\n\n\n\n<p>\ud83c\udff0Sur kap\u0131s\u0131ndan girdi\u011finiz andan itibaren sanki bamba\u015fka bir d\u00fcnyaya ad\u0131m atm\u0131\u015f gibi hissediyorsunuz. Dokusu bozulmam\u0131\u015f binalar, sokaklar ve atmosferi ile muhte\u015fem bir macera sizi bekliyor.<\/p>\n\n\n\n<p>Peki buraya ula\u015f\u0131m nas\u0131l sa\u011flan\u0131yor?<\/p>\n\n\n\n<p>\ud83d\udce3Paris\u2019ten pek \u00e7ok tur firmas\u0131 buraya otob\u00fcsler ile turlar d\u00fczenliyor. E\u011fer bu turlar ile gitmeyi d\u00fc\u015f\u00fcn\u00fcrseniz yakla\u015f\u0131k 4 saat s\u00fcren yolculuk ile gidip ayn\u0131 \u015fekilde d\u00f6n\u00fcyorsunuz.<\/p>\n\n\n\n<p>\ud83d\ude89Kendiniz ba\u011f\u0131ms\u0131z gitmek isterseniz de Paris\u2019ten Rennes\u2019e tren ile gidip, ard\u0131ndan otob\u00fcs veya tren se\u00e7eneklerini kullanman\u0131z gerekiyor.<\/p>\n\n\n\n<p>\ud83d\ude8cNormalde turlar ile gezmeyi pek sevmem biliyorsunuz, fakat buraya gitmek i\u00e7in bir tura dahil olman\u0131z\u0131 tavsiye ediyorum. Hem gezerken tarihini ve g\u00fcn\u00fcm\u00fczdeki durumunu dinlemek \u00e7ok keyifli oluyor hem de tek seferde gidip d\u00f6n\u00fcyorsunuz.<\/p>\n\n\n\n<p>\ud83d\ude98Kendi ba\u015f\u0131n\u0131za ula\u015f\u0131m\u0131n\u0131z\u0131 planlarsan\u0131z birka\u00e7 aktarma yaparak daha yorucu ve pahal\u0131 bir seyahat olmu\u015f olur. E\u011fer grup\u00e7a gidiyorsan\u0131z araba kiralayarak gitmek de bir di\u011fer se\u00e7enek, adan\u0131n kendine ait otopark alan\u0131 bulunuyor.<\/p>\n\n\n\n<p>\ud83c\udd7f\ufe0fTurla da gitseniz kendiniz de gitseniz, arabalar\u0131 bir noktada park edip \u00fccretsiz olarak hizmet veren shuttle ile adan\u0131n k\u00f6pr\u00fcs\u00fcne var\u0131yorsunuz ve b\u00fcy\u00fcleyici atmosfere dahil oluyorsunuz.<\/p>\n","protected":false},"excerpt":{"rendered":"<p>Bu zamana kadar kar\u015f\u0131n\u0131za videolar\u0131 veya foto\u011fraflar\u0131 \u00e7\u0131km\u0131\u015f olabilir, ama bir de ben tan\u0131\u015ft\u0131ray\u0131m; Mont Saint-Michel \ud83c\uddeb\ud83c\uddf7 Normandiya k\u0131y\u0131lar\u0131nda bulunan<\/p>\n","protected":false},"author":1,"featured_media":0,"parent":0,"menu_order":0,"comment_status":"closed","ping_status":"closed","template":"","meta":{"om_disable_all_campaigns":false,"_mi_skip_tracking":false},"_links":{"self":[{"href":"https:\/\/istikametburasi.com\/index.php\/wp-json\/wp\/v2\/pages\/615"}],"collection":[{"href":"https:\/\/istikametburasi.com\/index.php\/wp-json\/wp\/v2\/pages"}],"about":[{"href":"https:\/\/istikametburasi.com\/index.php\/wp-json\/wp\/v2\/types\/page"}],"author":[{"embeddable":true,"href":"https:\/\/istikametburasi.com\/index.php\/wp-json\/wp\/v2\/users\/1"}],"replies":[{"embeddable":true,"href":"https:\/\/istikametburasi.com\/index.php\/wp-json\/wp\/v2\/comments?post=615"}],"version-history":[{"count":5,"href":"https:\/\/istikametburasi.com\/index.php\/wp-json\/wp\/v2\/pages\/615\/revisions"}],"predecessor-version":[{"id":1248,"href":"https:\/\/istikametburasi.com\/index.php\/wp-json\/wp\/v2\/pages\/615\/revisions\/1248"}],"wp:attachment":[{"href":"https:\/\/istikametburasi.com\/index.php\/wp-json\/wp\/v2\/media?parent=615"}],"curies":[{"name":"wp","href":"https:\/\/api.w.org\/{rel}","templated":true}]}}