{"id":617,"date":"2023-10-08T23:37:59","date_gmt":"2023-10-08T21:37:59","guid":{"rendered":"https:\/\/istikametburasi.com\/?page_id=617"},"modified":"2024-12-28T15:40:34","modified_gmt":"2024-12-28T13:40:34","slug":"milano","status":"publish","type":"page","link":"https:\/\/istikametburasi.com\/index.php\/milano\/","title":{"rendered":"MILANO"},"content":{"rendered":"\n<figure class=\"is-layout-flex wp-block-gallery-1 wp-block-gallery has-nested-images columns-default is-cropped\">\n<figure class=\"wp-block-image size-large\"><img decoding=\"async\" loading=\"lazy\" width=\"1024\" height=\"1024\" data-id=\"1374\"  src=\"https:\/\/istikametburasi.com\/wp-content\/uploads\/2023\/10\/milano-3-1024x1024.png\" alt=\"\" class=\"wp-image-1374\" srcset=\"https:\/\/istikametburasi.com\/wp-content\/uploads\/2023\/10\/milano-3-1024x1024.png 1024w, https:\/\/istikametburasi.com\/wp-content\/uploads\/2023\/10\/milano-3-300x300.png 300w, https:\/\/istikametburasi.com\/wp-content\/uploads\/2023\/10\/milano-3-150x150.png 150w, https:\/\/istikametburasi.com\/wp-content\/uploads\/2023\/10\/milano-3-768x768.png 768w, https:\/\/istikametburasi.com\/wp-content\/uploads\/2023\/10\/milano-3.png 1080w\" sizes=\"(max-width: 1024px) 100vw, 1024px\" \/><\/figure>\n\n\n\n<figure class=\"wp-block-image size-large\"><img decoding=\"async\" loading=\"lazy\" width=\"1024\" height=\"1024\" data-id=\"1376\"  src=\"https:\/\/istikametburasi.com\/wp-content\/uploads\/2023\/10\/milano-1-1024x1024.png\" alt=\"\" class=\"wp-image-1376\" srcset=\"https:\/\/istikametburasi.com\/wp-content\/uploads\/2023\/10\/milano-1-1024x1024.png 1024w, https:\/\/istikametburasi.com\/wp-content\/uploads\/2023\/10\/milano-1-300x300.png 300w, https:\/\/istikametburasi.com\/wp-content\/uploads\/2023\/10\/milano-1-150x150.png 150w, https:\/\/istikametburasi.com\/wp-content\/uploads\/2023\/10\/milano-1-768x768.png 768w, https:\/\/istikametburasi.com\/wp-content\/uploads\/2023\/10\/milano-1.png 1080w\" sizes=\"(max-width: 1024px) 100vw, 1024px\" \/><\/figure>\n\n\n\n<figure class=\"wp-block-image size-large\"><img decoding=\"async\" loading=\"lazy\" width=\"1024\" height=\"1024\" data-id=\"1375\"  src=\"https:\/\/istikametburasi.com\/wp-content\/uploads\/2023\/10\/milano-2-1024x1024.png\" alt=\"\" class=\"wp-image-1375\" srcset=\"https:\/\/istikametburasi.com\/wp-content\/uploads\/2023\/10\/milano-2-1024x1024.png 1024w, https:\/\/istikametburasi.com\/wp-content\/uploads\/2023\/10\/milano-2-300x300.png 300w, https:\/\/istikametburasi.com\/wp-content\/uploads\/2023\/10\/milano-2-150x150.png 150w, https:\/\/istikametburasi.com\/wp-content\/uploads\/2023\/10\/milano-2-768x768.png 768w, https:\/\/istikametburasi.com\/wp-content\/uploads\/2023\/10\/milano-2.png 1080w\" sizes=\"(max-width: 1024px) 100vw, 1024px\" \/><\/figure>\n<\/figure>\n\n\n\n<p><strong>Milano: Moda, Sanat ve Zarafetin Ba\u015fkenti<\/strong><\/p>\n\n\n\n<p>Milano, \u0130talya\u2019n\u0131n modern y\u00fcz\u00fcn\u00fc temsil eden bir \u015fehir olsa da tarih, sanat ve k\u00fclt\u00fcr a\u00e7\u0131s\u0131ndan da zengin bir ge\u00e7mi\u015fe sahip. \u015eehrin sokaklar\u0131nda dola\u015f\u0131rken hem Orta \u00c7a\u011f\u2019dan kalma tarihi yap\u0131lar hem de \u00e7a\u011fda\u015f mimarinin \u00e7arp\u0131c\u0131 \u00f6rnekleriyle kar\u015f\u0131la\u015fabilirsiniz. D\u00fcnyaca \u00fcnl\u00fc moda markalar\u0131n\u0131n merkezi olmas\u0131, Milano\u2019yu al\u0131\u015fveri\u015f tutkunlar\u0131 i\u00e7in bir cennet haline getiriyor. Ayn\u0131 zamanda, \u201cSon Yemek\u201d gibi sanat \u015faheserlerine ev sahipli\u011fi yapmas\u0131, sanata merakl\u0131 ziyaret\u00e7ilerin kalbini \u00e7al\u0131yor. Milano, \u0130talyan zarafetini, mutfa\u011f\u0131n\u0131 ve sanat\u0131n\u0131 tam anlam\u0131yla deneyimlemek isteyenler i\u00e7in unutulmaz bir \u015fehir.<\/p>\n\n\n\n<p>Milano&#8217;yu ke\u015ffetmek i\u00e7in 2 g\u00fcn olduk\u00e7a yeterli olacakt\u0131r. E\u011fer \u0130svi\u00e7re&#8217;ye gitmek gibi bir d\u00fc\u015f\u00fcnceniz varsa Milano&#8217;dan \u0130svi\u00e7re&#8217;nin \u0130talya s\u0131n\u0131r\u0131ndaki \u015fehri <strong>Lugano<\/strong>&#8216;ya tren yolculu\u011fu 1.30 saat s\u00fcr\u00fcyor, bilet fiyatlar\u0131 40 Euro civar\u0131nda. Lugano i\u00e7in g\u00fcn\u00fcbirlik bir seyahat olduk\u00e7a yeterli olacakt\u0131r.<\/p>\n\n\n\n<p><strong><mark style=\"background-color:rgba(0, 0, 0, 0)\" class=\"has-inline-color has-vivid-red-color\">Milano Yap\u0131lacaklar Listesi:<\/mark><\/strong><\/p>\n\n\n\n<p>\ud83d\udd14 Duomo Katedrali\u2019ni\u00a0gezin<br>\ud83c\udfdb Galleria Vittorio Emanuele II\u2019de\u00a0y\u00fcr\u00fcy\u00fcn<br>\ud83e\udd6f Luini\u2019de Panzerotti yiyin<br>\ud83c\udfde Sempione Park\u0131\u2019nda zaman ge\u00e7irin<br>\ud83c\udfb6 La Scala Opera\u2019da bir g\u00f6sterime kat\u0131l\u0131n<br>\ud83d\uddbc Poldi Pezzoli M\u00fczesi\u2019ni\u00a0gezin<br>\ud83e\udd29 Da Vinci\u2019nin \u00fcnl\u00fc \u201cSon Yemek\u201d Freskini yerinde g\u00f6r\u00fcn<br>\ud83c\udf7b Navigli B\u00f6lgesi\u2019nde\u00a0zaman ge\u00e7irin<br>\ud83c\udfa8 Brera Sanat Galerisi\u2019ne gidin<br>\ud83c\udf5d Lezzetli pizzalar\u0131, makarnalar\u0131, \u015faraplar\u0131 ve kahveleri tad\u0131n<br>\ud83c\udf05 Duomo Katedrali\u2019nin\u00a0teras\u0131nda g\u00fcn bat\u0131m\u0131n\u0131\u00a0izleyin<br>\ud83d\ude89 Como\u2019ya\u00a0g\u00fcn\u00fcbirlik gidin<br>\u2615\ufe0f Starbucks Reserve Roastery\u2019i\u00a0ziyaret edin<br>\ud83d\udcf8 San Lorenzo S\u00fctunlar\u0131\u2019nda\u00a0foto\u011fraf \u00e7ekilin<br>\ud83d\udc63 Brera B\u00f6lgesi\u2019nde\u00a0kaybolun<br>\ud83d\uddfc Torre Branca Kulesi\u2019nden Milano\u2019yu seyredin<br>\ud83d\udecd Al\u0131\u015fveri\u015f yap\u0131n<\/p>\n\n\n\n<p>E\u011fer fazladan bir g\u00fcn\u00fcn\u00fcz varsa mutlaka <strong>Como G\u00f6l\u00fc<\/strong>&#8216;ne gitmenizi \u00f6neririm. \u00d6zellikle de yaz veya bahar aylar\u0131nda giderseniz tekne kiralay\u0131p da g\u00f6l\u00fcn ve harika manzaralar\u0131n tad\u0131n\u0131 \u00e7\u0131karabilirsiniz. <strong><mark style=\"background-color:rgba(0, 0, 0, 0)\" class=\"has-inline-color has-pale-cyan-blue-color\">Villa del Balbianello<\/mark><\/strong>, <strong><mark style=\"background-color:rgba(0, 0, 0, 0)\" class=\"has-inline-color has-vivid-green-cyan-color\">Villa Carlotta<\/mark><\/strong> ve <mark style=\"background-color:rgba(0, 0, 0, 0)\" class=\"has-inline-color has-vivid-purple-color\"><strong>Villa Monastero<\/strong><\/mark> g\u00f6rmenizi tavsiye etti\u011fim baz\u0131 e\u015fsiz mimari yap\u0131lar ve bah\u00e7eler. Ayr\u0131ca teleferik ile tepeye \u00e7\u0131karak da muhte\u015fem bir \u015fehir ve g\u00f6l manzaras\u0131 g\u00f6rebilirsiniz.<\/p>\n\n\n\n<p>Milano Centrale&#8217;den Como&#8217;ya tren yolculu\u011fu yakla\u015f\u0131k 1 saat s\u00fcr\u00fcyor, bilet fiyatlar\u0131 da 11 Euro civar\u0131.<\/p>\n\n\n\n<p>\ud83d\udccc A\u015fa\u011f\u0131da birka\u00e7 turistik durak i\u00e7in\u00a0<strong>k\u0131sa bilgileri<\/strong>\u00a0ekliyorum, \u015fehri gezerken bu duraklar\u0131n tarihi \u00f6nemi gibi detaylar\u0131 bulabilirsiniz.<\/p>\n\n\n\n<p><strong>\ud83d\udd14 Duomo Katedrali<\/strong><\/p>\n\n\n\n<p>Milano\u2019nun simgesi olan Duomo Katedrali, gotik mimarinin en \u00e7arp\u0131c\u0131 \u00f6rneklerinden biri. Yap\u0131m\u0131 tam 600 y\u0131l s\u00fcren bu muhte\u015fem katedralin detayl\u0131 d\u0131\u015f cephesi ve i\u00e7indeki vitray pencereler b\u00fcy\u00fcleyici bir atmosfer sunuyor. Katedralin teras\u0131na \u00e7\u0131karak Milano\u2019yu ku\u015fbak\u0131\u015f\u0131 izleyebilir, \u00f6zellikle g\u00fcn bat\u0131m\u0131nda etkileyici manzaralar\u0131n tad\u0131n\u0131 \u00e7\u0131karabilirsiniz. Teras\u0131n her k\u00f6\u015fesinde g\u00f6rece\u011finiz heykel detaylar\u0131 ise bu yap\u0131n\u0131n ne kadar \u00f6zenle in\u015fa edildi\u011fini g\u00f6steriyor. Ziyaret ederken omuzlar\u0131n\u0131z\u0131 kapatan bir k\u0131yafet tercih etmeyi unutmay\u0131n, \u00e7\u00fcnk\u00fc buras\u0131 dini bir mekan. Ayr\u0131ca yukar\u0131daki teras k\u0131sm\u0131na \u00e7\u0131kmak i\u00e7in online bilet alman\u0131z\u0131 \u00f6neririm, merdiven veya asans\u00f6r ile \u00e7\u0131k\u0131lan iki ayr\u0131 bilet oluyor. Benim tavsiyem asans\u00f6r ile \u00e7\u0131kman\u0131z olur. E\u011fer zaman konusunda \u00e7ok emin de\u011filseniz, online bilet almasan\u0131z bile katedralin kar\u015f\u0131 k\u00f6\u015fesinde bilet ofisinden bilet alabilirsiniz. Fakat akl\u0131n\u0131zda bulunsun, her zaman uygun bilet olmayabiliyor bu sebeple \u00f6nceden online alman\u0131z\u0131 \u00f6neririm.<\/p>\n\n\n\n<p><strong>\ud83c\udfdb Galleria Vittorio Emanuele II<\/strong><\/p>\n\n\n\n<p>Duomo\u2019nun hemen yan\u0131nda yer alan Galleria Vittorio Emanuele II, yaln\u0131zca bir al\u0131\u015fveri\u015f merkezi de\u011fil, ayn\u0131 zamanda mimari bir \u015faheser. Cam tavan\u0131, zarif mozaik d\u00f6\u015femeleri ve tarihi d\u00fckkanlar\u0131yla buras\u0131, Milano\u2019nun \u015f\u0131kl\u0131\u011f\u0131n\u0131 yans\u0131tan bir ge\u00e7it. Burada l\u00fcks markalar\u0131n ma\u011fazalar\u0131n\u0131 gezebilir veya kafelerden birinde oturup espresso\u2019nuzun tad\u0131n\u0131 \u00e7\u0131karabilirsiniz. Ayr\u0131ca galeri i\u00e7inde yer alan bo\u011fa mozai\u011finin \u00fcst\u00fcnde topuklar\u0131n\u0131zla d\u00f6nmenin \u015fans getirdi\u011fi s\u00f6ylenir, denemeyi unutmay\u0131n!<\/p>\n\n\n\n<p><strong>\ud83e\udd29 Da Vinci\u2019nin \u201cSon Yemek\u201d Freski<\/strong><\/p>\n\n\n\n<p>Leonardo da Vinci\u2019nin d\u00fcnyaca \u00fcnl\u00fc eseri \u201cSon Yemek\u201d freski, Santa Maria delle Grazie manast\u0131r\u0131nda sergileniyor. Bu ba\u015fyap\u0131t\u0131 yerinde g\u00f6rmek, Milano seyahatinin en \u00f6zel anlar\u0131ndan biri olabilir. Fresk, zaman\u0131n etkisiyle olduk\u00e7a zarar g\u00f6rm\u00fc\u015f olsa da restorasyon \u00e7al\u0131\u015fmalar\u0131 sayesinde b\u00fcy\u00fcleyici detaylar\u0131 hala g\u00f6r\u00fclebiliyor. Ancak buray\u0131 ziyaret etmek istiyorsan\u0131z, \u00f6nceden bilet rezervasyonu yapmay\u0131 ihmal etmeyin, \u00e7\u00fcnk\u00fc olduk\u00e7a pop\u00fcler bir yer.<\/p>\n\n\n\n<p><strong>\ud83c\udf7b Navigli B\u00f6lgesi<\/strong><\/p>\n\n\n\n<p>Navigli, Milano\u2019nun kanallar b\u00f6lgesi ve \u015fehrin en canl\u0131 noktalar\u0131ndan biri. Burada nehir kenar\u0131ndaki barlarda ve restoranlarda oturup keyifli bir ak\u015fam ge\u00e7irebilirsiniz. B\u00f6lge \u00f6zellikle g\u00fcn bat\u0131m\u0131nda romantik bir atmosfere b\u00fcr\u00fcn\u00fcyor. Ay\u0131n son Pazar g\u00fcn\u00fc kurulan antika pazar\u0131, e\u015fsiz par\u00e7alar bulmak isteyenler i\u00e7in harika bir f\u0131rsat sunuyor. Navigli, \u015fehrin hem sosyal hem de k\u00fclt\u00fcrel y\u00fcz\u00fcn\u00fc deneyimlemek i\u00e7in m\u00fckemmel bir yer.<\/p>\n\n\n\n<p><strong>\ud83d\uddbc Brera Sanat Galerisi<\/strong><\/p>\n\n\n\n<p>Sanatseverler i\u00e7in Brera Sanat Galerisi, Milano\u2019nun en etkileyici noktalar\u0131ndan biri. Burada \u0130talya\u2019n\u0131n en \u00f6nemli sanat eserlerinden baz\u0131lar\u0131n\u0131 g\u00f6rebilirsiniz. Raphael, Caravaggio ve Titian gibi \u00fcnl\u00fc sanat\u00e7\u0131lar\u0131n eserleri, galeri i\u00e7inde sergileniyor. Galeri, \u015fehrin Brera B\u00f6lgesi\u2019nde yer al\u0131yor; bu y\u00fczden ziyaretinizden sonra \u00e7evredeki bohem sokaklarda dola\u015farak b\u00f6lgenin sanat dolu atmosferinin tad\u0131n\u0131 \u00e7\u0131karabilirsiniz.<\/p>\n\n\n\n<p><strong>\ud83e\udd6f Luini\u2019de Panzerotti<\/strong><\/p>\n\n\n\n<p>Milano\u2019ya gelip Luini\u2019nin \u00fcnl\u00fc panzerotti\u2019sini denememek b\u00fcy\u00fck bir kay\u0131p olur. Geleneksel bir \u0130talyan lezzeti olan panzerotti, k\u0131zarm\u0131\u015f ya da f\u0131r\u0131nlanm\u0131\u015f bir t\u00fcr mini pide. Mozzarella ve domates sosuyla haz\u0131rlanan bu nefis at\u0131\u015ft\u0131rmal\u0131k, hem uygun fiyatl\u0131 hem de olduk\u00e7a doyurucu. Hem tatl\u0131 hem de tuzlu olduk\u00e7a fazla se\u00e7enek bulunuyor. Genellikle uzun kuyruklar olsa da beklemeye de\u011fer! Buray\u0131 ke\u015ffettikten sonra \u015fehrin lezzetli mutfa\u011f\u0131na daha da hayran kalacaks\u0131n\u0131z.<\/p>\n\n\n\n<p><strong>A\u015fa\u011f\u0131da Milano seyahatinizde ihtiyac\u0131n\u0131z olabilecek giri\u015f biletleri ve turlar i\u00e7in linkleri bulabilirsiniz<\/strong><\/p>\n\n\n\n<p><strong><a href=\"https:\/\/gyg.me\/0IhxBYu7\" target=\"_blank\" rel=\"noreferrer noopener\"><mark style=\"background-color:rgba(0, 0, 0, 0)\" class=\"has-inline-color has-vivid-red-color\">\u00d6ZEL TEKNE \u0130LE COMO G\u00d6L\u00dc TURU<\/mark><\/a><\/strong><\/p>\n\n\n\n<p><a href=\"https:\/\/gyg.me\/0imdg3EM\" target=\"_blank\" rel=\"noreferrer noopener\"><strong><mark style=\"background-color:rgba(0, 0, 0, 0)\" class=\"has-inline-color has-vivid-red-color\">MILANO&#8217;DAN G\u00dcN\u00dcB\u0130RL\u0130K BERNINA TREN\u0130 \u0130LE \u0130SV\u0130\u00c7RE SEYAHAT\u0130<\/mark><\/strong><\/a><\/p>\n\n\n\n<p><a href=\"https:\/\/gyg.me\/BTSSRJs0\" target=\"_blank\" rel=\"noreferrer noopener\"><strong><mark style=\"background-color:rgba(0, 0, 0, 0)\" class=\"has-inline-color has-vivid-red-color\">DUOMO KATEDRAL VE TERAS B\u0130LET\u0130<\/mark><\/strong><\/a><\/p>\n\n\n\n<p>Milano ile ilgili t\u00fcm detaylar\u0131&nbsp;<a href=\"https:\/\/www.instagram.com\/istikametburasi\">Instagram profilimde<\/a>&nbsp;\u00f6ne \u00e7\u0131kanlar k\u0131sm\u0131ndaki \u201c\ud83c\uddee\ud83c\uddf9 Milano\u201d ba\u015fl\u0131\u011f\u0131 alt\u0131nda bulabilirsiniz.<\/p>\n","protected":false},"excerpt":{"rendered":"<p>Milano: Moda, Sanat ve Zarafetin Ba\u015fkenti Milano, \u0130talya\u2019n\u0131n modern y\u00fcz\u00fcn\u00fc temsil eden bir \u015fehir olsa da tarih, sanat ve k\u00fclt\u00fcr<\/p>\n","protected":false},"author":1,"featured_media":0,"parent":0,"menu_order":0,"comment_status":"closed","ping_status":"closed","template":"","meta":{"om_disable_all_campaigns":false,"_mi_skip_tracking":false},"_links":{"self":[{"href":"https:\/\/istikametburasi.com\/index.php\/wp-json\/wp\/v2\/pages\/617"}],"collection":[{"href":"https:\/\/istikametburasi.com\/index.php\/wp-json\/wp\/v2\/pages"}],"about":[{"href":"https:\/\/istikametburasi.com\/index.php\/wp-json\/wp\/v2\/types\/page"}],"author":[{"embeddable":true,"href":"https:\/\/istikametburasi.com\/index.php\/wp-json\/wp\/v2\/users\/1"}],"replies":[{"embeddable":true,"href":"https:\/\/istikametburasi.com\/index.php\/wp-json\/wp\/v2\/comments?post=617"}],"version-history":[{"count":7,"href":"https:\/\/istikametburasi.com\/index.php\/wp-json\/wp\/v2\/pages\/617\/revisions"}],"predecessor-version":[{"id":2250,"href":"https:\/\/istikametburasi.com\/index.php\/wp-json\/wp\/v2\/pages\/617\/revisions\/2250"}],"wp:attachment":[{"href":"https:\/\/istikametburasi.com\/index.php\/wp-json\/wp\/v2\/media?parent=617"}],"curies":[{"name":"wp","href":"https:\/\/api.w.org\/{rel}","templated":true}]}}