{"id":621,"date":"2023-10-16T11:49:26","date_gmt":"2023-10-16T09:49:26","guid":{"rendered":"https:\/\/istikametburasi.com\/?page_id=621"},"modified":"2024-12-28T20:54:30","modified_gmt":"2024-12-28T18:54:30","slug":"floransa","status":"publish","type":"page","link":"https:\/\/istikametburasi.com\/index.php\/floransa\/","title":{"rendered":"FLORANSA"},"content":{"rendered":"\n<figure class=\"is-layout-flex wp-block-gallery-1 wp-block-gallery has-nested-images columns-default is-cropped\">\n<figure class=\"wp-block-image size-large\"><img decoding=\"async\" loading=\"lazy\" width=\"1024\" height=\"1024\" data-id=\"1417\"  src=\"https:\/\/istikametburasi.com\/wp-content\/uploads\/2023\/10\/floransa-2-1024x1024.png\" alt=\"\" class=\"wp-image-1417\" srcset=\"https:\/\/istikametburasi.com\/wp-content\/uploads\/2023\/10\/floransa-2-1024x1024.png 1024w, https:\/\/istikametburasi.com\/wp-content\/uploads\/2023\/10\/floransa-2-300x300.png 300w, https:\/\/istikametburasi.com\/wp-content\/uploads\/2023\/10\/floransa-2-150x150.png 150w, https:\/\/istikametburasi.com\/wp-content\/uploads\/2023\/10\/floransa-2-768x768.png 768w, https:\/\/istikametburasi.com\/wp-content\/uploads\/2023\/10\/floransa-2.png 1080w\" sizes=\"(max-width: 1024px) 100vw, 1024px\" \/><\/figure>\n\n\n\n<figure class=\"wp-block-image size-large\"><img decoding=\"async\" loading=\"lazy\" width=\"1024\" height=\"1024\" data-id=\"1418\"  src=\"https:\/\/istikametburasi.com\/wp-content\/uploads\/2023\/10\/floransa-4-1024x1024.png\" alt=\"\" class=\"wp-image-1418\" srcset=\"https:\/\/istikametburasi.com\/wp-content\/uploads\/2023\/10\/floransa-4-1024x1024.png 1024w, https:\/\/istikametburasi.com\/wp-content\/uploads\/2023\/10\/floransa-4-300x300.png 300w, https:\/\/istikametburasi.com\/wp-content\/uploads\/2023\/10\/floransa-4-150x150.png 150w, https:\/\/istikametburasi.com\/wp-content\/uploads\/2023\/10\/floransa-4-768x768.png 768w, https:\/\/istikametburasi.com\/wp-content\/uploads\/2023\/10\/floransa-4.png 1080w\" sizes=\"(max-width: 1024px) 100vw, 1024px\" \/><\/figure>\n\n\n\n<figure class=\"wp-block-image size-large\"><img decoding=\"async\" loading=\"lazy\" width=\"1024\" height=\"1024\" data-id=\"1416\"  src=\"https:\/\/istikametburasi.com\/wp-content\/uploads\/2023\/10\/floransa-5-1024x1024.png\" alt=\"\" class=\"wp-image-1416\" srcset=\"https:\/\/istikametburasi.com\/wp-content\/uploads\/2023\/10\/floransa-5-1024x1024.png 1024w, https:\/\/istikametburasi.com\/wp-content\/uploads\/2023\/10\/floransa-5-300x300.png 300w, https:\/\/istikametburasi.com\/wp-content\/uploads\/2023\/10\/floransa-5-150x150.png 150w, https:\/\/istikametburasi.com\/wp-content\/uploads\/2023\/10\/floransa-5-768x768.png 768w, https:\/\/istikametburasi.com\/wp-content\/uploads\/2023\/10\/floransa-5.png 1080w\" sizes=\"(max-width: 1024px) 100vw, 1024px\" \/><\/figure>\n<\/figure>\n\n\n\n<p><strong>Floransa: R\u00f6nesans\u2019\u0131n Do\u011fdu\u011fu \u015eehir<\/strong><\/p>\n\n\n\n<p>Floransa, sanat\u0131n ve tarihin kalbinin att\u0131\u011f\u0131, \u0130talya\u2019n\u0131n en b\u00fcy\u00fcleyici \u015fehirlerinden biri. R\u00f6nesans\u2019\u0131n do\u011fum yeri olarak bilinen bu \u015fehir, Michelangelo, Leonardo da Vinci ve Botticelli gibi sanat\u00e7\u0131lar\u0131n eserlerini yaratt\u0131\u011f\u0131 bir ilham kayna\u011f\u0131 olmu\u015f. Dar ta\u015f sokaklar\u0131, g\u00f6rkemli meydanlar\u0131 ve etkileyici manzaralar\u0131yla Floransa, ziyaret\u00e7ilerine adeta ge\u00e7mi\u015fe bir yolculuk sunuyor. \u015eehrin her k\u00f6\u015fesi, tarih ve sanat dolu hikayelerle sizi kar\u015f\u0131l\u0131yor. Lezzetli Toskana mutfa\u011f\u0131, \u015farab\u0131 ve s\u0131cak atmosferiyle Floransa, bir ziyaret de\u011fil, bir deneyim sunuyor.<\/p>\n\n\n\n<p><strong><mark style=\"background-color:rgba(0, 0, 0, 0)\" class=\"has-inline-color has-vivid-red-color\">Floransa Yap\u0131lacaklar Listesi:<\/mark><\/strong><\/p>\n\n\n\n<p>\ud83d\udc63Signoria Meydan\u0131\u2019nda y\u00fcr\u00fcy\u00fcn<br>\u2b50\ufe0fFloransa Katedrali\u2019ni g\u00f6r\u00fcn, foto\u011fraflay\u0131n<br>\ud83c\udf05Katedral\u2019in kubbe k\u0131sm\u0131na \u00e7\u0131karak muhte\u015fem kubbeyi ve \u015fehir manzaras\u0131n\u0131 g\u00f6r\u00fcn<br>\ud83d\udd14Giotto\u2019nun \u00c7an Kulesi\u2019ne \u00e7\u0131k\u0131n<br>\ud83d\udcdcVecchio K\u00f6pr\u00fcs\u00fc\u2019nde zaman ge\u00e7irin<br>\ud83d\uddfaVecchio Saray\u0131\u2019n\u0131 gezin<br>\ud83c\udfa8Uffizi Galerisi\u2019ni mutlaka gezin<br>\u26f2\ufe0fMichelangelo Meyan\u0131\u2019n\u0131 g\u00f6r\u00fcn<br>\ud83c\udf9eSanta Maria Novella\u2019y\u0131 foto\u011fraflay\u0131n<br>\ud83d\uddbcGalleria dell\u2019 Accademia\u2019y\u0131 gezin<br>\u2728Pitti Saray\u0131\u2019n\u0131 ke\u015ffedin<br>\ud83c\udf33Boboli Bah\u00e7eleri\u2019ni gezin<br>\u26ea\ufe0fSanta Croce Bazilikas\u0131\u2019n\u0131 g\u00f6r\u00fcn<br>\u2615\ufe0fPiazza della Repubblica\u2019da kahve keyfi yap\u0131n<br>\ud83c\udf70Gilli Pastanesi\u2019nde y\u00f6resel tatl\u0131lar\u0131 tad\u0131n<br>\ud83c\udfdbBargello M\u00fczesi\u2019ni gezin<br>\ud83c\udf1fSan Lorenzo Bazilikas\u0131 ve Medici \u015eapeli\u2019ni ke\u015ffedin<br>\ud83d\udecdLoggia del Mercato Nuovo\u2019da al\u0131\u015fveri\u015f yap\u0131n<br>\ud83d\uddffLoggia dei Lanzi (A\u00e7\u0131k Hava Galerisi) foto\u011fraflay\u0131n<br>\ud83d\ude89G\u00fcn\u00fcbirlik Pisa turu<br>\ud83d\ude89G\u00fcn\u00fcbirlik Siena turu<br>\ud83d\ude89G\u00fcn\u00fcbirlik San Gimignano turu<\/p>\n\n\n\n<p>Gelelim baz\u0131 \u00f6zel bilgilere, <strong>Floransa seyahatiniz boyunca daha ekonomi ve planl\u0131 gezmenize yard\u0131mc\u0131 olacak baz\u0131 bilgiler:<\/strong><\/p>\n\n\n\n<p>\ud83d\udccc Kas\u0131m ve Mart aras\u0131 d\u00fc\u015f\u00fck sezon olarak ge\u00e7ti\u011fi i\u00e7in m\u00fcze giri\u015fleri \u00e7ok daha ucuz oluyor. E\u011fer ki <strong>10 Kas\u0131m-20 \u015eubat aras\u0131 Pitti Saray\u0131 <\/strong>i\u00e7in biletinizi kap\u0131da sabah 08.59\u2019dan \u00f6nce al\u0131rsan\u0131z ve  08:30-09:35 slotuna yeti\u015febilirseniz %50 indirimli gezebilirsiniz. <\/p>\n\n\n\n<p>\ud83d\udccc Boboli Bah\u00e7eleri ve Pitti Saray\u0131 i\u00e7in kombine bilet almak \u00e7ok daha iyi bir se\u00e7enek. Ayr\u0131ca bu biletle Bardini Bah\u00e7esi\u2019ni de gezebilirsiniz. Bu biletin \u00fccreti, y\u00fcksek sezonda 23\u20ac, d\u00fc\u015f\u00fck sezonda 14\u20ac.<\/p>\n\n\n\n<p>\ud83d\udccc Uffizi M\u00fczesi i\u00e7in ald\u0131\u011f\u0131n\u0131z biletiniz ile, Arkeoloji M\u00fczesi ve Opificio delle Pietre Dure\u2019yi gezebilirsiniz.<\/p>\n\n\n\n<p>\ud83d\udccc Her ay\u0131n ilk pazar g\u00fcn\u00fc ve ulusal bayram g\u00fcnlerinde (25 Nisan- 2 Haziran- 4 Kas\u0131m) Uffizi&#8217;nin de dahil oldu\u011fu pek \u00e7ok m\u00fczeyi \u00fccretsiz ziyaret edebilirsiniz.<\/p>\n\n\n\n<p>\ud83d\udccc <strong>\u201cPassepatout 5 days\u201d<\/strong> kombine biletiyle, <mark style=\"background-color:rgba(0, 0, 0, 0)\" class=\"has-inline-color has-vivid-red-color\">Uffizi, Pitti Saray\u0131, Boboli Bah\u00e7eleri, Arkeoloji M\u00fczesi ve Olificio delle Pietre Dure<\/mark> gibi turistik noktalar\u0131 \u00e7ok dah auygun bir \u00fccret ile gezebilirsiniz. Bileti al\u0131rken Uffizi M\u00fczesi i\u00e7in g\u00fcn ve saat rezervasyonu yapmal\u0131s\u0131n\u0131z ve ilk olarak Uffizi M\u00fczesi&#8217;ni gezmeniz gerekiyor. Bu biletin \u00fccreti, Mart-Ekim: 39\u20ac, Kas\u0131m-\u015eubat: 18\u20ac.<\/p>\n\n\n\n<p>\ud83c\udf7d Floransa&#8217;n\u0131n tarihi yap\u0131lar\u0131 ve sanatsal g\u00fczellikleri kadar yemekleri de olduk\u00e7a de\u011ferli. Toskana ve Floransa mutfa\u011f\u0131n\u0131n bir\u00e7ok \u00f6zel lezzetini tadabilece\u011finiz <strong>favori restoranlar\u0131m\u0131<\/strong> a\u015fa\u011f\u0131ya listeledim.<\/p>\n\n\n\n<p><strong><mark style=\"background-color:rgba(0, 0, 0, 0)\" class=\"has-inline-color has-vivid-red-color\">Obica<\/mark><\/strong>: \u00d6zellikle restoran\u0131n dizayn\u0131 \u00e7ok etkileyici, sunumlar\u0131n ve atmosferin kalitesi de olduk\u00e7a g\u00fczel. Yemek fiyatlar\u0131 b\u00f6ylesi bir restoran i\u00e7in bence \u00e7ok uygun. \u00c7orba, ana yemek ve tatl\u0131dan olu\u015fan bir yeme\u011fin \u00fccreti ki\u015fi ba\u015f\u0131 ortalama 30\u20ac\u2019ya denk geliyor.<\/p>\n\n\n\n<p><strong><mark style=\"background-color:rgba(0, 0, 0, 0)\" class=\"has-inline-color has-vivid-red-color\">Giotto Pizzeria Firenze: <\/mark><\/strong>\u0130talya\u2019da bu zamana kadar yedi\u011fim en iyi pizzalardan birini yedim diyebilirim. Men\u00fcde bulunan baz\u0131 pizzalar Michelin Y\u0131ld\u0131zl\u0131. B\u00f6yle dendi\u011finde kafam\u0131zda olu\u015fan fiyat aral\u0131\u011f\u0131 hemen y\u00fckseklere \u00e7\u0131k\u0131yor ama \u00f6yle de\u011fil. Pizzalar\u0131n \u00fccreti 8-16 \u20ac aras\u0131 de\u011fi\u015fiyor, ayr\u0131ca mekan\u0131n i\u00e7 tasar\u0131m\u0131 da bir pizzac\u0131dan \u00e7ok Fine Dining restoran gibiydi. Kesinlikle bir ak\u015fam\u0131n\u0131z\u0131 ay\u0131rman\u0131z\u0131 \u00f6neririm.<\/p>\n\n\n\n<p><strong><mark style=\"background-color:rgba(0, 0, 0, 0)\" class=\"has-inline-color has-vivid-red-color\">Trattoria Nerone<\/mark><\/strong>: Floransa\u2019da yemeden d\u00f6nmemeniz gereken Bistecca alla Fiorentina i\u00e7in en g\u00fczel adreslerden biri. Pesto soslu Tagliatelle\u2019yi de se\u00e7enekleriniz aras\u0131na alabilirsiniz.<\/p>\n\n\n\n<p><strong><mark style=\"background-color:rgba(0, 0, 0, 0)\" class=\"has-inline-color has-vivid-red-color\">Trattoria La Casalinga:<\/mark><\/strong> \u00d6zellikle Toskana mutfa\u011f\u0131n\u0131 ve Floransa yemeklerini tadabilece\u011finiz bir aile i\u015fletmesi. Floransa\u2019da \u201cTrattoria\u201d konsepti olduk\u00e7a pop\u00fcler, Trattoria Camilla ve Trattoria Sabatino di\u011fer g\u00fczel mekanlar.<\/p>\n\n\n\n<p><strong><mark style=\"background-color:rgba(0, 0, 0, 0)\" class=\"has-inline-color has-vivid-red-color\">All\u2019Antico Vinaio: <\/mark><\/strong>\u00d6n\u00fcnde uzun kuyruklar olu\u015fan pop\u00fcler sandvi\u00e7 d\u00fckkan\u0131. Seyahatinizde \u015fehrin sokaklar\u0131n\u0131 y\u00fcr\u00fcrken bir yandan da Floransa us\u00fcl\u00fc sandvi\u00e7lerinizi tadarak keyfini \u00e7\u0131karabilirsiniz.<\/p>\n\n\n\n<p><strong><mark style=\"background-color:rgba(0, 0, 0, 0)\" class=\"has-inline-color has-vivid-red-color\">Trattoria Za Za: <\/mark><\/strong>\u00d6zellikle Truffle soslu makarnas\u0131n\u0131 denemenizi \u00f6neriyorum, ayr\u0131ca mekan\u0131n ambiyans\u0131 da \u00e7ok g\u00fczel.<\/p>\n\n\n\n<p><strong><mark style=\"background-color:rgba(0, 0, 0, 0)\" class=\"has-inline-color has-vivid-red-color\">Sei Divino: <\/mark><\/strong>Toskana B\u00f6lgesi\u2019nin me\u015fhur \u015faraplar\u0131n\u0131 tatmak isterseniz u\u011frayabilece\u011finiz g\u00fczel bir \u015farap bar.<\/p>\n\n\n\n<p><strong><mark style=\"background-color:rgba(0, 0, 0, 0)\" class=\"has-inline-color has-vivid-red-color\">Vivoli:<\/mark><\/strong> Floransa seyahatinizde bir noktada mutlaka Vivoli\u2019ye u\u011fray\u0131p me\u015fhur Affogato\u2019yu denemelisiniz. Affogato Floransa\u2019da \u00e7ok pop\u00fcler olan kahve temal\u0131 bir tatl\u0131.<\/p>\n\n\n\n<p><strong><mark style=\"background-color:rgba(0, 0, 0, 0)\" class=\"has-inline-color has-vivid-red-color\">Gilli Pastanesi:<\/mark><\/strong> Cumhuriyet Meydan\u0131\u2019nda yer alan \u015fehrin en pop\u00fcler konumlar\u0131ndan biri. Meydana kar\u015f\u0131 kahvelerinizi i\u00e7ip pastanenin spesiyal tatl\u0131lar\u0131n\u0131 tadabilirsiniz.<\/p>\n\n\n\n<p>\ud83d\udccc A\u015fa\u011f\u0131da birka\u00e7 turistik durak i\u00e7in\u00a0<strong>k\u0131sa bilgileri<\/strong>\u00a0ekliyorum, \u015fehri gezerken bu duraklar\u0131n tarihi \u00f6nemi gibi detaylar\u0131 bulabilirsiniz.<\/p>\n\n\n\n<p><strong>\u2b50\ufe0f Floransa Katedrali ve \ud83c\udf05 Kubbesi<\/strong><\/p>\n\n\n\n<p>Santa Maria del Fiore Katedrali, Floransa\u2019n\u0131n en tan\u0131nm\u0131\u015f yap\u0131lar\u0131ndan biri. Beyaz, pembe ve ye\u015fil mermerlerle kapl\u0131 cephesi ger\u00e7ekten b\u00fcy\u00fcleyici. Filippo Brunelleschi\u2019nin tasarlad\u0131\u011f\u0131 kubbe, d\u00f6nemin m\u00fchendislik harikalar\u0131ndan biri olarak kabul ediliyor. Kubbenin tepesine \u00e7\u0131karak Floransa\u2019n\u0131n k\u0131rm\u0131z\u0131 \u00e7at\u0131larla kapl\u0131 muhte\u015fem manzaras\u0131n\u0131 izleyebilirsiniz. Burada, tarih ve sanat\u0131n bulu\u015ftu\u011fu bu e\u015fsiz mimariyi yak\u0131ndan g\u00f6rmek unutulmaz bir deneyim olacak. <\/p>\n\n\n\n<p>\ud83c\udfab <strong>Floransa Katedrali<\/strong>\u2019nin t\u00fcm b\u00f6l\u00fcmlerini gezmek i\u00e7in 30\u20ac \u00fccret ile bir bilet alaman\u0131z gerekiyor. Sabah saat 10.00\u2019a kadar Katedral etraf\u0131 biraz daha sakin oldu\u011fu i\u00e7in bu zamanlarda gidip gezerseniz daha \u00e7ok keyif alaca\u011f\u0131n\u0131z\u0131 d\u00fc\u015f\u00fcn\u00fcyorum. Ayr\u0131ca, bu bilet saat aral\u0131klar\u0131yla ziyaret edilen kubbe b\u00f6l\u00fcm\u00fcn\u00fc de i\u00e7erdi\u011fi i\u00e7in g\u00fcn i\u00e7inde h\u0131zl\u0131ca t\u00fckenebiliyor. Bu sebeple biletlerinizi sabah erken veya online olarak alman\u0131z\u0131 \u00f6neririm. Kubbe k\u0131sm\u0131n\u0131 gezmeden, sadece \u00c7an Kulesi ve Katedrali gezmek i\u00e7in gereken biletin fiyat\u0131 20\u20ac.<\/p>\n\n\n\n<p>\ud83d\udcf8 Floransa Katedralinin etkileyici kubbesini ve \u015fehrin manzaras\u0131n\u0131 g\u00f6rmek isterseniz bu k\u0131sm\u0131nda dahil oldu\u011fu bileti almal\u0131s\u0131n\u0131z. Katedralin kubbe b\u00f6l\u00fcm\u00fcn\u00fc gezmek i\u00e7in bilet al\u0131rken ayn\u0131 zamanda tarih ve saat se\u00e7meniz gerekiyor. Sabah erken saatte gitmezseniz veya biletinizi online almazsan\u0131z bu b\u00f6l\u00fcm\u00fcn biletlerinin t\u00fckenmesi kuvvetle muhtemel.<\/p>\n\n\n\n<p><strong>\ud83d\udcdc Vecchio K\u00f6pr\u00fcs\u00fc<\/strong><\/p>\n\n\n\n<p>Vecchio K\u00f6pr\u00fcs\u00fc, Floransa\u2019n\u0131n en eski k\u00f6pr\u00fcs\u00fc ve 14. y\u00fczy\u0131ldan beri \u015fehrin sembollerinden biri. \u0130lk ba\u015fta kasaplar\u0131n d\u00fckkanlar\u0131na ev sahipli\u011fi yapan k\u00f6pr\u00fc, bug\u00fcn zarif m\u00fccevher ma\u011fazalar\u0131yla dolu. II. D\u00fcnya Sava\u015f\u0131 s\u0131ras\u0131nda Floransa\u2019n\u0131n di\u011fer k\u00f6pr\u00fcleri y\u0131k\u0131l\u0131rken Vecchio K\u00f6pr\u00fcs\u00fc ayakta kalm\u0131\u015f. K\u00f6pr\u00fcden ge\u00e7erken Arno Nehri\u2019nin zarif ak\u0131\u015f\u0131n\u0131 izleyebilir, g\u00fcn bat\u0131m\u0131nda romantik bir atmosferin tad\u0131n\u0131 \u00e7\u0131karabilirsiniz.<\/p>\n\n\n\n<p><strong>\ud83d\udc63 Signoria Meydan\u0131<\/strong><\/p>\n\n\n\n<p>Signoria Meydan\u0131, Floransa\u2019n\u0131n tam kalbinde yer al\u0131yor ve \u015fehrin y\u00fczy\u0131llar boyunca politik merkezi olmu\u015f. Vecchio Saray\u0131\u2019n\u0131n g\u00f6rkemli duru\u015fu, meydan\u0131n odak noktas\u0131. Meydanda Michelangelo\u2019nun \u00fcnl\u00fc <em>David<\/em> heykelinin bir kopyas\u0131n\u0131 ve Cellini\u2019nin <em>Perseus ve Medusa<\/em> heykelini g\u00f6rebilirsiniz. Ayr\u0131ca meydan\u0131n ta\u015flar\u0131, Medici ailesinin g\u00fc\u00e7l\u00fc d\u00f6nemlerinden halk ayaklanmalar\u0131na kadar pek \u00e7ok olaya tan\u0131kl\u0131k etmi\u015f. Burada y\u00fcr\u00fcrken, Floransa\u2019n\u0131n tarihini ad\u0131m ad\u0131m hissetmek m\u00fcmk\u00fcn.<\/p>\n\n\n\n<p><strong>\ud83c\udfa8 Uffizi Galerisi<\/strong><\/p>\n\n\n\n<p>Uffizi Galerisi, R\u00f6nesans sanat\u0131n\u0131n en de\u011ferli koleksiyonlar\u0131ndan birine sahip. Botticelli\u2019nin <em>Ven\u00fcs\u2019\u00fcn Do\u011fu\u015fu<\/em> ve Caravaggio\u2019nun etkileyici eserleri gibi bir\u00e7ok ba\u015fyap\u0131t burada sergileniyor. Medici ailesinin sanat koleksiyonlar\u0131na ev sahipli\u011fi yapan galeri, Floransa\u2019n\u0131n sanat ve k\u00fclt\u00fcr miras\u0131n\u0131 yak\u0131ndan tan\u0131man\u0131z\u0131 sa\u011fl\u0131yor. Geni\u015f koleksiyonlar\u0131 gezmek i\u00e7in biraz zaman ay\u0131rman\u0131z gerekse de her saniyesine de\u011fecek. Ayr\u0131ca, \u015fehirdeki m\u00fcze ve galeriler aras\u0131nda \u00f6\u011frenci indirimi olan tek yer \ud83d\ude42 Fakat bu indirim de sadece Avrupa Birli\u011fi \u00fclkelerinde \u00f6\u011frenci olanlar i\u00e7in ge\u00e7erli. \u0130ndirimsiz \u00fccreti 12\u20ac, indirimli ise 2\u20ac. \u0130\u00e7eriye girerken olduk\u00e7a s\u0131k\u0131 bir g\u00fcvenlik kontrol\u00fcnden ge\u00e7iyorsunuz bu sebeple giri\u015fteki bekleme s\u0131ras\u0131 biraz uzun olabiliyor.\u00a0Buray\u0131 gezmek i\u00e7in 2 saat civar\u0131 ay\u0131rman\u0131z\u0131 \u00f6neririm, \u00e7\u00fcnk\u00fc bir\u00e7ok de\u011ferli sanat eserinin yan\u0131 s\u0131ra mimarisi ile de kendine hayran b\u0131rakacak. Ayr\u0131ca gezerken video \u00e7ekmek yasak, sadece foto\u011fraf \u00e7ekimlerine izin veriliyor.<\/p>\n\n\n\n<p><strong>\ud83c\udf33 Boboli Bah\u00e7eleri<\/strong><\/p>\n\n\n\n<p>Boboli Bah\u00e7eleri, 16. y\u00fczy\u0131lda Medici ailesi taraf\u0131ndan tasarlanm\u0131\u015f ve Floransa\u2019daki en b\u00fcy\u00fck a\u00e7\u0131k alanlardan biri. Barok tarzda d\u00fczenlenmi\u015f bah\u00e7elerde y\u00fcr\u00fcrken zarif heykeller, \u00e7e\u015fmeler ve gizli ge\u00e7itlerle kar\u015f\u0131la\u015fabilirsiniz. Bah\u00e7eler, Pitti Saray\u0131\u2019n\u0131n hemen arkas\u0131nda yer al\u0131yor ve Floransa\u2019n\u0131n ye\u015fil bir cenneti gibi hissettiriyor. Burada birka\u00e7 saat ge\u00e7irip \u015fehrin yo\u011funlu\u011fundan uzakla\u015fabilirsiniz.<\/p>\n\n\n\n<p><strong>\ud83d\uddbc Galleria dell\u2019Accademia<\/strong><\/p>\n\n\n\n<p>Galleria dell\u2019Accademia, Michelangelo\u2019nun d\u00fcnyaca \u00fcnl\u00fc <em>David<\/em> heykelini bar\u0131nd\u0131r\u0131yor. Bu ba\u015fyap\u0131t, sanat tarihinin en etkileyici eserlerinden biri. Heykelin yan\u0131nda R\u00f6nesans d\u00f6nemine ait ba\u015fka eserler de g\u00f6rebilirsiniz. Ayr\u0131ca Michelangelo\u2019nun tamamlanmam\u0131\u015f heykelleri, onun yarat\u0131m s\u00fcrecine dair b\u00fcy\u00fcleyici bir bak\u0131\u015f sunuyor. David\u2019i yerinde g\u00f6rmek, Floransa\u2019da yapman\u0131z gereken en \u00f6nemli \u015feylerden biri.<\/p>\n\n\n\n<p><strong>A\u015fa\u011f\u0131da seyahatinizde ihtiyac\u0131n\u0131z olabilecek giri\u015f biletleri ve turlar i\u00e7in linkleri bulabilirsiniz<\/strong><\/p>\n\n\n\n<p><a href=\"https:\/\/gyg.me\/Gk43ngfU\" data-type=\"URL\" data-id=\"https:\/\/gyg.me\/Gk43ngfU\" target=\"_blank\" rel=\"noreferrer noopener\"><strong><mark style=\"background-color:rgba(0, 0, 0, 0)\" class=\"has-inline-color has-vivid-red-color\">UFFIZI GALLERY G\u0130R\u0130\u015e B\u0130LET\u0130<\/mark><\/strong><\/a><\/p>\n\n\n\n<p><a href=\"https:\/\/gyg.me\/KGgBxhrY\" target=\"_blank\" rel=\"noreferrer noopener\"><strong><mark style=\"background-color:rgba(0, 0, 0, 0)\" class=\"has-inline-color has-vivid-red-color\">FLORANSA&#8217;DAN PISA, SIENA VE SAN GIMIGNANO G\u00dcN\u00dcB\u0130RL\u0130K TUR<\/mark><\/strong><\/a><\/p>\n\n\n\n<p><a href=\"https:\/\/gyg.me\/lfZpOGSk\" data-type=\"URL\" data-id=\"https:\/\/gyg.me\/lfZpOGSk\" target=\"_blank\" rel=\"noreferrer noopener\"><strong><mark style=\"background-color:rgba(0, 0, 0, 0)\" class=\"has-inline-color has-vivid-red-color\">KATEDRAL, \u00c7AN KULES\u0130, BAPTISTERY VE KUBBE G\u0130R\u0130\u015e B\u0130LET\u0130<\/mark><\/strong><\/a><\/p>\n\n\n\n<p>Floransa hakk\u0131nda daha detayl\u0131 bilgi ve foto\u011fraflar\u0131 <a rel=\"noreferrer noopener\" href=\"https:\/\/www.instagram.com\/istikametburasi\/\" target=\"_blank\">Instagram profilimde<\/a> \u00f6ne \u00e7\u0131kanlar b\u00f6l\u00fcm\u00fcnde \u201c\ud83c\uddee\ud83c\uddf9 Floransa\u201d ba\u015fl\u0131\u011f\u0131 alt\u0131nda g\u00f6rebilirsiniz.<\/p>\n","protected":false},"excerpt":{"rendered":"<p>Floransa: R\u00f6nesans\u2019\u0131n Do\u011fdu\u011fu \u015eehir Floransa, sanat\u0131n ve tarihin kalbinin att\u0131\u011f\u0131, \u0130talya\u2019n\u0131n en b\u00fcy\u00fcleyici \u015fehirlerinden biri. R\u00f6nesans\u2019\u0131n do\u011fum yeri olarak bilinen<\/p>\n","protected":false},"author":1,"featured_media":0,"parent":0,"menu_order":0,"comment_status":"closed","ping_status":"closed","template":"","meta":{"om_disable_all_campaigns":false,"_mi_skip_tracking":false},"_links":{"self":[{"href":"https:\/\/istikametburasi.com\/index.php\/wp-json\/wp\/v2\/pages\/621"}],"collection":[{"href":"https:\/\/istikametburasi.com\/index.php\/wp-json\/wp\/v2\/pages"}],"about":[{"href":"https:\/\/istikametburasi.com\/index.php\/wp-json\/wp\/v2\/types\/page"}],"author":[{"embeddable":true,"href":"https:\/\/istikametburasi.com\/index.php\/wp-json\/wp\/v2\/users\/1"}],"replies":[{"embeddable":true,"href":"https:\/\/istikametburasi.com\/index.php\/wp-json\/wp\/v2\/comments?post=621"}],"version-history":[{"count":9,"href":"https:\/\/istikametburasi.com\/index.php\/wp-json\/wp\/v2\/pages\/621\/revisions"}],"predecessor-version":[{"id":2261,"href":"https:\/\/istikametburasi.com\/index.php\/wp-json\/wp\/v2\/pages\/621\/revisions\/2261"}],"wp:attachment":[{"href":"https:\/\/istikametburasi.com\/index.php\/wp-json\/wp\/v2\/media?parent=621"}],"curies":[{"name":"wp","href":"https:\/\/api.w.org\/{rel}","templated":true}]}}