{"id":623,"date":"2023-10-09T20:59:50","date_gmt":"2023-10-09T18:59:50","guid":{"rendered":"https:\/\/istikametburasi.com\/?page_id=623"},"modified":"2023-10-09T20:59:50","modified_gmt":"2023-10-09T18:59:50","slug":"tivoli","status":"publish","type":"page","link":"https:\/\/istikametburasi.com\/index.php\/tivoli\/","title":{"rendered":"T\u0130VOL\u0130"},"content":{"rendered":"\n<figure class=\"is-layout-flex wp-block-gallery-1 wp-block-gallery has-nested-images columns-default is-cropped\">\n<figure class=\"wp-block-image size-large\"><img decoding=\"async\" loading=\"lazy\" width=\"1024\" height=\"1024\" data-id=\"1412\"  src=\"https:\/\/istikametburasi.com\/wp-content\/uploads\/2023\/10\/tivoli-4-1024x1024.png\" alt=\"\" class=\"wp-image-1412\" srcset=\"https:\/\/istikametburasi.com\/wp-content\/uploads\/2023\/10\/tivoli-4-1024x1024.png 1024w, https:\/\/istikametburasi.com\/wp-content\/uploads\/2023\/10\/tivoli-4-300x300.png 300w, https:\/\/istikametburasi.com\/wp-content\/uploads\/2023\/10\/tivoli-4-150x150.png 150w, https:\/\/istikametburasi.com\/wp-content\/uploads\/2023\/10\/tivoli-4-768x768.png 768w, https:\/\/istikametburasi.com\/wp-content\/uploads\/2023\/10\/tivoli-4.png 1080w\" sizes=\"(max-width: 1024px) 100vw, 1024px\" \/><\/figure>\n\n\n\n<figure class=\"wp-block-image size-large\"><img decoding=\"async\" loading=\"lazy\" width=\"1024\" height=\"1024\" data-id=\"1411\"  src=\"https:\/\/istikametburasi.com\/wp-content\/uploads\/2023\/10\/tivoli-1-1024x1024.png\" alt=\"\" class=\"wp-image-1411\" srcset=\"https:\/\/istikametburasi.com\/wp-content\/uploads\/2023\/10\/tivoli-1-1024x1024.png 1024w, https:\/\/istikametburasi.com\/wp-content\/uploads\/2023\/10\/tivoli-1-300x300.png 300w, https:\/\/istikametburasi.com\/wp-content\/uploads\/2023\/10\/tivoli-1-150x150.png 150w, https:\/\/istikametburasi.com\/wp-content\/uploads\/2023\/10\/tivoli-1-768x768.png 768w, https:\/\/istikametburasi.com\/wp-content\/uploads\/2023\/10\/tivoli-1.png 1080w\" sizes=\"(max-width: 1024px) 100vw, 1024px\" \/><\/figure>\n\n\n\n<figure class=\"wp-block-image size-large\"><img decoding=\"async\" loading=\"lazy\" width=\"1024\" height=\"1024\" data-id=\"1413\"  src=\"https:\/\/istikametburasi.com\/wp-content\/uploads\/2023\/10\/tivoli-3-1024x1024.png\" alt=\"\" class=\"wp-image-1413\" srcset=\"https:\/\/istikametburasi.com\/wp-content\/uploads\/2023\/10\/tivoli-3-1024x1024.png 1024w, https:\/\/istikametburasi.com\/wp-content\/uploads\/2023\/10\/tivoli-3-300x300.png 300w, https:\/\/istikametburasi.com\/wp-content\/uploads\/2023\/10\/tivoli-3-150x150.png 150w, https:\/\/istikametburasi.com\/wp-content\/uploads\/2023\/10\/tivoli-3-768x768.png 768w, https:\/\/istikametburasi.com\/wp-content\/uploads\/2023\/10\/tivoli-3.png 1080w\" sizes=\"(max-width: 1024px) 100vw, 1024px\" \/><\/figure>\n<\/figure>\n\n\n\n<p>Tivoli denildi mi akla gelen tek durak; Villa d\u2019Este, Tivoli Bah\u00e7eleri \ud83d\ude0d<\/p>\n\n\n\n<p>\ud83d\udccd\u0130talya\u2019n\u0131n Tivoli \u015fehrinde bulunan Villa d\u2019Este, seyahatiniz s\u0131ras\u0131nda mutlaka u\u011framan\u0131z gereken bir durak. \u00d6zellikle Roma\u2019ya giderseniz bir g\u00fcn\u00fcn\u00fcz\u00fc ay\u0131rmaya de\u011fecek kadar g\u00fczel\u2728<\/p>\n\n\n\n<p>\u26f2\ufe0fGenellikle \u0130talyan bah\u00e7elerinin kesin \u00f6rne\u011fi olarak an\u0131lan geni\u015f Villa d\u2019Este arazisi, t\u00fcm Avrupa\u2019daki bah\u00e7eler i\u00e7in bir model olmu\u015f. Buras\u0131 sadece bir bah\u00e7e de\u011fil, Roma Campagna\u2019n\u0131n muhte\u015fem manzaras\u0131na sahip heykeller, ayr\u0131nt\u0131l\u0131 \u00e7e\u015fmeler, su oyunlar\u0131, havuzlar, \u00e7a\u011flayanlar, ma\u011faralar ve teraslarla dolu bir alan.<\/p>\n\n\n\n<p>\ud83c\udfdb\ufe0fTivoli Valisi olarak geldi\u011fi zamandan beri, Ferara\u2019n\u0131n en tan\u0131nm\u0131\u015f R\u00f6nesans ailelerinden birinin \u00fcyesi olan Kardinal Ippolito d\u2019Este, valinin villas\u0131n\u0131 \u00e7evrelemek i\u00e7in planlamaya ba\u015flam\u0131\u015f.<br>16.y\u00fczy\u0131lda kalma Villa d\u2019Este\u2019nin&nbsp;orijinal duvar resimlerinin bir k\u0131sm\u0131 kaybolmu\u015f olsa da, bir\u00e7o\u011fu neredeyse t\u00fcm boyal\u0131 tavanlarla birlikte muhafaza edilmi\u015f.<\/p>\n\n\n\n<p>\ud83d\udcb6Hem saray\u0131 hem de villay\u0131 gezmek i\u00e7in 10\u20ac&nbsp;\u00f6demeniz gerekiyor. \u0130lk olarak Villa d\u2019Este\u2019yi geziyorsunuz ard\u0131ndan bah\u00e7elere ge\u00e7erek atmosferin ve g\u00f6rsel \u015f\u00f6lenin tad\u0131n\u0131 \u00e7\u0131kar\u0131yorsunuz.<\/p>\n\n\n\n<p>\ud83d\ude89Ula\u015f\u0131m da olduk\u00e7a rahat. Roma\u2019dan 3\u20ac \u00f6deyerek tren ile Tivoli Tren \u0130stasyonuna ula\u015f\u0131p ard\u0131ndan 15 dakika y\u00fcr\u00fcrseniz Villa d\u2019Este\u2019ye&nbsp;ula\u015f\u0131yorsunuz.<\/p>\n\n\n\n<p>\ud83d\ude98 Bir di\u011fer se\u00e7enek de ara\u00e7 kiralamak olabilir, b\u00f6ylece yol \u00fczerinde ba\u015fka duraklara da u\u011frayabilirsiniz. Mesela Nemi K\u00f6y\u00fc\u2019ne gidi\u015f i\u00e7in en rahat se\u00e7enek ara\u00e7 kiralamak. Bu iki dura\u011f\u0131 bir g\u00fcne koyarak g\u00fcn\u00fcbirlik ara\u00e7 kiralamay\u0131 d\u00fc\u015f\u00fcnebilirsiniz.<\/p>\n","protected":false},"excerpt":{"rendered":"<p>Tivoli denildi mi akla gelen tek durak; Villa d\u2019Este, Tivoli Bah\u00e7eleri \ud83d\ude0d \ud83d\udccd\u0130talya\u2019n\u0131n Tivoli \u015fehrinde bulunan Villa d\u2019Este, seyahatiniz s\u0131ras\u0131nda<\/p>\n","protected":false},"author":1,"featured_media":0,"parent":0,"menu_order":0,"comment_status":"closed","ping_status":"closed","template":"","meta":{"om_disable_all_campaigns":false,"_mi_skip_tracking":false},"_links":{"self":[{"href":"https:\/\/istikametburasi.com\/index.php\/wp-json\/wp\/v2\/pages\/623"}],"collection":[{"href":"https:\/\/istikametburasi.com\/index.php\/wp-json\/wp\/v2\/pages"}],"about":[{"href":"https:\/\/istikametburasi.com\/index.php\/wp-json\/wp\/v2\/types\/page"}],"author":[{"embeddable":true,"href":"https:\/\/istikametburasi.com\/index.php\/wp-json\/wp\/v2\/users\/1"}],"replies":[{"embeddable":true,"href":"https:\/\/istikametburasi.com\/index.php\/wp-json\/wp\/v2\/comments?post=623"}],"version-history":[{"count":2,"href":"https:\/\/istikametburasi.com\/index.php\/wp-json\/wp\/v2\/pages\/623\/revisions"}],"predecessor-version":[{"id":1414,"href":"https:\/\/istikametburasi.com\/index.php\/wp-json\/wp\/v2\/pages\/623\/revisions\/1414"}],"wp:attachment":[{"href":"https:\/\/istikametburasi.com\/index.php\/wp-json\/wp\/v2\/media?parent=623"}],"curies":[{"name":"wp","href":"https:\/\/api.w.org\/{rel}","templated":true}]}}