{"id":625,"date":"2023-10-14T23:25:17","date_gmt":"2023-10-14T21:25:17","guid":{"rendered":"https:\/\/istikametburasi.com\/?page_id=625"},"modified":"2023-10-14T23:25:17","modified_gmt":"2023-10-14T21:25:17","slug":"trieste","status":"publish","type":"page","link":"https:\/\/istikametburasi.com\/index.php\/trieste\/","title":{"rendered":"TRIESTE"},"content":{"rendered":"\n<figure class=\"is-layout-flex wp-block-gallery-1 wp-block-gallery has-nested-images columns-default is-cropped\">\n<figure class=\"wp-block-image size-large\"><img decoding=\"async\" loading=\"lazy\" width=\"1024\" height=\"1024\" data-id=\"1530\"  src=\"https:\/\/istikametburasi.com\/wp-content\/uploads\/2023\/10\/trieste-4-1024x1024.png\" alt=\"\" class=\"wp-image-1530\" srcset=\"https:\/\/istikametburasi.com\/wp-content\/uploads\/2023\/10\/trieste-4-1024x1024.png 1024w, https:\/\/istikametburasi.com\/wp-content\/uploads\/2023\/10\/trieste-4-300x300.png 300w, https:\/\/istikametburasi.com\/wp-content\/uploads\/2023\/10\/trieste-4-150x150.png 150w, https:\/\/istikametburasi.com\/wp-content\/uploads\/2023\/10\/trieste-4-768x768.png 768w, https:\/\/istikametburasi.com\/wp-content\/uploads\/2023\/10\/trieste-4.png 1080w\" sizes=\"(max-width: 1024px) 100vw, 1024px\" \/><\/figure>\n\n\n\n<figure class=\"wp-block-image size-large\"><img decoding=\"async\" loading=\"lazy\" width=\"1024\" height=\"1024\" data-id=\"1531\"  src=\"https:\/\/istikametburasi.com\/wp-content\/uploads\/2023\/10\/trieste-3-1024x1024.png\" alt=\"\" class=\"wp-image-1531\" srcset=\"https:\/\/istikametburasi.com\/wp-content\/uploads\/2023\/10\/trieste-3-1024x1024.png 1024w, https:\/\/istikametburasi.com\/wp-content\/uploads\/2023\/10\/trieste-3-300x300.png 300w, https:\/\/istikametburasi.com\/wp-content\/uploads\/2023\/10\/trieste-3-150x150.png 150w, https:\/\/istikametburasi.com\/wp-content\/uploads\/2023\/10\/trieste-3-768x768.png 768w, https:\/\/istikametburasi.com\/wp-content\/uploads\/2023\/10\/trieste-3.png 1080w\" sizes=\"(max-width: 1024px) 100vw, 1024px\" \/><\/figure>\n\n\n\n<figure class=\"wp-block-image size-large\"><img decoding=\"async\" loading=\"lazy\" width=\"1024\" height=\"1024\" data-id=\"1532\"  src=\"https:\/\/istikametburasi.com\/wp-content\/uploads\/2023\/10\/trieste-5-1024x1024.png\" alt=\"\" class=\"wp-image-1532\" srcset=\"https:\/\/istikametburasi.com\/wp-content\/uploads\/2023\/10\/trieste-5-1024x1024.png 1024w, https:\/\/istikametburasi.com\/wp-content\/uploads\/2023\/10\/trieste-5-300x300.png 300w, https:\/\/istikametburasi.com\/wp-content\/uploads\/2023\/10\/trieste-5-150x150.png 150w, https:\/\/istikametburasi.com\/wp-content\/uploads\/2023\/10\/trieste-5-768x768.png 768w, https:\/\/istikametburasi.com\/wp-content\/uploads\/2023\/10\/trieste-5.png 1080w\" sizes=\"(max-width: 1024px) 100vw, 1024px\" \/><\/figure>\n<\/figure>\n\n\n\n<p>Estetik g\u00fczelli\u011fe sahip binalar\u0131, kahvehane k\u00fclt\u00fcr\u00fc ve k\u00fc\u00e7\u00fck bir ordunun ge\u00e7it t\u00f6reni yapabilece\u011fi b\u00fcy\u00fckl\u00fckte merkezi bir meydan\u0131 olan, Adriyatik&#8217;in ucundaki bu \u015fehre \u201cdeniz kenar\u0131ndaki k\u00fc\u00e7\u00fck Viyana\u201d deniyor.<\/p>\n\n\n\n<p>Deniz kenar\u0131nda, her girdi\u011finiz soka\u011f\u0131 ile sizi b\u00fcy\u00fclemeyi ba\u015faran bir \u015fehir. Sabah soka\u011fa \u00e7\u0131k\u0131n ve \u015fehrin i\u00e7inde gezmeye ba\u015flayarak sahil k\u0131sm\u0131na var\u0131n. Bu s\u0131rada bir\u00e7ok g\u00fczel bina g\u00f6r\u00fcp merak ederek i\u00e7erisinde gireceksiniz ve olduk\u00e7a etkileneceksiniz, bundan eminim diyebilirim. <\/p>\n\n\n\n<p>\u0130talya&#8217;n\u0131n Slovenya s\u0131n\u0131r\u0131na en yak\u0131n \u015fehri oldu\u011fu i\u00e7in de buraya gelenler Slovenya&#8217;ya da ge\u00e7i\u015f yap\u0131yor. Ben de Slovenya seyahatim \u00f6ncesi ilk buraya u\u011fra\u015fm\u0131\u015ft\u0131m ve sonras\u0131nda Slovenya&#8217;n\u0131n ba\u015fkenti Ljubljana&#8217;ya tren ile ge\u00e7mi\u015ftim. <\/p>\n\n\n\n<p>\u015eimdi gelelim birka\u00e7 tane yeme-i\u00e7me \u00f6nerisine, kahvehaneler aras\u0131nda en bilineni <strong>Caff\u00e8 Degli Specchi<\/strong>. Piazza Unit\u00e0&#8217;da bulunan kafe olduk\u00e7a keyifli. Bir di\u011fer \u00f6nerim d\u00fczenli konserlere ev sahipli\u011fi yapan, deniz k\u0131y\u0131s\u0131ndaki <strong>Caff\u00e8 Tommaseo <\/strong>olacak. Grande Kanal\u0131&#8217;n\u0131n \u00f6tesinde, her tadan\u0131 kendine hayran b\u0131rakan kek, hamur i\u015fleri ve \u00e7ikolata \u00e7e\u015fitlerinin sergilendi\u011fi <strong>Pasticceria La Bomboniera<\/strong> mutlaka gidilmesi gereken yerlerden biri. <strong>Antico Caff\u00e8 Torinese<\/strong>&#8216;nin zengin i\u00e7 mekan\u0131n\u0131n eski bir okyanus gemisine benzedi\u011fini d\u00fc\u015f\u00fcn\u00fcyorsan\u0131z bunun nedeni, tasar\u0131mc\u0131n\u0131n g\u00fcnl\u00fck i\u015finin bu olmas\u0131ym\u0131\u015f. G\u00fcnd\u00fczleri <strong>Presnitz<\/strong> (f\u0131nd\u0131k, ku\u015f \u00fcz\u00fcm\u00fc ve romla doldurulmu\u015f spiral Triestine y\u00f6resel hamur i\u015fi) ve \u00e7\u00f6rek benzeri <strong>Pinza<\/strong> satan bu pastane, geceleri kokteyller i\u00e7in zarif bir fon olu\u015fturuyor.<\/p>\n","protected":false},"excerpt":{"rendered":"<p>Estetik g\u00fczelli\u011fe sahip binalar\u0131, kahvehane k\u00fclt\u00fcr\u00fc ve k\u00fc\u00e7\u00fck bir ordunun ge\u00e7it t\u00f6reni yapabilece\u011fi b\u00fcy\u00fckl\u00fckte merkezi bir meydan\u0131 olan, Adriyatik&#8217;in ucundaki<\/p>\n","protected":false},"author":1,"featured_media":0,"parent":0,"menu_order":0,"comment_status":"closed","ping_status":"closed","template":"","meta":{"om_disable_all_campaigns":false,"_mi_skip_tracking":false},"_links":{"self":[{"href":"https:\/\/istikametburasi.com\/index.php\/wp-json\/wp\/v2\/pages\/625"}],"collection":[{"href":"https:\/\/istikametburasi.com\/index.php\/wp-json\/wp\/v2\/pages"}],"about":[{"href":"https:\/\/istikametburasi.com\/index.php\/wp-json\/wp\/v2\/types\/page"}],"author":[{"embeddable":true,"href":"https:\/\/istikametburasi.com\/index.php\/wp-json\/wp\/v2\/users\/1"}],"replies":[{"embeddable":true,"href":"https:\/\/istikametburasi.com\/index.php\/wp-json\/wp\/v2\/comments?post=625"}],"version-history":[{"count":2,"href":"https:\/\/istikametburasi.com\/index.php\/wp-json\/wp\/v2\/pages\/625\/revisions"}],"predecessor-version":[{"id":1534,"href":"https:\/\/istikametburasi.com\/index.php\/wp-json\/wp\/v2\/pages\/625\/revisions\/1534"}],"wp:attachment":[{"href":"https:\/\/istikametburasi.com\/index.php\/wp-json\/wp\/v2\/media?parent=625"}],"curies":[{"name":"wp","href":"https:\/\/api.w.org\/{rel}","templated":true}]}}