{"id":626,"date":"2023-10-14T23:03:16","date_gmt":"2023-10-14T21:03:16","guid":{"rendered":"https:\/\/istikametburasi.com\/?page_id=626"},"modified":"2023-10-14T23:35:09","modified_gmt":"2023-10-14T21:35:09","slug":"treviso","status":"publish","type":"page","link":"https:\/\/istikametburasi.com\/index.php\/treviso\/","title":{"rendered":"TREVISO"},"content":{"rendered":"\n<figure class=\"is-layout-flex wp-block-gallery-1 wp-block-gallery has-nested-images columns-default is-cropped\">\n<figure class=\"wp-block-image size-large\"><img decoding=\"async\" loading=\"lazy\" width=\"1024\" height=\"1024\" data-id=\"1536\"  src=\"https:\/\/istikametburasi.com\/wp-content\/uploads\/2023\/10\/treviso-4-1024x1024.png\" alt=\"\" class=\"wp-image-1536\" srcset=\"https:\/\/istikametburasi.com\/wp-content\/uploads\/2023\/10\/treviso-4-1024x1024.png 1024w, https:\/\/istikametburasi.com\/wp-content\/uploads\/2023\/10\/treviso-4-300x300.png 300w, https:\/\/istikametburasi.com\/wp-content\/uploads\/2023\/10\/treviso-4-150x150.png 150w, https:\/\/istikametburasi.com\/wp-content\/uploads\/2023\/10\/treviso-4-768x768.png 768w, https:\/\/istikametburasi.com\/wp-content\/uploads\/2023\/10\/treviso-4.png 1080w\" sizes=\"(max-width: 1024px) 100vw, 1024px\" \/><\/figure>\n\n\n\n<figure class=\"wp-block-image size-large\"><img decoding=\"async\" loading=\"lazy\" width=\"1024\" height=\"1024\" data-id=\"1535\"  src=\"https:\/\/istikametburasi.com\/wp-content\/uploads\/2023\/10\/treviso-1-1024x1024.png\" alt=\"\" class=\"wp-image-1535\" srcset=\"https:\/\/istikametburasi.com\/wp-content\/uploads\/2023\/10\/treviso-1-1024x1024.png 1024w, https:\/\/istikametburasi.com\/wp-content\/uploads\/2023\/10\/treviso-1-300x300.png 300w, https:\/\/istikametburasi.com\/wp-content\/uploads\/2023\/10\/treviso-1-150x150.png 150w, https:\/\/istikametburasi.com\/wp-content\/uploads\/2023\/10\/treviso-1-768x768.png 768w, https:\/\/istikametburasi.com\/wp-content\/uploads\/2023\/10\/treviso-1.png 1080w\" sizes=\"(max-width: 1024px) 100vw, 1024px\" \/><\/figure>\n\n\n\n<figure class=\"wp-block-image size-large\"><img decoding=\"async\" loading=\"lazy\" width=\"1024\" height=\"1024\" data-id=\"1537\"  src=\"https:\/\/istikametburasi.com\/wp-content\/uploads\/2023\/10\/treviso-3-1024x1024.png\" alt=\"\" class=\"wp-image-1537\" srcset=\"https:\/\/istikametburasi.com\/wp-content\/uploads\/2023\/10\/treviso-3-1024x1024.png 1024w, https:\/\/istikametburasi.com\/wp-content\/uploads\/2023\/10\/treviso-3-300x300.png 300w, https:\/\/istikametburasi.com\/wp-content\/uploads\/2023\/10\/treviso-3-150x150.png 150w, https:\/\/istikametburasi.com\/wp-content\/uploads\/2023\/10\/treviso-3-768x768.png 768w, https:\/\/istikametburasi.com\/wp-content\/uploads\/2023\/10\/treviso-3.png 1080w\" sizes=\"(max-width: 1024px) 100vw, 1024px\" \/><\/figure>\n<\/figure>\n\n\n\n<p><strong><mark style=\"background-color:rgba(0, 0, 0, 0)\" class=\"has-inline-color has-luminous-vivid-orange-color\">Tiramisu<\/mark><\/strong>&#8216;nun \u00e7\u0131kt\u0131\u011f\u0131 topraklar olarak bilinen,  kuzeydo\u011fu \u0130talya&#8217;n\u0131n Veneto b\u00f6lgesinde yer alan ve b\u00f6lgedeki en pop\u00fcler \u015fehir olan Venedik&#8217;e olduk\u00e7a yak\u0131n olan bir \u015fehir<\/p>\n\n\n\n<p>Bir Venedik seyahati planlarsan\u0131z, mutlaka bir g\u00fcn\u00fcn\u00fcz\u00fc Treviso i\u00e7in ay\u0131r\u0131n derim, k\u00fc\u00e7\u00fck ama bir o kadar da keyifli \u0130talyan \u015fehirlerinden biri.<\/p>\n\n\n\n<p>\u0130talya&#8217;ya gelen pek \u00e7ok turist Treviso&#8217;nun bir\u00e7ok tarihi saray\u0131, orta \u00e7a\u011fdan kalma \u015fehir surlar\u0131, g\u00fczel kanallardan olu\u015fan labirenti ve dar Arnavut kald\u0131r\u0131ml\u0131 sokaklar\u0131yla ba\u015fl\u0131 ba\u015f\u0131na g\u00fczel bir destinasyon oldu\u011funun fark\u0131nda de\u011fil.<\/p>\n\n\n\n<p><strong><mark style=\"background-color:rgba(0, 0, 0, 0)\" class=\"has-inline-color has-vivid-red-color\">Treviso Yap\u0131lacaklar Listesi:<\/mark><\/strong><\/p>\n\n\n\n<p>\ud83d\udc63Treviso\u2019nun eski \u015fehir surlar\u0131n\u0131 ke\u015ffedin<br>\ud83c\udf6eTiramisu yiyin<br>\ud83d\udd14Treviso Katedrali\u2019ni g\u00f6r\u00fcn<br>\u2615\ufe0fCamelia Bakery\u2019de cappuccino i\u00e7in<br>\ud83d\udcf8\u015eehirde bulunan kanallar\u0131 turlay\u0131n<br>\ud83c\udf78Piazza dei Signori\u2019de Aperol Spritz keyfi yap\u0131n<br>\u26f2\ufe0fMe\u015fhur Fontana delle Tette\u2019yi g\u00f6r\u00fcn<br>\ud83c\udfdbDiocesano M\u00fczesi\u2019ni gezin<br>\ud83c\udf77Prosecco turuna dahil olun<\/p>\n\n\n\n<p>\u015eehir olduk\u00e7a k\u00fc\u00e7\u00fck oldu\u011fu i\u00e7in yap\u0131lacaklar da s\u0131n\u0131rl\u0131 kal\u0131yor ama bir tam g\u00fcn\u00fcn\u00fcz\u00fc sokaklar\u0131nda y\u00fcr\u00fcyerek bile keyifle ge\u00e7irebilirsiniz.<\/p>\n\n\n\n<p>Ayr\u0131ca e\u011fer k\u0131\u015f zaman\u0131 giderseniz, \u00f6zellikle Aral\u0131k d\u00f6nemi, Christmas atmosferini de olduk\u00e7a hissedeceksinizdir. Kalabal\u0131k \u015fehirlerden ziyade bu tarz k\u00fc\u00e7\u00fck \u015fehirlerde de Christmas d\u00f6nemi keyifli oluyor.<\/p>\n\n\n\n<p>A\u00e7\u0131k\u00e7as\u0131 sadece Tiramisu&#8217;yu tatmak i\u00e7in bile gidin derim. Ne kadar fark\u0131 olabilir abartma diyenler olmu\u015ftur belki ama bir tiramisu sevdal\u0131s\u0131 olarak bu zamana kadar yedi\u011fim b\u00fct\u00fcn hepsinden daha g\u00fczeldi. Sonu\u00e7ta do\u011fdu\u011fu yer, o kadar da olsun \ud83d\ude42<\/p>\n","protected":false},"excerpt":{"rendered":"<p>Tiramisu&#8216;nun \u00e7\u0131kt\u0131\u011f\u0131 topraklar olarak bilinen, kuzeydo\u011fu \u0130talya&#8217;n\u0131n Veneto b\u00f6lgesinde yer alan ve b\u00f6lgedeki en pop\u00fcler \u015fehir olan Venedik&#8217;e olduk\u00e7a yak\u0131n<\/p>\n","protected":false},"author":1,"featured_media":0,"parent":0,"menu_order":0,"comment_status":"closed","ping_status":"closed","template":"","meta":{"om_disable_all_campaigns":false,"_mi_skip_tracking":false},"_links":{"self":[{"href":"https:\/\/istikametburasi.com\/index.php\/wp-json\/wp\/v2\/pages\/626"}],"collection":[{"href":"https:\/\/istikametburasi.com\/index.php\/wp-json\/wp\/v2\/pages"}],"about":[{"href":"https:\/\/istikametburasi.com\/index.php\/wp-json\/wp\/v2\/types\/page"}],"author":[{"embeddable":true,"href":"https:\/\/istikametburasi.com\/index.php\/wp-json\/wp\/v2\/users\/1"}],"replies":[{"embeddable":true,"href":"https:\/\/istikametburasi.com\/index.php\/wp-json\/wp\/v2\/comments?post=626"}],"version-history":[{"count":3,"href":"https:\/\/istikametburasi.com\/index.php\/wp-json\/wp\/v2\/pages\/626\/revisions"}],"predecessor-version":[{"id":1539,"href":"https:\/\/istikametburasi.com\/index.php\/wp-json\/wp\/v2\/pages\/626\/revisions\/1539"}],"wp:attachment":[{"href":"https:\/\/istikametburasi.com\/index.php\/wp-json\/wp\/v2\/media?parent=626"}],"curies":[{"name":"wp","href":"https:\/\/api.w.org\/{rel}","templated":true}]}}