{"id":630,"date":"2023-02-27T13:02:49","date_gmt":"2023-02-27T11:02:49","guid":{"rendered":"https:\/\/istikametburasi.com\/?page_id=630"},"modified":"2023-03-20T13:21:17","modified_gmt":"2023-03-20T11:21:17","slug":"tiran","status":"publish","type":"page","link":"https:\/\/istikametburasi.com\/index.php\/tiran\/","title":{"rendered":"T\u0130RAN"},"content":{"rendered":"\n<h6>Arnavutluk&#8217;un ba\u015fkenti Tiran, \u00f6zellikle <mark style=\"background-color:rgba(0, 0, 0, 0)\" class=\"has-inline-color has-vivid-red-color\">vizesiz seyahat<\/mark> etmek isteyenler i\u00e7in s\u0131kl\u0131kla tercih edilen istikametlerden bir tanesi. Tiran seyahatiniz i\u00e7in <strong>2 g\u00fcn<\/strong> ay\u0131rman\u0131z yeterli olacakt\u0131r diye d\u00fc\u015f\u00fcn\u00fcyorum. <\/h6>\n\n\n\n<h6>\u015eimdi gezilecek yerler, yemek, ula\u015f\u0131m ve konaklama hakk\u0131nda daha detayl\u0131 bilgilere ge\u00e7ebiliriz.<\/h6>\n\n\n\n<figure class=\"wp-block-image aligncenter size-large is-resized\"><img decoding=\"async\" loading=\"lazy\" src=\"https:\/\/istikametburasi.com\/wp-content\/uploads\/2023\/03\/IMG_5148-1024x768.jpeg\" alt=\"\" class=\"wp-image-887\" width=\"384\" height=\"288\" srcset=\"https:\/\/istikametburasi.com\/wp-content\/uploads\/2023\/03\/IMG_5148-1024x768.jpeg 1024w, https:\/\/istikametburasi.com\/wp-content\/uploads\/2023\/03\/IMG_5148-300x225.jpeg 300w, https:\/\/istikametburasi.com\/wp-content\/uploads\/2023\/03\/IMG_5148-768x576.jpeg 768w, https:\/\/istikametburasi.com\/wp-content\/uploads\/2023\/03\/IMG_5148-1536x1152.jpeg 1536w, https:\/\/istikametburasi.com\/wp-content\/uploads\/2023\/03\/IMG_5148-2048x1536.jpeg 2048w\" sizes=\"(max-width: 384px) 100vw, 384px\" \/><figcaption class=\"wp-element-caption\"><strong>\u0130skender Bey Meydan\u0131<\/strong><\/figcaption><\/figure>\n\n\n\n<h6>Tiran\u2019da neredeyse t\u00fcm yollar bir \u015fekilde&nbsp;<strong>\u0130skender Bey Meydan\u0131<\/strong>\u2018na \u00e7\u0131k\u0131yor. Bu meydan, <strong>Ethem Bey Camii<\/strong>, <strong>Saat Kulesi <\/strong>ve <strong>\u0130skender Bey Heykeli<\/strong>\u2019ni bulunduruyor.<\/h6>\n\n\n\n<figure class=\"wp-block-image aligncenter size-large is-resized\"><img decoding=\"async\" loading=\"lazy\" src=\"https:\/\/istikametburasi.com\/wp-content\/uploads\/2023\/03\/IMG_5138-1024x768.jpeg\" alt=\"\" class=\"wp-image-888\" width=\"364\" height=\"273\" srcset=\"https:\/\/istikametburasi.com\/wp-content\/uploads\/2023\/03\/IMG_5138-1024x768.jpeg 1024w, https:\/\/istikametburasi.com\/wp-content\/uploads\/2023\/03\/IMG_5138-300x225.jpeg 300w, https:\/\/istikametburasi.com\/wp-content\/uploads\/2023\/03\/IMG_5138-768x576.jpeg 768w, https:\/\/istikametburasi.com\/wp-content\/uploads\/2023\/03\/IMG_5138-1536x1152.jpeg 1536w, https:\/\/istikametburasi.com\/wp-content\/uploads\/2023\/03\/IMG_5138-2048x1536.jpeg 2048w\" sizes=\"(max-width: 364px) 100vw, 364px\" \/><figcaption class=\"wp-element-caption\"><strong>\u0130skender Bey An\u0131t\u0131<\/strong><\/figcaption><\/figure>\n\n\n\n<h6>Peki kim bu \u0130skender Bey diyecek olursan\u0131z da cevab\u0131m Arnavutlar\u0131n halk kahraman\u0131 olacak. Osmanl\u0131 Ordusu\u2019na kar\u015f\u0131 ayaklanman\u0131n liderli\u011fini yapan komutan\u0131n ad\u0131 \u00f6neminden dolay\u0131 \u015fehrin en merkezi meydan\u0131na verilmi\u015f<\/h6>\n\n\n\n<figure class=\"wp-block-image aligncenter size-large is-resized\"><img decoding=\"async\" loading=\"lazy\" src=\"https:\/\/istikametburasi.com\/wp-content\/uploads\/2023\/03\/IMG_5147-3-1024x768.jpeg\" alt=\"\" class=\"wp-image-902\" width=\"361\" height=\"271\" srcset=\"https:\/\/istikametburasi.com\/wp-content\/uploads\/2023\/03\/IMG_5147-3-1024x768.jpeg 1024w, https:\/\/istikametburasi.com\/wp-content\/uploads\/2023\/03\/IMG_5147-3-300x225.jpeg 300w, https:\/\/istikametburasi.com\/wp-content\/uploads\/2023\/03\/IMG_5147-3-768x576.jpeg 768w, https:\/\/istikametburasi.com\/wp-content\/uploads\/2023\/03\/IMG_5147-3-1536x1152.jpeg 1536w, https:\/\/istikametburasi.com\/wp-content\/uploads\/2023\/03\/IMG_5147-3-2048x1536.jpeg 2048w\" sizes=\"(max-width: 361px) 100vw, 361px\" \/><figcaption class=\"wp-element-caption\"><strong>Ethem Bey Camii<\/strong><\/figcaption><\/figure>\n\n\n\n<h6><strong>Ethem Bey Camii<\/strong>, 1823 y\u0131l\u0131nda Ethem Pa\u015fa taraf\u0131ndan yapt\u0131r\u0131lan bir camii. Enver Hoca liderli\u011findeki kom\u00fcnist d\u00f6nemde t\u00fcm dinler yasakland\u0131\u011f\u0131 i\u00e7in bu camii bir s\u00fcre kapal\u0131 kalm\u0131\u015f. \u0130\u00e7 dekorasyonunda kullan\u0131lan hat ve tezhip eserleri ile de g\u00f6r\u00fclmeye de\u011fer.<\/h6>\n\n\n\n<h6>Meydan\u0131n hemen kar\u015f\u0131s\u0131nda <strong>Ulusal Tarih M\u00fczesi<\/strong> bulunuyor. Arnavutluk\u2019un kar\u0131\u015f\u0131k ve hareketli tarihini merak ediyorsan\u0131z u\u011framan\u0131z\u0131 \u00f6neririm.<\/h6>\n\n\n\n<h6>Meydan\u0131n bir di\u011fer yak\u0131n\u0131nda olan yer ise <strong>Bunk\u2019 Art 2<\/strong>, \u015fehrin en \u00e7ok ziyaret edilen noktalar\u0131ndan birisi. D\u00fc\u015fmandan korunmak amac\u0131yla yap\u0131lan yer alt\u0131 s\u0131\u011f\u0131naklar\u0131ndan birinde yer al\u0131yor. Sanat ve tarih m\u00fczesine \u00e7evrilmi\u015f olan s\u0131\u011f\u0131nakta daha \u00e7ok \u00fclkenin kom\u00fcnist d\u00f6nemine dair bilgi veren g\u00f6rseller, objeler ve d\u00f6k\u00fcmanlar sergileniyor.<\/h6>\n\n\n\n<figure class=\"wp-block-image aligncenter size-large is-resized\"><img decoding=\"async\" loading=\"lazy\" src=\"https:\/\/istikametburasi.com\/wp-content\/uploads\/2023\/03\/IMG_5166-1024x768.jpeg\" alt=\"\" class=\"wp-image-890\" width=\"355\" height=\"266\" srcset=\"https:\/\/istikametburasi.com\/wp-content\/uploads\/2023\/03\/IMG_5166-1024x768.jpeg 1024w, https:\/\/istikametburasi.com\/wp-content\/uploads\/2023\/03\/IMG_5166-300x225.jpeg 300w, https:\/\/istikametburasi.com\/wp-content\/uploads\/2023\/03\/IMG_5166-768x576.jpeg 768w, https:\/\/istikametburasi.com\/wp-content\/uploads\/2023\/03\/IMG_5166-1536x1152.jpeg 1536w, https:\/\/istikametburasi.com\/wp-content\/uploads\/2023\/03\/IMG_5166-2048x1536.jpeg 2048w\" sizes=\"(max-width: 355px) 100vw, 355px\" \/><figcaption class=\"wp-element-caption\"><strong>Rruga Murat Toptani Caddesi<\/strong><\/figcaption><\/figure>\n\n\n\n<h6><strong>Rruga Murat Toptani Caddesi<\/strong>, \u015fehirde ziyaret edebilece\u011finiz <strong>Parlemento Binas\u0131<\/strong> ile <strong>Ulusal Sanat Galerisi<\/strong> aras\u0131nda yer al\u0131yor. Sadece yaya yoluna a\u00e7\u0131k olan caddede say\u0131s\u0131z kafe, ma\u011faza ve restoran bulunuyor.<br><br><strong>Dajti Da\u011f\u0131<\/strong> eteklerindeki konumlanm\u0131\u015f <strong>Bunk\u2019 Art<\/strong> ise \u00fclkede bulunan s\u0131\u011f\u0131naklar\u0131n en b\u00fcy\u00fcklerinden birisi. 5 katl\u0131 ve 150den fazla odas\u0131 bulunan bir s\u0131\u011f\u0131nak, sizi \u00fclkenin o d\u00f6nemlerine g\u00f6t\u00fcr\u00fcyor. Buras\u0131 \u015fehir merkezinin biraz d\u0131\u015f\u0131nda bulunuyor fakat &#8220;Porcelan&#8221; isimli \u015fehir otob\u00fcs\u00fc ile 20-30 dakikada ula\u015fabilirsiniz. Bu otob\u00fcs\u00fcn bilet fiyat\u0131 yakla\u015f\u0131k 50 leke civar\u0131 tutacakt\u0131r. Ayr\u0131ca taksi veya \u00f6zel arac\u0131n\u0131zla da ula\u015fman\u0131z m\u00fcmk\u00fcn.<\/h6>\n\n\n\n<figure class=\"wp-block-image aligncenter size-large is-resized\"><img decoding=\"async\" loading=\"lazy\" src=\"https:\/\/istikametburasi.com\/wp-content\/uploads\/2023\/03\/IMG_5162-1024x768.jpeg\" alt=\"\" class=\"wp-image-891\" width=\"351\" height=\"263\" srcset=\"https:\/\/istikametburasi.com\/wp-content\/uploads\/2023\/03\/IMG_5162-1024x768.jpeg 1024w, https:\/\/istikametburasi.com\/wp-content\/uploads\/2023\/03\/IMG_5162-300x225.jpeg 300w, https:\/\/istikametburasi.com\/wp-content\/uploads\/2023\/03\/IMG_5162-768x576.jpeg 768w, https:\/\/istikametburasi.com\/wp-content\/uploads\/2023\/03\/IMG_5162-1536x1152.jpeg 1536w, https:\/\/istikametburasi.com\/wp-content\/uploads\/2023\/03\/IMG_5162-2048x1536.jpeg 2048w\" sizes=\"(max-width: 351px) 100vw, 351px\" \/><figcaption class=\"wp-element-caption\"><strong>Tanners K\u00f6pr\u00fcs\u00fc<\/strong><\/figcaption><\/figure>\n\n\n\n<h6>\u015eehirde bulunan Osmanl\u0131 miraslar\u0131ndan bir tanesi de 1700\u2019l\u00fc y\u0131llarda yap\u0131lan,&nbsp;<strong>Tanners K\u00f6pr\u00fcs\u00fc<\/strong>.<\/h6>\n\n\n\n<figure class=\"wp-block-image aligncenter size-large is-resized\"><img decoding=\"async\" loading=\"lazy\" src=\"https:\/\/istikametburasi.com\/wp-content\/uploads\/2023\/03\/IMG_5198-768x1024.jpeg\" alt=\"\" class=\"wp-image-892\" width=\"260\" height=\"345\"\/><figcaption class=\"wp-element-caption\"><strong>Petrela Kalesi<\/strong><\/figcaption><\/figure>\n\n\n\n<h6><strong>Petrela Kalesi<\/strong> \u015fehir merkezinin d\u0131\u015f\u0131nda kalan ama kesinlikle g\u00f6r\u00fclmeye de\u011fer bir mimari ve atmosphere sahip olan kale. Fakat buraya gitmek i\u00e7in \u00f6zel arac\u0131n\u0131z\u0131n olmas\u0131 gerekli, toplu ta\u015f\u0131ma ile ula\u015f\u0131m yok.<br><\/h6>\n\n\n\n<h6>\u015eimdi gelelim &#8220;Nerede yemeliyiz?&#8221; sorusunun cevab\u0131na;<\/h6>\n\n\n\n<figure class=\"wp-block-image aligncenter size-large is-resized\"><img decoding=\"async\" loading=\"lazy\" src=\"https:\/\/istikametburasi.com\/wp-content\/uploads\/2023\/03\/IMG_5126-1-1024x768.jpeg\" alt=\"\" class=\"wp-image-894\" width=\"346\" height=\"259\" srcset=\"https:\/\/istikametburasi.com\/wp-content\/uploads\/2023\/03\/IMG_5126-1-1024x768.jpeg 1024w, https:\/\/istikametburasi.com\/wp-content\/uploads\/2023\/03\/IMG_5126-1-300x225.jpeg 300w, https:\/\/istikametburasi.com\/wp-content\/uploads\/2023\/03\/IMG_5126-1-768x576.jpeg 768w, https:\/\/istikametburasi.com\/wp-content\/uploads\/2023\/03\/IMG_5126-1-1536x1152.jpeg 1536w, https:\/\/istikametburasi.com\/wp-content\/uploads\/2023\/03\/IMG_5126-1-2048x1536.jpeg 2048w\" sizes=\"(max-width: 346px) 100vw, 346px\" \/><figcaption class=\"wp-element-caption\"><strong>Ceren Ismet Shehu<\/strong><\/figcaption><\/figure>\n\n\n\n<h6>\u0130lk cevab\u0131m kesinlikle <strong><mark style=\"background-color:rgba(0, 0, 0, 0)\" class=\"has-inline-color has-vivid-red-color\">\u201cCeren Ismet Shehu\u201d<\/mark><\/strong> adl\u0131 restoran olur. Fix bir men\u00fcs\u00fc olan restoranda Aranvutluk\u2019un y\u00f6resel tatlar\u0131n\u0131 tadabiliyorsunuz ve olduk\u00e7a kaliteli bir mekan. Son derece doyurucu bir men\u00fcs\u00fc bulunuyor.<\/h6>\n\n\n\n<h6><strong><mark style=\"background-color:rgba(0, 0, 0, 0)\" class=\"has-inline-color has-vivid-red-color\">ODA Restoran<\/mark><\/strong> da Arnavutluk y\u00f6resel yemeklerini sunan mekanlardan bir tanesi. <\/h6>\n\n\n\n<p><\/p>\n","protected":false},"excerpt":{"rendered":"<p>Arnavutluk&#8217;un ba\u015fkenti Tiran, \u00f6zellikle vizesiz seyahat etmek isteyenler i\u00e7in s\u0131kl\u0131kla tercih edilen istikametlerden bir tanesi. Tiran seyahatiniz i\u00e7in 2 g\u00fcn<\/p>\n","protected":false},"author":1,"featured_media":895,"parent":0,"menu_order":0,"comment_status":"open","ping_status":"closed","template":"","meta":{"om_disable_all_campaigns":false,"_mi_skip_tracking":false},"_links":{"self":[{"href":"https:\/\/istikametburasi.com\/index.php\/wp-json\/wp\/v2\/pages\/630"}],"collection":[{"href":"https:\/\/istikametburasi.com\/index.php\/wp-json\/wp\/v2\/pages"}],"about":[{"href":"https:\/\/istikametburasi.com\/index.php\/wp-json\/wp\/v2\/types\/page"}],"author":[{"embeddable":true,"href":"https:\/\/istikametburasi.com\/index.php\/wp-json\/wp\/v2\/users\/1"}],"replies":[{"embeddable":true,"href":"https:\/\/istikametburasi.com\/index.php\/wp-json\/wp\/v2\/comments?post=630"}],"version-history":[{"count":11,"href":"https:\/\/istikametburasi.com\/index.php\/wp-json\/wp\/v2\/pages\/630\/revisions"}],"predecessor-version":[{"id":933,"href":"https:\/\/istikametburasi.com\/index.php\/wp-json\/wp\/v2\/pages\/630\/revisions\/933"}],"wp:featuredmedia":[{"embeddable":true,"href":"https:\/\/istikametburasi.com\/index.php\/wp-json\/wp\/v2\/media\/895"}],"wp:attachment":[{"href":"https:\/\/istikametburasi.com\/index.php\/wp-json\/wp\/v2\/media?parent=630"}],"curies":[{"name":"wp","href":"https:\/\/api.w.org\/{rel}","templated":true}]}}