{"id":632,"date":"2023-02-27T13:02:49","date_gmt":"2023-02-27T11:02:49","guid":{"rendered":"https:\/\/istikametburasi.com\/?page_id=632"},"modified":"2023-10-22T10:41:52","modified_gmt":"2023-10-22T08:41:52","slug":"saranda","status":"publish","type":"page","link":"https:\/\/istikametburasi.com\/index.php\/saranda\/","title":{"rendered":"SARANDA"},"content":{"rendered":"\n<p>\u00c7ok yak\u0131n zamanda t\u00fcm detaylar bu sayfada olacak, anlay\u0131\u015f\u0131n\u0131z i\u00e7in te\u015fekk\u00fcr ederim \ud83d\ude42<\/p>\n","protected":false},"excerpt":{"rendered":"<p>\u00c7ok yak\u0131n zamanda t\u00fcm detaylar bu sayfada olacak, anlay\u0131\u015f\u0131n\u0131z i\u00e7in te\u015fekk\u00fcr ederim \ud83d\ude42<\/p>\n","protected":false},"author":1,"featured_media":0,"parent":0,"menu_order":0,"comment_status":"closed","ping_status":"closed","template":"","meta":{"om_disable_all_campaigns":false,"_mi_skip_tracking":false},"_links":{"self":[{"href":"https:\/\/istikametburasi.com\/index.php\/wp-json\/wp\/v2\/pages\/632"}],"collection":[{"href":"https:\/\/istikametburasi.com\/index.php\/wp-json\/wp\/v2\/pages"}],"about":[{"href":"https:\/\/istikametburasi.com\/index.php\/wp-json\/wp\/v2\/types\/page"}],"author":[{"embeddable":true,"href":"https:\/\/istikametburasi.com\/index.php\/wp-json\/wp\/v2\/users\/1"}],"replies":[{"embeddable":true,"href":"https:\/\/istikametburasi.com\/index.php\/wp-json\/wp\/v2\/comments?post=632"}],"version-history":[{"count":2,"href":"https:\/\/istikametburasi.com\/index.php\/wp-json\/wp\/v2\/pages\/632\/revisions"}],"predecessor-version":[{"id":1630,"href":"https:\/\/istikametburasi.com\/index.php\/wp-json\/wp\/v2\/pages\/632\/revisions\/1630"}],"wp:attachment":[{"href":"https:\/\/istikametburasi.com\/index.php\/wp-json\/wp\/v2\/media?parent=632"}],"curies":[{"name":"wp","href":"https:\/\/api.w.org\/{rel}","templated":true}]}}