{"id":637,"date":"2023-10-07T13:17:31","date_gmt":"2023-10-07T11:17:31","guid":{"rendered":"https:\/\/istikametburasi.com\/?page_id=637"},"modified":"2023-10-07T13:17:36","modified_gmt":"2023-10-07T11:17:36","slug":"kotor","status":"publish","type":"page","link":"https:\/\/istikametburasi.com\/index.php\/kotor\/","title":{"rendered":"KOTOR"},"content":{"rendered":"\n<figure class=\"is-layout-flex wp-block-gallery-1 wp-block-gallery has-nested-images columns-default is-cropped\">\n<figure class=\"wp-block-image size-large\"><img decoding=\"async\" loading=\"lazy\" width=\"1024\" height=\"1024\" data-id=\"1283\"  src=\"https:\/\/istikametburasi.com\/wp-content\/uploads\/2023\/10\/kotor-3-1024x1024.png\" alt=\"\" class=\"wp-image-1283\" srcset=\"https:\/\/istikametburasi.com\/wp-content\/uploads\/2023\/10\/kotor-3-1024x1024.png 1024w, https:\/\/istikametburasi.com\/wp-content\/uploads\/2023\/10\/kotor-3-300x300.png 300w, https:\/\/istikametburasi.com\/wp-content\/uploads\/2023\/10\/kotor-3-150x150.png 150w, https:\/\/istikametburasi.com\/wp-content\/uploads\/2023\/10\/kotor-3-768x768.png 768w, https:\/\/istikametburasi.com\/wp-content\/uploads\/2023\/10\/kotor-3.png 1080w\" sizes=\"(max-width: 1024px) 100vw, 1024px\" \/><\/figure>\n\n\n\n<figure class=\"wp-block-image size-large\"><img decoding=\"async\" loading=\"lazy\" width=\"1024\" height=\"1024\" data-id=\"1284\"  src=\"https:\/\/istikametburasi.com\/wp-content\/uploads\/2023\/10\/kotor-1-1024x1024.png\" alt=\"\" class=\"wp-image-1284\" srcset=\"https:\/\/istikametburasi.com\/wp-content\/uploads\/2023\/10\/kotor-1-1024x1024.png 1024w, https:\/\/istikametburasi.com\/wp-content\/uploads\/2023\/10\/kotor-1-300x300.png 300w, https:\/\/istikametburasi.com\/wp-content\/uploads\/2023\/10\/kotor-1-150x150.png 150w, https:\/\/istikametburasi.com\/wp-content\/uploads\/2023\/10\/kotor-1-768x768.png 768w, https:\/\/istikametburasi.com\/wp-content\/uploads\/2023\/10\/kotor-1.png 1080w\" sizes=\"(max-width: 1024px) 100vw, 1024px\" \/><\/figure>\n\n\n\n<figure class=\"wp-block-image size-large\"><img decoding=\"async\" loading=\"lazy\" width=\"1024\" height=\"1024\" data-id=\"1282\"  src=\"https:\/\/istikametburasi.com\/wp-content\/uploads\/2023\/10\/kotor-4-1024x1024.png\" alt=\"\" class=\"wp-image-1282\" srcset=\"https:\/\/istikametburasi.com\/wp-content\/uploads\/2023\/10\/kotor-4-1024x1024.png 1024w, https:\/\/istikametburasi.com\/wp-content\/uploads\/2023\/10\/kotor-4-300x300.png 300w, https:\/\/istikametburasi.com\/wp-content\/uploads\/2023\/10\/kotor-4-150x150.png 150w, https:\/\/istikametburasi.com\/wp-content\/uploads\/2023\/10\/kotor-4-768x768.png 768w, https:\/\/istikametburasi.com\/wp-content\/uploads\/2023\/10\/kotor-4.png 1080w\" sizes=\"(max-width: 1024px) 100vw, 1024px\" \/><\/figure>\n<\/figure>\n\n\n\n<p>Balkanlar\u0131n incisi Kotor \u2728<\/p>\n\n\n\n<p>Balkanlarda favori 3 dura\u011f\u0131mdan birisi tart\u0131\u015fmas\u0131z Kotor. 5 sene ard\u0131ndan ikinci kez Kotor\u2019a geldim, sanki ilk kez gelmi\u015f gibi Old Town\u2019u ke\u015ffedip, sahil \u015feridinde y\u00fcr\u00fcmek \u00e7ok iyi hissettirdi.<\/p>\n\n\n\n<p>Kotor i\u00e7in yap\u0131lacaklar listesi haz\u0131rlamad\u0131m, \u00e7\u00fcnk\u00fc belli ba\u015fl\u0131 \u015feyler hari\u00e7 kendinizi ak\u0131\u015fa b\u0131rakarak \u00e7ok daha keyif alabilece\u011finizi d\u00fc\u015f\u00fcn\u00fcyorum.<\/p>\n\n\n\n<p>Tabii ki mutlaka Kotor Kalesi\u2019ne \u00e7\u0131k\u0131n, e\u015fsiz Kotor manzaras\u0131n\u0131 g\u00f6r\u00fcn. Old Town\u2019un ara sokaklar\u0131nda y\u00fcr\u00fcy\u00fcn, birbirinden g\u00fczel manzaralar\u0131 foto\u011fraflay\u0131n. Denize girip kumsal\u0131n tad\u0131n\u0131 da \u00e7\u0131karmay\u0131 unutmay\u0131n.<\/p>\n\n\n\n<p>\u00d6zellikle Old Town i\u00e7inde ve sahil \u015feridinde \u00e7ok fazla say\u0131da restoran var, bunlar aras\u0131nda fiyat performans ve lezzet a\u00e7\u0131s\u0131ndan \u00f6nereceklerim;<\/p>\n\n\n\n<p>\ud83d\udccdKonoba Roma<br>\ud83d\udccdKonoba Scala Santa<br>\ud83d\udccdKonoba Bonaca<br>\ud83d\udccdLa Catedrale Pasta Bar<br>\ud83d\udccdRestaurant Przun<br>\ud83d\udccdCesarica<\/p>\n\n\n\n<p>Bu restoranlarda mutlaka \u00e7e\u015fitli deniz \u00fcr\u00fcnlerini veya deniz \u00fcr\u00fcnl\u00fc yemekleri tercih etmenizi \u00f6neririm.<\/p>\n\n\n\n<p>Old Town sokaklar\u0131nda gezerken dondurma yemekte adettendir \ud83d\ude42 Bunun i\u00e7in \u00f6nerim;<\/p>\n\n\n\n<p>\ud83c\udf66Moritz Eis<\/p>\n\n\n\n<p>Bence Kotor i\u00e7in en ideal d\u00f6nem May\u0131s ve Ekim aylar\u0131. Yaz aylar\u0131nda \u00e7ok kalabal\u0131k oluyor, ayr\u0131ca hava s\u0131cakl\u0131\u011f\u0131 ve g\u00fcne\u015f de zorlay\u0131c\u0131 olabiliyor. <\/p>\n\n\n\n<p>Konaklama i\u00e7in de, bir\u00e7ok se\u00e7enek mevcut. Kotor\u2019a biraz uzak kasabalarda bulunan denize s\u0131f\u0131r m\u00fcstakil evlerden, Old Town i\u00e7indeki otellere kadar her b\u00fct\u00e7eye yak\u0131n yer bulabilirsiniz.<\/p>\n\n\n\n<p><br>Daha detayl\u0131 bilgileri, <a href=\"https:\/\/www.instagram.com\/istikametburasi\/?img_index=1\" data-type=\"URL\" data-id=\"https:\/\/www.instagram.com\/istikametburasi\/?img_index=1\" target=\"_blank\" rel=\"noreferrer noopener\">Instagram profilimde<\/a> \u00f6ne \u00e7\u0131kanlar k\u0131sm\u0131ndaki \u201c\ud83c\uddf2\ud83c\uddeaKotor\u201d ba\u015fl\u0131\u011f\u0131 alt\u0131nda bulabilirsiniz. Konaklad\u0131\u011f\u0131m ev ve daha bir\u00e7ok detay&#8230;<\/p>\n\n\n\n<p>Son olarak, burada her \u015fey dahil harcayaca\u011f\u0131n\u0131z para kesinlikle T\u00fcrkiye\u2019de sahil kesiminde ayn\u0131 kalitede yapaca\u011f\u0131n\u0131z tatilden \u00e7ok daha ucuz oluyor.<br>E\u011fer pasaportunuz varsa, Bodrum veya \u00c7e\u015fme gibi yerlerde bu paralar\u0131 harcayaca\u011f\u0131n\u0131za Karada\u011f\u2019\u0131 gezip keyfini s\u00fcr\u00fcn derim. Bence Kotor\u2019a daha \u00f6nce gelen pek \u00e7ok ki\u015fi de bana kat\u0131lacakt\u0131r.<\/p>\n","protected":false},"excerpt":{"rendered":"<p>Balkanlar\u0131n incisi Kotor \u2728 Balkanlarda favori 3 dura\u011f\u0131mdan birisi tart\u0131\u015fmas\u0131z Kotor. 5 sene ard\u0131ndan ikinci kez Kotor\u2019a geldim, sanki ilk<\/p>\n","protected":false},"author":1,"featured_media":0,"parent":0,"menu_order":0,"comment_status":"closed","ping_status":"closed","template":"","meta":{"om_disable_all_campaigns":false,"_mi_skip_tracking":false},"_links":{"self":[{"href":"https:\/\/istikametburasi.com\/index.php\/wp-json\/wp\/v2\/pages\/637"}],"collection":[{"href":"https:\/\/istikametburasi.com\/index.php\/wp-json\/wp\/v2\/pages"}],"about":[{"href":"https:\/\/istikametburasi.com\/index.php\/wp-json\/wp\/v2\/types\/page"}],"author":[{"embeddable":true,"href":"https:\/\/istikametburasi.com\/index.php\/wp-json\/wp\/v2\/users\/1"}],"replies":[{"embeddable":true,"href":"https:\/\/istikametburasi.com\/index.php\/wp-json\/wp\/v2\/comments?post=637"}],"version-history":[{"count":2,"href":"https:\/\/istikametburasi.com\/index.php\/wp-json\/wp\/v2\/pages\/637\/revisions"}],"predecessor-version":[{"id":1285,"href":"https:\/\/istikametburasi.com\/index.php\/wp-json\/wp\/v2\/pages\/637\/revisions\/1285"}],"wp:attachment":[{"href":"https:\/\/istikametburasi.com\/index.php\/wp-json\/wp\/v2\/media?parent=637"}],"curies":[{"name":"wp","href":"https:\/\/api.w.org\/{rel}","templated":true}]}}