{"id":638,"date":"2023-10-09T13:02:49","date_gmt":"2023-10-09T11:02:49","guid":{"rendered":"https:\/\/istikametburasi.com\/?page_id=638"},"modified":"2023-10-22T11:09:22","modified_gmt":"2023-10-22T09:09:22","slug":"budva","status":"publish","type":"page","link":"https:\/\/istikametburasi.com\/index.php\/budva\/","title":{"rendered":"BUDVA"},"content":{"rendered":"\n<figure class=\"is-layout-flex wp-block-gallery-1 wp-block-gallery has-nested-images columns-default is-cropped\">\n<figure class=\"wp-block-image size-large\"><img decoding=\"async\" loading=\"lazy\" width=\"1024\" height=\"1024\" data-id=\"1638\"  src=\"https:\/\/istikametburasi.com\/wp-content\/uploads\/2023\/10\/budva7-1024x1024.png\" alt=\"\" class=\"wp-image-1638\" srcset=\"https:\/\/istikametburasi.com\/wp-content\/uploads\/2023\/10\/budva7-1024x1024.png 1024w, https:\/\/istikametburasi.com\/wp-content\/uploads\/2023\/10\/budva7-300x300.png 300w, https:\/\/istikametburasi.com\/wp-content\/uploads\/2023\/10\/budva7-150x150.png 150w, https:\/\/istikametburasi.com\/wp-content\/uploads\/2023\/10\/budva7-768x768.png 768w, https:\/\/istikametburasi.com\/wp-content\/uploads\/2023\/10\/budva7.png 1080w\" sizes=\"(max-width: 1024px) 100vw, 1024px\" \/><\/figure>\n\n\n\n<figure class=\"wp-block-image size-large\"><img decoding=\"async\" loading=\"lazy\" width=\"1024\" height=\"1024\" data-id=\"1639\"  src=\"https:\/\/istikametburasi.com\/wp-content\/uploads\/2023\/10\/budva8-1024x1024.png\" alt=\"\" class=\"wp-image-1639\" srcset=\"https:\/\/istikametburasi.com\/wp-content\/uploads\/2023\/10\/budva8-1024x1024.png 1024w, https:\/\/istikametburasi.com\/wp-content\/uploads\/2023\/10\/budva8-300x300.png 300w, https:\/\/istikametburasi.com\/wp-content\/uploads\/2023\/10\/budva8-150x150.png 150w, https:\/\/istikametburasi.com\/wp-content\/uploads\/2023\/10\/budva8-768x768.png 768w, https:\/\/istikametburasi.com\/wp-content\/uploads\/2023\/10\/budva8.png 1080w\" sizes=\"(max-width: 1024px) 100vw, 1024px\" \/><\/figure>\n\n\n\n<figure class=\"wp-block-image size-large\"><img decoding=\"async\" loading=\"lazy\" width=\"1024\" height=\"1024\" data-id=\"1640\"  src=\"https:\/\/istikametburasi.com\/wp-content\/uploads\/2023\/10\/budva10-1024x1024.png\" alt=\"\" class=\"wp-image-1640\" srcset=\"https:\/\/istikametburasi.com\/wp-content\/uploads\/2023\/10\/budva10-1024x1024.png 1024w, https:\/\/istikametburasi.com\/wp-content\/uploads\/2023\/10\/budva10-300x300.png 300w, https:\/\/istikametburasi.com\/wp-content\/uploads\/2023\/10\/budva10-150x150.png 150w, https:\/\/istikametburasi.com\/wp-content\/uploads\/2023\/10\/budva10-768x768.png 768w, https:\/\/istikametburasi.com\/wp-content\/uploads\/2023\/10\/budva10.png 1080w\" sizes=\"(max-width: 1024px) 100vw, 1024px\" \/><\/figure>\n<\/figure>\n\n\n\n<p>Budva daha kafa dinlemelik, tatl\u0131 sahillerini gezerek dinlenece\u011finiz bir durak. Eski \u015eehri Kotor\u2019a g\u00f6re \u00e7ok daha k\u00fc\u00e7\u00fck ama yine olduk\u00e7a keyifli.<\/p>\n\n\n\n<p>Old Town&#8217;un i\u00e7inde y\u00fcr\u00fcrken \u00e7ok s\u0131k\u00e7a T\u00fcrk\u00e7e konu\u015fan insanlar\u0131 duyabilirsiniz, bunun sebeplerinden biri Eski \u015eehir surlar\u0131 i\u00e7erisinde yer alan turistik d\u00fckkanlar\u0131n bir k\u0131sm\u0131n\u0131n i\u015fletmesinin T\u00fcrklere ait olmas\u0131. Anlad\u0131\u011f\u0131m kadar\u0131yla Karada\u011f&#8217;\u0131n ileriki d\u00f6nemlerde Avrupa Birli\u011fi&#8217;ne girecek olmas\u0131ndan dolay\u0131 yat\u0131r\u0131m yaparak vatanda\u015fl\u0131k almak isteyenlerin a\u00e7t\u0131\u011f\u0131 d\u00fckkanlar.<\/p>\n\n\n\n<p>Budva&#8217;da marina etraf\u0131nda pek \u00e7ok g\u00fczel restoran, kafe ve barlar bulunuyor. Turistler aras\u0131nda en pop\u00fcler olanlar her zamanki gibi Old Town i\u00e7erisinde ama bence oralar i\u00e7in s\u0131ra beklemekten ve a\u015f\u0131r\u0131 bir kalabal\u0131k ile olmaktansa, surlar\u0131n d\u0131\u015f\u0131ndaki yerleri tercih edebilirsiniz. <\/p>\n\n\n\n<figure class=\"is-layout-flex wp-block-gallery-3 wp-block-gallery has-nested-images columns-default is-cropped\">\n<figure class=\"wp-block-image size-large\"><img decoding=\"async\" loading=\"lazy\" width=\"1024\" height=\"1024\" data-id=\"1636\"  src=\"https:\/\/istikametburasi.com\/wp-content\/uploads\/2023\/10\/svetistefan1-1024x1024.png\" alt=\"\" class=\"wp-image-1636\" srcset=\"https:\/\/istikametburasi.com\/wp-content\/uploads\/2023\/10\/svetistefan1-1024x1024.png 1024w, https:\/\/istikametburasi.com\/wp-content\/uploads\/2023\/10\/svetistefan1-300x300.png 300w, https:\/\/istikametburasi.com\/wp-content\/uploads\/2023\/10\/svetistefan1-150x150.png 150w, https:\/\/istikametburasi.com\/wp-content\/uploads\/2023\/10\/svetistefan1-768x768.png 768w, https:\/\/istikametburasi.com\/wp-content\/uploads\/2023\/10\/svetistefan1.png 1080w\" sizes=\"(max-width: 1024px) 100vw, 1024px\" \/><\/figure>\n\n\n\n<figure class=\"wp-block-image size-large\"><img decoding=\"async\" loading=\"lazy\" width=\"1024\" height=\"1024\" data-id=\"1637\"  src=\"https:\/\/istikametburasi.com\/wp-content\/uploads\/2023\/10\/svetistefan3-1024x1024.png\" alt=\"\" class=\"wp-image-1637\" srcset=\"https:\/\/istikametburasi.com\/wp-content\/uploads\/2023\/10\/svetistefan3-1024x1024.png 1024w, https:\/\/istikametburasi.com\/wp-content\/uploads\/2023\/10\/svetistefan3-300x300.png 300w, https:\/\/istikametburasi.com\/wp-content\/uploads\/2023\/10\/svetistefan3-150x150.png 150w, https:\/\/istikametburasi.com\/wp-content\/uploads\/2023\/10\/svetistefan3-768x768.png 768w, https:\/\/istikametburasi.com\/wp-content\/uploads\/2023\/10\/svetistefan3.png 1080w\" sizes=\"(max-width: 1024px) 100vw, 1024px\" \/><\/figure>\n\n\n\n<figure class=\"wp-block-image size-large\"><img decoding=\"async\" loading=\"lazy\" width=\"1024\" height=\"1024\" data-id=\"1635\"  src=\"https:\/\/istikametburasi.com\/wp-content\/uploads\/2023\/10\/svetistefan2-1024x1024.png\" alt=\"\" class=\"wp-image-1635\" srcset=\"https:\/\/istikametburasi.com\/wp-content\/uploads\/2023\/10\/svetistefan2-1024x1024.png 1024w, https:\/\/istikametburasi.com\/wp-content\/uploads\/2023\/10\/svetistefan2-300x300.png 300w, https:\/\/istikametburasi.com\/wp-content\/uploads\/2023\/10\/svetistefan2-150x150.png 150w, https:\/\/istikametburasi.com\/wp-content\/uploads\/2023\/10\/svetistefan2-768x768.png 768w, https:\/\/istikametburasi.com\/wp-content\/uploads\/2023\/10\/svetistefan2.png 1080w\" sizes=\"(max-width: 1024px) 100vw, 1024px\" \/><\/figure>\n<\/figure>\n\n\n\n<p>\ud83c\uddf2\ud83c\uddeaKarada\u011f seyahatinizin olmazsa olmaz dura\u011f\u0131 Budva\u2019ya gitmi\u015fken Sveti Stefan\u2019a u\u011framadan d\u00f6nmemeniz gerekir. Buras\u0131 i\u00e7in \u00fclkenin en pop\u00fcler turizm \u015fehri Budva\u2019ya ba\u011fl\u0131 olan bir Orta\u00e7a\u011f k\u00f6y\u00fc diyebiliriz. Tabii ki Karada\u011f\u2019daki \u00e7o\u011fu yer gibi buran\u0131n da ilgin\u00e7 bir hikayesi var. \u00a015. y\u00fczy\u0131lda ana karaya ince bir yol ile ba\u011fl\u0131 olmas\u0131 nedeniyle savunma ama\u00e7l\u0131 kullan\u0131lm\u0131\u015f.<\/p>\n\n\n\n<p>\u2694\ufe0fKarada\u011f, Venedik himayesi alt\u0131ndayken bir\u00e7ok kez korsanlar\u0131n ve Osmanl\u0131\u2019n\u0131n sald\u0131r\u0131lar\u0131na u\u011frasa bile adan\u0131n surlar\u0131 T\u00fcrklere ve korsanlara kar\u015f\u0131 direnmi\u015f.<\/p>\n\n\n\n<p>\ud83d\udcb0Rivayete g\u00f6re T\u00fcrklere kar\u015f\u0131 kazan\u0131lan bir zafer sonucunda, Osmanl\u0131 gemilerine ve hazinelerine el konulmu\u015f ve adadaki kilise bu hazineler sayesinde yap\u0131lm\u0131\u015f.<\/p>\n\n\n\n<p>\ud83c\udfa3Tarihi ve mimari g\u00fczelli\u011fi ile bilinen ada 20. y\u00fczy\u0131lda bir bal\u0131k\u00e7\u0131 k\u00f6y\u00fc haline gelmi\u015f. Burada eskiden 12 bal\u0131k\u00e7\u0131 ailesi ya\u015f\u0131yormu\u015f. 2007 y\u0131l\u0131nda ba\u015flanarak adadaki bir\u00e7ok bina ve apartman uzun y\u0131llar restore edilerek 5 y\u0131ld\u0131zl\u0131 bir otele d\u00f6n\u00fc\u015ft\u00fcr\u00fcl\u00fcnce ada alt\u0131n g\u00fcnlerini ya\u015famaya ba\u015flam\u0131\u015f.<\/p>\n\n\n\n<p>\ud83c\udfe8Adada hizmet veren <strong>Hotel Milocer<\/strong> sadece Karada\u011f\u2019da de\u011fil, d\u00fcnyada nam salm\u0131\u015f bir yer. Pek \u00e7ok \u00fcnl\u00fcye de ev sahipli\u011fi yapm\u0131\u015f olan otel, \u00fcnl\u00fc oldu\u011fu kadar da gizemli. \u00d6rne\u011fin, i\u00e7eriye yaln\u0131zca otel m\u00fc\u015fterileri veya haftalar \u00f6nce i\u00e7erideki restorana rezervasyon yapt\u0131ranlar girebiliyor.<\/p>\n\n\n\n<p>\ud83c\udf0aAdan\u0131n bulundu\u011fu b\u00f6lge ayn\u0131 zamanda plajlar\u0131yla \u00fcnl\u00fc bir yer. Payla\u015ft\u0131\u011f\u0131m hikayelerden hat\u0131rlars\u0131n\u0131z belki, \u00e7ok g\u00fczel restoranlar da bulunuyor.<\/p>\n\n\n\n<p>\ud83d\udcb6Bu plajlara bir giri\u015f \u00fccreti \u00f6demiyorsunuz ancak otoparka saatlik 4\u20ac ve 2 \u015fezlong ile 1 \u015femsiyeye 16\u20ac \u00f6demeniz gerekiyor. Ancak havlunuzu serip, \u00fccret \u00f6demeden g\u00fcn\u00fcn\u00fcz\u00fc plajda ge\u00e7irebilirsiniz.<\/p>\n\n\n\n<p>Daha detayl\u0131 bilgileri,\u00a0<a rel=\"noreferrer noopener\" href=\"https:\/\/www.instagram.com\/istikametburasi\/?img_index=1\" target=\"_blank\">Instagram profilimde<\/a>\u00a0\u00f6ne \u00e7\u0131kanlar k\u0131sm\u0131ndaki \u201c\ud83c\uddf2\ud83c\uddeaBudva\u201d ba\u015fl\u0131\u011f\u0131 alt\u0131nda bulabilirsiniz. <\/p>\n","protected":false},"excerpt":{"rendered":"<p>Budva daha kafa dinlemelik, tatl\u0131 sahillerini gezerek dinlenece\u011finiz bir durak. Eski \u015eehri Kotor\u2019a g\u00f6re \u00e7ok daha k\u00fc\u00e7\u00fck ama yine olduk\u00e7a<\/p>\n","protected":false},"author":1,"featured_media":0,"parent":0,"menu_order":0,"comment_status":"closed","ping_status":"closed","template":"","meta":{"om_disable_all_campaigns":false,"_mi_skip_tracking":false},"_links":{"self":[{"href":"https:\/\/istikametburasi.com\/index.php\/wp-json\/wp\/v2\/pages\/638"}],"collection":[{"href":"https:\/\/istikametburasi.com\/index.php\/wp-json\/wp\/v2\/pages"}],"about":[{"href":"https:\/\/istikametburasi.com\/index.php\/wp-json\/wp\/v2\/types\/page"}],"author":[{"embeddable":true,"href":"https:\/\/istikametburasi.com\/index.php\/wp-json\/wp\/v2\/users\/1"}],"replies":[{"embeddable":true,"href":"https:\/\/istikametburasi.com\/index.php\/wp-json\/wp\/v2\/comments?post=638"}],"version-history":[{"count":3,"href":"https:\/\/istikametburasi.com\/index.php\/wp-json\/wp\/v2\/pages\/638\/revisions"}],"predecessor-version":[{"id":1641,"href":"https:\/\/istikametburasi.com\/index.php\/wp-json\/wp\/v2\/pages\/638\/revisions\/1641"}],"wp:attachment":[{"href":"https:\/\/istikametburasi.com\/index.php\/wp-json\/wp\/v2\/media?parent=638"}],"curies":[{"name":"wp","href":"https:\/\/api.w.org\/{rel}","templated":true}]}}