{"id":950,"date":"2023-10-01T18:59:38","date_gmt":"2023-10-01T16:59:38","guid":{"rendered":"https:\/\/istikametburasi.com\/?page_id=950"},"modified":"2023-10-01T19:31:56","modified_gmt":"2023-10-01T17:31:56","slug":"avrupa-rotalar","status":"publish","type":"page","link":"https:\/\/istikametburasi.com\/index.php\/avrupa-rotalar\/","title":{"rendered":"AVRUPA ROTALAR"},"content":{"rendered":"\n<p>Avrupa&#8217;n\u0131n birbirinden g\u00fczel \u015fehirleri i\u00e7in haz\u0131rlad\u0131\u011f\u0131m seyahat planlar\u0131n\u0131 men\u00fcde \u00dclke isimlerinin alt men\u00fcs\u00fc olarak kar\u015f\u0131n\u0131za \u00e7\u0131kan \u015eehir isimlerinde bulabilirsiniz.<\/p>\n\n\n\n<p>Bu seyahat planlar\u0131n\u0131 haz\u0131rlarken, az zaman\u0131 olan ve \u00e7o\u011fu yeri gezmek isteyen gezginler i\u00e7in haz\u0131rlad\u0131m, yani bir\u00e7ok \u015fehirdeki rotay\u0131 tamamlamak i\u00e7in sabah g\u00fcne erken ba\u015flamal\u0131s\u0131n\u0131z. Zaten seyahatte uyunmaz \ud83d\ude42 G\u00fcn erken ba\u015flar ge\u00e7 biter \ud83e\udd73 <\/p>\n","protected":false},"excerpt":{"rendered":"<p>Avrupa&#8217;n\u0131n birbirinden g\u00fczel \u015fehirleri i\u00e7in haz\u0131rlad\u0131\u011f\u0131m seyahat planlar\u0131n\u0131 men\u00fcde \u00dclke isimlerinin alt men\u00fcs\u00fc olarak kar\u015f\u0131n\u0131za \u00e7\u0131kan \u015eehir isimlerinde bulabilirsiniz. Bu<\/p>\n","protected":false},"author":1,"featured_media":0,"parent":0,"menu_order":0,"comment_status":"closed","ping_status":"closed","template":"","meta":{"om_disable_all_campaigns":false,"_mi_skip_tracking":false},"_links":{"self":[{"href":"https:\/\/istikametburasi.com\/index.php\/wp-json\/wp\/v2\/pages\/950"}],"collection":[{"href":"https:\/\/istikametburasi.com\/index.php\/wp-json\/wp\/v2\/pages"}],"about":[{"href":"https:\/\/istikametburasi.com\/index.php\/wp-json\/wp\/v2\/types\/page"}],"author":[{"embeddable":true,"href":"https:\/\/istikametburasi.com\/index.php\/wp-json\/wp\/v2\/users\/1"}],"replies":[{"embeddable":true,"href":"https:\/\/istikametburasi.com\/index.php\/wp-json\/wp\/v2\/comments?post=950"}],"version-history":[{"count":2,"href":"https:\/\/istikametburasi.com\/index.php\/wp-json\/wp\/v2\/pages\/950\/revisions"}],"predecessor-version":[{"id":1093,"href":"https:\/\/istikametburasi.com\/index.php\/wp-json\/wp\/v2\/pages\/950\/revisions\/1093"}],"wp:attachment":[{"href":"https:\/\/istikametburasi.com\/index.php\/wp-json\/wp\/v2\/media?parent=950"}],"curies":[{"name":"wp","href":"https:\/\/api.w.org\/{rel}","templated":true}]}}