{"id":951,"date":"2023-10-01T18:59:38","date_gmt":"2023-10-01T16:59:38","guid":{"rendered":"https:\/\/istikametburasi.com\/?page_id=951"},"modified":"2023-10-08T14:41:09","modified_gmt":"2023-10-08T12:41:09","slug":"balkan-rotalar","status":"publish","type":"page","link":"https:\/\/istikametburasi.com\/index.php\/balkan-rotalar\/","title":{"rendered":"BALKAN ROTALAR"},"content":{"rendered":"\n<p>\u00d6zellikle vizesiz se\u00e7enekleri ile son d\u00f6nemlerde T\u00fcrk turistlerin vazge\u00e7ilmezleri aras\u0131na giren Balkan \u00fclkelerini gezmenizi kolayla\u015ft\u0131racak t\u00fcm rotalar bu ba\u015fl\u0131kta!<\/p>\n","protected":false},"excerpt":{"rendered":"<p>\u00d6zellikle vizesiz se\u00e7enekleri ile son d\u00f6nemlerde T\u00fcrk turistlerin vazge\u00e7ilmezleri aras\u0131na giren Balkan \u00fclkelerini gezmenizi kolayla\u015ft\u0131racak t\u00fcm rotalar bu ba\u015fl\u0131kta!<\/p>\n","protected":false},"author":1,"featured_media":0,"parent":0,"menu_order":0,"comment_status":"closed","ping_status":"closed","template":"","meta":{"om_disable_all_campaigns":false,"_mi_skip_tracking":false},"_links":{"self":[{"href":"https:\/\/istikametburasi.com\/index.php\/wp-json\/wp\/v2\/pages\/951"}],"collection":[{"href":"https:\/\/istikametburasi.com\/index.php\/wp-json\/wp\/v2\/pages"}],"about":[{"href":"https:\/\/istikametburasi.com\/index.php\/wp-json\/wp\/v2\/types\/page"}],"author":[{"embeddable":true,"href":"https:\/\/istikametburasi.com\/index.php\/wp-json\/wp\/v2\/users\/1"}],"replies":[{"embeddable":true,"href":"https:\/\/istikametburasi.com\/index.php\/wp-json\/wp\/v2\/comments?post=951"}],"version-history":[{"count":2,"href":"https:\/\/istikametburasi.com\/index.php\/wp-json\/wp\/v2\/pages\/951\/revisions"}],"predecessor-version":[{"id":1320,"href":"https:\/\/istikametburasi.com\/index.php\/wp-json\/wp\/v2\/pages\/951\/revisions\/1320"}],"wp:attachment":[{"href":"https:\/\/istikametburasi.com\/index.php\/wp-json\/wp\/v2\/media?parent=951"}],"curies":[{"name":"wp","href":"https:\/\/api.w.org\/{rel}","templated":true}]}}