{"id":974,"date":"2023-10-01T19:22:33","date_gmt":"2023-10-01T17:22:33","guid":{"rendered":"https:\/\/istikametburasi.com\/?page_id=974"},"modified":"2023-11-12T13:33:00","modified_gmt":"2023-11-12T11:33:00","slug":"hollanda-2","status":"publish","type":"page","link":"https:\/\/istikametburasi.com\/index.php\/hollanda-2\/","title":{"rendered":"HOLLANDA"},"content":{"rendered":"\n<p>Laleleriyle me\u015fhur olan Hollanda, \u00f6zellikle bahar aylar\u0131nda sundu\u011fu g\u00fczel manzaralar ile ziyaret\u00e7ilerini etkilemeyi ba\u015far\u0131yor \ud83c\uddf3\ud83c\uddf1<\/p>\n\n\n\n<p>En pop\u00fcler \u015fehri olan <strong>Amsterdam<\/strong> ve \u00e7evresi mutlaka g\u00f6r\u00fclmesi gereken ilk durak oluyor. \u015eimdiden h\u0131zl\u0131 bir tavsiye vereyim, Amsterdam&#8217;da gezmenin ve kanal dibinde oturup atmosferin tad\u0131n\u0131 \u00e7\u0131karmak istiyorsan\u0131z Dam Meydan\u0131&#8217;ndan Red Light Soka\u011f\u0131&#8217;na do\u011fru y\u00fcr\u00fcd\u00fckten sonra durmay\u0131n ve devam edin. Paralelde kalan arka yollar resmen bir cennet, kimselerin gelmedi\u011fi kalabal\u0131ktan olduk\u00e7a uzak olan \u00e7ok g\u00fczel sokaklar sizi bekliyor&#8230;<\/p>\n\n\n\n<figure class=\"wp-block-image aligncenter size-large\"><img decoding=\"async\" loading=\"lazy\" width=\"576\" height=\"1024\" src=\"https:\/\/istikametburasi.com\/wp-content\/uploads\/2023\/11\/Amsterdam-siteRota-576x1024.png\" alt=\"\" class=\"wp-image-1668\" srcset=\"https:\/\/istikametburasi.com\/wp-content\/uploads\/2023\/11\/Amsterdam-siteRota-576x1024.png 576w, https:\/\/istikametburasi.com\/wp-content\/uploads\/2023\/11\/Amsterdam-siteRota-169x300.png 169w, https:\/\/istikametburasi.com\/wp-content\/uploads\/2023\/11\/Amsterdam-siteRota-768x1365.png 768w, https:\/\/istikametburasi.com\/wp-content\/uploads\/2023\/11\/Amsterdam-siteRota-864x1536.png 864w, https:\/\/istikametburasi.com\/wp-content\/uploads\/2023\/11\/Amsterdam-siteRota.png 1080w\" sizes=\"(max-width: 576px) 100vw, 576px\" \/><\/figure>\n","protected":false},"excerpt":{"rendered":"<p>Laleleriyle me\u015fhur olan Hollanda, \u00f6zellikle bahar aylar\u0131nda sundu\u011fu g\u00fczel manzaralar ile ziyaret\u00e7ilerini etkilemeyi ba\u015far\u0131yor \ud83c\uddf3\ud83c\uddf1 En pop\u00fcler \u015fehri olan Amsterdam<\/p>\n","protected":false},"author":1,"featured_media":0,"parent":0,"menu_order":0,"comment_status":"closed","ping_status":"closed","template":"","meta":{"om_disable_all_campaigns":false,"_mi_skip_tracking":false},"_links":{"self":[{"href":"https:\/\/istikametburasi.com\/index.php\/wp-json\/wp\/v2\/pages\/974"}],"collection":[{"href":"https:\/\/istikametburasi.com\/index.php\/wp-json\/wp\/v2\/pages"}],"about":[{"href":"https:\/\/istikametburasi.com\/index.php\/wp-json\/wp\/v2\/types\/page"}],"author":[{"embeddable":true,"href":"https:\/\/istikametburasi.com\/index.php\/wp-json\/wp\/v2\/users\/1"}],"replies":[{"embeddable":true,"href":"https:\/\/istikametburasi.com\/index.php\/wp-json\/wp\/v2\/comments?post=974"}],"version-history":[{"count":4,"href":"https:\/\/istikametburasi.com\/index.php\/wp-json\/wp\/v2\/pages\/974\/revisions"}],"predecessor-version":[{"id":1669,"href":"https:\/\/istikametburasi.com\/index.php\/wp-json\/wp\/v2\/pages\/974\/revisions\/1669"}],"wp:attachment":[{"href":"https:\/\/istikametburasi.com\/index.php\/wp-json\/wp\/v2\/media?parent=974"}],"curies":[{"name":"wp","href":"https:\/\/api.w.org\/{rel}","templated":true}]}}