{"id":976,"date":"2023-10-01T19:22:33","date_gmt":"2023-10-01T17:22:33","guid":{"rendered":"https:\/\/istikametburasi.com\/?page_id=976"},"modified":"2023-11-12T13:48:26","modified_gmt":"2023-11-12T11:48:26","slug":"arnavutluk-2","status":"publish","type":"page","link":"https:\/\/istikametburasi.com\/index.php\/arnavutluk-2\/","title":{"rendered":"ARNAVUTLUK"},"content":{"rendered":"\n<p>Vizesiz \u00fclkeler aras\u0131nda favorilerimizden biri tabii ki de Arnavutluk \ud83c\udde6\ud83c\uddf1<\/p>\n\n\n\n<p>Maldivleri aratmayan g\u00fczellikte koylara ve atmosfere sahip olan <strong>Saranda<\/strong> ve <strong>Ksamil Adas\u0131<\/strong>, Sokaklar\u0131n\u0131 gezerken tarihi bir filmin setindeymi\u015f gibi hissetti\u011finiz <strong>Gjirokaster<\/strong>, Osmanl\u0131 d\u00f6neminden kalma mimari yap\u0131lar\u0131 ve s\u0131ral\u0131 evleri ile herkesin g\u00f6rmesi gerekti\u011fini d\u00fc\u015f\u00fcnd\u00fc\u011f\u00fcm <strong>Berat<\/strong>, Ba\u015fkent <strong>Tiran<\/strong> \u00f6zellikle kom\u00fcnist d\u00f6nemde halk\u0131n ya\u015fad\u0131\u011f\u0131 zorluklar\u0131 sergileyen ve atmosferiyle hissettiren bunk&#8217;art konsepti ile sizleri bekliyor&#8230;<\/p>\n\n\n\n<figure class=\"wp-block-image aligncenter size-large\"><img decoding=\"async\" loading=\"lazy\" width=\"576\" height=\"1024\" src=\"https:\/\/istikametburasi.com\/wp-content\/uploads\/2023\/11\/Tiran-siteRota-576x1024.png\" alt=\"\" class=\"wp-image-1687\" srcset=\"https:\/\/istikametburasi.com\/wp-content\/uploads\/2023\/11\/Tiran-siteRota-576x1024.png 576w, https:\/\/istikametburasi.com\/wp-content\/uploads\/2023\/11\/Tiran-siteRota-169x300.png 169w, https:\/\/istikametburasi.com\/wp-content\/uploads\/2023\/11\/Tiran-siteRota-768x1365.png 768w, https:\/\/istikametburasi.com\/wp-content\/uploads\/2023\/11\/Tiran-siteRota-864x1536.png 864w, https:\/\/istikametburasi.com\/wp-content\/uploads\/2023\/11\/Tiran-siteRota.png 1080w\" sizes=\"(max-width: 576px) 100vw, 576px\" \/><\/figure>\n\n\n\n<figure class=\"wp-block-image aligncenter size-large\"><img decoding=\"async\" loading=\"lazy\" width=\"576\" height=\"1024\" src=\"https:\/\/istikametburasi.com\/wp-content\/uploads\/2023\/11\/Berat-siteRota-1-576x1024.png\" alt=\"\" class=\"wp-image-1688\" srcset=\"https:\/\/istikametburasi.com\/wp-content\/uploads\/2023\/11\/Berat-siteRota-1-576x1024.png 576w, https:\/\/istikametburasi.com\/wp-content\/uploads\/2023\/11\/Berat-siteRota-1-169x300.png 169w, https:\/\/istikametburasi.com\/wp-content\/uploads\/2023\/11\/Berat-siteRota-1-768x1365.png 768w, https:\/\/istikametburasi.com\/wp-content\/uploads\/2023\/11\/Berat-siteRota-1-864x1536.png 864w, https:\/\/istikametburasi.com\/wp-content\/uploads\/2023\/11\/Berat-siteRota-1.png 1080w\" sizes=\"(max-width: 576px) 100vw, 576px\" \/><\/figure>\n","protected":false},"excerpt":{"rendered":"<p>Vizesiz \u00fclkeler aras\u0131nda favorilerimizden biri tabii ki de Arnavutluk \ud83c\udde6\ud83c\uddf1 Maldivleri aratmayan g\u00fczellikte koylara ve atmosfere sahip olan Saranda ve<\/p>\n","protected":false},"author":1,"featured_media":0,"parent":0,"menu_order":0,"comment_status":"closed","ping_status":"closed","template":"","meta":{"om_disable_all_campaigns":false,"_mi_skip_tracking":false},"_links":{"self":[{"href":"https:\/\/istikametburasi.com\/index.php\/wp-json\/wp\/v2\/pages\/976"}],"collection":[{"href":"https:\/\/istikametburasi.com\/index.php\/wp-json\/wp\/v2\/pages"}],"about":[{"href":"https:\/\/istikametburasi.com\/index.php\/wp-json\/wp\/v2\/types\/page"}],"author":[{"embeddable":true,"href":"https:\/\/istikametburasi.com\/index.php\/wp-json\/wp\/v2\/users\/1"}],"replies":[{"embeddable":true,"href":"https:\/\/istikametburasi.com\/index.php\/wp-json\/wp\/v2\/comments?post=976"}],"version-history":[{"count":3,"href":"https:\/\/istikametburasi.com\/index.php\/wp-json\/wp\/v2\/pages\/976\/revisions"}],"predecessor-version":[{"id":1689,"href":"https:\/\/istikametburasi.com\/index.php\/wp-json\/wp\/v2\/pages\/976\/revisions\/1689"}],"wp:attachment":[{"href":"https:\/\/istikametburasi.com\/index.php\/wp-json\/wp\/v2\/media?parent=976"}],"curies":[{"name":"wp","href":"https:\/\/api.w.org\/{rel}","templated":true}]}}