{"id":979,"date":"2023-10-01T19:22:33","date_gmt":"2023-10-01T17:22:33","guid":{"rendered":"https:\/\/istikametburasi.com\/?page_id=979"},"modified":"2023-11-12T13:47:34","modified_gmt":"2023-11-12T11:47:34","slug":"belcika","status":"publish","type":"page","link":"https:\/\/istikametburasi.com\/index.php\/belcika\/","title":{"rendered":"BEL\u00c7\u0130KA"},"content":{"rendered":"\n<p>\u00c7ikolatan\u0131n diyar\u0131, her gidenin \u00e7e\u015fit \u00e7e\u015fit yiyip tad\u0131na vard\u0131\u011f\u0131 wafflelar\u0131 ve patates k\u0131zartmalar\u0131 ile midelere bayram ettiren Bel\u00e7ika \ud83c\udde7\ud83c\uddea<\/p>\n\n\n\n<p>\u0130\u015feyen \u00e7ocuk heykeli (Manneken-Pis) ile pop\u00fclerli\u011fini s\u00fcrd\u00fcren <strong>Br\u00fcksel<\/strong>, \u00dclkenin en g\u00fczel \u015fehri oldu\u011fu iddia edilen <strong>Brugge<\/strong>, Turistler taraf\u0131ndan pek tercih edilmeyen ve kanallar\u0131 ile Hollanda \u015fehirlerini an\u0131msatan <strong>Gent<\/strong> ve daha fazlas\u0131 sizleri bekiyor&#8230;<\/p>\n\n\n\n<figure class=\"wp-block-image aligncenter size-large\"><img decoding=\"async\" loading=\"lazy\" width=\"576\" height=\"1024\" src=\"https:\/\/istikametburasi.com\/wp-content\/uploads\/2023\/11\/Bruksel-siteRota-576x1024.png\" alt=\"\" class=\"wp-image-1685\" srcset=\"https:\/\/istikametburasi.com\/wp-content\/uploads\/2023\/11\/Bruksel-siteRota-576x1024.png 576w, https:\/\/istikametburasi.com\/wp-content\/uploads\/2023\/11\/Bruksel-siteRota-169x300.png 169w, https:\/\/istikametburasi.com\/wp-content\/uploads\/2023\/11\/Bruksel-siteRota-768x1365.png 768w, https:\/\/istikametburasi.com\/wp-content\/uploads\/2023\/11\/Bruksel-siteRota-864x1536.png 864w, https:\/\/istikametburasi.com\/wp-content\/uploads\/2023\/11\/Bruksel-siteRota.png 1080w\" sizes=\"(max-width: 576px) 100vw, 576px\" \/><\/figure>\n","protected":false},"excerpt":{"rendered":"<p>\u00c7ikolatan\u0131n diyar\u0131, her gidenin \u00e7e\u015fit \u00e7e\u015fit yiyip tad\u0131na vard\u0131\u011f\u0131 wafflelar\u0131 ve patates k\u0131zartmalar\u0131 ile midelere bayram ettiren Bel\u00e7ika \ud83c\udde7\ud83c\uddea \u0130\u015feyen<\/p>\n","protected":false},"author":1,"featured_media":0,"parent":0,"menu_order":0,"comment_status":"closed","ping_status":"closed","template":"","meta":{"om_disable_all_campaigns":false,"_mi_skip_tracking":false},"_links":{"self":[{"href":"https:\/\/istikametburasi.com\/index.php\/wp-json\/wp\/v2\/pages\/979"}],"collection":[{"href":"https:\/\/istikametburasi.com\/index.php\/wp-json\/wp\/v2\/pages"}],"about":[{"href":"https:\/\/istikametburasi.com\/index.php\/wp-json\/wp\/v2\/types\/page"}],"author":[{"embeddable":true,"href":"https:\/\/istikametburasi.com\/index.php\/wp-json\/wp\/v2\/users\/1"}],"replies":[{"embeddable":true,"href":"https:\/\/istikametburasi.com\/index.php\/wp-json\/wp\/v2\/comments?post=979"}],"version-history":[{"count":4,"href":"https:\/\/istikametburasi.com\/index.php\/wp-json\/wp\/v2\/pages\/979\/revisions"}],"predecessor-version":[{"id":1686,"href":"https:\/\/istikametburasi.com\/index.php\/wp-json\/wp\/v2\/pages\/979\/revisions\/1686"}],"wp:attachment":[{"href":"https:\/\/istikametburasi.com\/index.php\/wp-json\/wp\/v2\/media?parent=979"}],"curies":[{"name":"wp","href":"https:\/\/api.w.org\/{rel}","templated":true}]}}