{"id":980,"date":"2023-10-01T19:22:33","date_gmt":"2023-10-01T17:22:33","guid":{"rendered":"https:\/\/istikametburasi.com\/?page_id=980"},"modified":"2023-11-12T13:47:08","modified_gmt":"2023-11-12T11:47:08","slug":"fransa-2","status":"publish","type":"page","link":"https:\/\/istikametburasi.com\/index.php\/fransa-2\/","title":{"rendered":"FRANSA"},"content":{"rendered":"\n<p>Tarihi, mimarisi ve yemekleri ile her gezginin mutlaka g\u00f6rmesi, ke\u015ffetmesi gereken \u00fclkelerin ba\u015f\u0131nda gelen Fransa \ud83c\uddeb\ud83c\uddf7<\/p>\n\n\n\n<p>Gez gez bitmeyen Louvre M\u00fczesi, sanat kokan sokaklar\u0131, tarihi yap\u0131lar\u0131 ve daha bir\u00e7ok g\u00fczelli\u011fiyle sizi bekleyen <strong>Paris<\/strong>, Dillere destan g\u00f6rkemi ile her ziyaret\u00e7isini kendine a\u015f\u0131k eden <strong>Versay<\/strong> Saray\u0131, Masallardan f\u0131rlam\u0131\u015f atmosferi ile Fransa&#8217;da g\u00f6r\u00fclmesi gereken en \u00f6zel yerlerden biri olan <strong>Mont-Saint Michel<\/strong> Adas\u0131 ve \u00e7ok daha fazlas\u0131 sizleri bekliyor&#8230;<\/p>\n\n\n\n<figure class=\"wp-block-image aligncenter size-large\"><img decoding=\"async\" loading=\"lazy\" width=\"576\" height=\"1024\" src=\"https:\/\/istikametburasi.com\/wp-content\/uploads\/2023\/11\/Paris-siteRota-576x1024.png\" alt=\"\" class=\"wp-image-1682\" srcset=\"https:\/\/istikametburasi.com\/wp-content\/uploads\/2023\/11\/Paris-siteRota-576x1024.png 576w, https:\/\/istikametburasi.com\/wp-content\/uploads\/2023\/11\/Paris-siteRota-169x300.png 169w, https:\/\/istikametburasi.com\/wp-content\/uploads\/2023\/11\/Paris-siteRota-768x1365.png 768w, https:\/\/istikametburasi.com\/wp-content\/uploads\/2023\/11\/Paris-siteRota-864x1536.png 864w, https:\/\/istikametburasi.com\/wp-content\/uploads\/2023\/11\/Paris-siteRota.png 1080w\" sizes=\"(max-width: 576px) 100vw, 576px\" \/><\/figure>\n\n\n\n<figure class=\"wp-block-image aligncenter size-large\"><img decoding=\"async\" loading=\"lazy\" width=\"576\" height=\"1024\" src=\"https:\/\/istikametburasi.com\/wp-content\/uploads\/2023\/11\/Lille-siteRota-576x1024.png\" alt=\"\" class=\"wp-image-1683\" srcset=\"https:\/\/istikametburasi.com\/wp-content\/uploads\/2023\/11\/Lille-siteRota-576x1024.png 576w, https:\/\/istikametburasi.com\/wp-content\/uploads\/2023\/11\/Lille-siteRota-169x300.png 169w, https:\/\/istikametburasi.com\/wp-content\/uploads\/2023\/11\/Lille-siteRota-768x1365.png 768w, https:\/\/istikametburasi.com\/wp-content\/uploads\/2023\/11\/Lille-siteRota-864x1536.png 864w, https:\/\/istikametburasi.com\/wp-content\/uploads\/2023\/11\/Lille-siteRota.png 1080w\" sizes=\"(max-width: 576px) 100vw, 576px\" \/><\/figure>\n","protected":false},"excerpt":{"rendered":"<p>Tarihi, mimarisi ve yemekleri ile her gezginin mutlaka g\u00f6rmesi, ke\u015ffetmesi gereken \u00fclkelerin ba\u015f\u0131nda gelen Fransa \ud83c\uddeb\ud83c\uddf7 Gez gez bitmeyen Louvre<\/p>\n","protected":false},"author":1,"featured_media":0,"parent":0,"menu_order":0,"comment_status":"closed","ping_status":"closed","template":"","meta":{"om_disable_all_campaigns":false,"_mi_skip_tracking":false},"_links":{"self":[{"href":"https:\/\/istikametburasi.com\/index.php\/wp-json\/wp\/v2\/pages\/980"}],"collection":[{"href":"https:\/\/istikametburasi.com\/index.php\/wp-json\/wp\/v2\/pages"}],"about":[{"href":"https:\/\/istikametburasi.com\/index.php\/wp-json\/wp\/v2\/types\/page"}],"author":[{"embeddable":true,"href":"https:\/\/istikametburasi.com\/index.php\/wp-json\/wp\/v2\/users\/1"}],"replies":[{"embeddable":true,"href":"https:\/\/istikametburasi.com\/index.php\/wp-json\/wp\/v2\/comments?post=980"}],"version-history":[{"count":4,"href":"https:\/\/istikametburasi.com\/index.php\/wp-json\/wp\/v2\/pages\/980\/revisions"}],"predecessor-version":[{"id":1684,"href":"https:\/\/istikametburasi.com\/index.php\/wp-json\/wp\/v2\/pages\/980\/revisions\/1684"}],"wp:attachment":[{"href":"https:\/\/istikametburasi.com\/index.php\/wp-json\/wp\/v2\/media?parent=980"}],"curies":[{"name":"wp","href":"https:\/\/api.w.org\/{rel}","templated":true}]}}