{"id":984,"date":"2023-10-01T19:22:33","date_gmt":"2023-10-01T17:22:33","guid":{"rendered":"https:\/\/istikametburasi.com\/?page_id=984"},"modified":"2023-11-12T13:46:17","modified_gmt":"2023-11-12T11:46:17","slug":"slovenya-2","status":"publish","type":"page","link":"https:\/\/istikametburasi.com\/index.php\/slovenya-2\/","title":{"rendered":"SLOVENYA"},"content":{"rendered":"\n<p>Do\u011fas\u0131n\u0131n etkileyicili\u011fi, Avrupa&#8217;n\u0131n en ucuz \u00fclkelerinin ba\u015f\u0131nda gelmesi ve g\u00fcn\u00fcbirlik ba\u015fkenti ile bilinen Slovenya \ud83c\uddf8\ud83c\uddee<\/p>\n\n\n\n<p>Tek g\u00fcnden k\u0131sa s\u00fcrede gezebilece\u011finiz ba\u015fkent <strong>Ljubljana<\/strong>, Mistik atmosferi ile mutlaka zaman ay\u0131rman\u0131z gereken <strong>Bled<\/strong> (Bled G\u00f6l\u00fc), Da\u011flarda bulunan ve ke\u015ffedilmeyi beklenen k\u00fc\u00e7\u00fck kasabalar, tarihi yap\u0131lar ve daha bir\u00e7ok g\u00fczellik sizi bekliyor&#8230;<\/p>\n\n\n\n<figure class=\"wp-block-image aligncenter size-large\"><img decoding=\"async\" loading=\"lazy\" width=\"576\" height=\"1024\" src=\"https:\/\/istikametburasi.com\/wp-content\/uploads\/2023\/11\/Ljubljana-siteRota-576x1024.png\" alt=\"\" class=\"wp-image-1680\" srcset=\"https:\/\/istikametburasi.com\/wp-content\/uploads\/2023\/11\/Ljubljana-siteRota-576x1024.png 576w, https:\/\/istikametburasi.com\/wp-content\/uploads\/2023\/11\/Ljubljana-siteRota-169x300.png 169w, https:\/\/istikametburasi.com\/wp-content\/uploads\/2023\/11\/Ljubljana-siteRota-768x1365.png 768w, https:\/\/istikametburasi.com\/wp-content\/uploads\/2023\/11\/Ljubljana-siteRota-864x1536.png 864w, https:\/\/istikametburasi.com\/wp-content\/uploads\/2023\/11\/Ljubljana-siteRota.png 1080w\" sizes=\"(max-width: 576px) 100vw, 576px\" \/><\/figure>\n","protected":false},"excerpt":{"rendered":"<p>Do\u011fas\u0131n\u0131n etkileyicili\u011fi, Avrupa&#8217;n\u0131n en ucuz \u00fclkelerinin ba\u015f\u0131nda gelmesi ve g\u00fcn\u00fcbirlik ba\u015fkenti ile bilinen Slovenya \ud83c\uddf8\ud83c\uddee Tek g\u00fcnden k\u0131sa s\u00fcrede gezebilece\u011finiz<\/p>\n","protected":false},"author":1,"featured_media":0,"parent":0,"menu_order":0,"comment_status":"closed","ping_status":"closed","template":"","meta":{"om_disable_all_campaigns":false,"_mi_skip_tracking":false},"_links":{"self":[{"href":"https:\/\/istikametburasi.com\/index.php\/wp-json\/wp\/v2\/pages\/984"}],"collection":[{"href":"https:\/\/istikametburasi.com\/index.php\/wp-json\/wp\/v2\/pages"}],"about":[{"href":"https:\/\/istikametburasi.com\/index.php\/wp-json\/wp\/v2\/types\/page"}],"author":[{"embeddable":true,"href":"https:\/\/istikametburasi.com\/index.php\/wp-json\/wp\/v2\/users\/1"}],"replies":[{"embeddable":true,"href":"https:\/\/istikametburasi.com\/index.php\/wp-json\/wp\/v2\/comments?post=984"}],"version-history":[{"count":4,"href":"https:\/\/istikametburasi.com\/index.php\/wp-json\/wp\/v2\/pages\/984\/revisions"}],"predecessor-version":[{"id":1681,"href":"https:\/\/istikametburasi.com\/index.php\/wp-json\/wp\/v2\/pages\/984\/revisions\/1681"}],"wp:attachment":[{"href":"https:\/\/istikametburasi.com\/index.php\/wp-json\/wp\/v2\/media?parent=984"}],"curies":[{"name":"wp","href":"https:\/\/api.w.org\/{rel}","templated":true}]}}